{"id":11141,"date":"2023-03-09T12:00:25","date_gmt":"2023-03-09T15:00:25","guid":{"rendered":"https:\/\/www.taller-palabras.com\/WordPress_04\/?post_type=product&#038;p=11141"},"modified":"2025-02-07T12:06:13","modified_gmt":"2025-02-07T15:06:13","slug":"demian-hermann-hesse-ebook","status":"publish","type":"product","link":"https:\/\/www.taller-palabras.com\/WordPress_04\/producto\/demian-hermann-hesse-ebook","title":{"rendered":"Demian &#8211; Hermann Hesse \/ebook"},"content":{"rendered":"<figure id=\"attachment_9325\" aria-describedby=\"caption-attachment-9325\" style=\"width: 150px\" class=\"wp-caption alignleft\"><img loading=\"lazy\" decoding=\"async\" class=\"wp-image-9325 size-thumbnail\" src=\"https:\/\/www.taller-palabras.com\/WordPress_04\/wp-content\/uploads\/2024\/03\/hermann-Hesse-150x150.jpg\" alt=\"\" width=\"150\" height=\"150\" srcset=\"https:\/\/www.taller-palabras.com\/WordPress_04\/wp-content\/uploads\/2024\/03\/hermann-Hesse-150x150.jpg 150w, https:\/\/www.taller-palabras.com\/WordPress_04\/wp-content\/uploads\/2024\/03\/hermann-Hesse-100x100.jpg 100w, https:\/\/www.taller-palabras.com\/WordPress_04\/wp-content\/uploads\/2024\/03\/hermann-Hesse.jpg 198w\" sizes=\"auto, (max-width: 150px) 100vw, 150px\" \/><figcaption id=\"caption-attachment-9325\" class=\"wp-caption-text\">Autor Hermann Hesse<\/figcaption><\/figure>\n<p>La historia de la juventud de Emil Sinclair, es una novela que relata la ni\u00f1ez hasta la madurez de este complicado personaje del escritor alem\u00e1n Hermann Hesse. La obra fue publicada por vez primera en 1919. En esta Emil Sinclair es un ni\u00f1o que ha vivido toda su vida en lo que el llama el Scheinwelt (mundo de ensue\u00f1o o mundo de la luz), pero una mentira lo lleva a ampliar sus visiones del mundo y a conocer un personaje enigm\u00e1tico de nombre Max Demian que lo llevar\u00e1 por los senderos del auto-razonamiento destruyendo paradigmas materialistas que antes le rodeaban. La novela refiere y utiliza conceptos del Gnosticismo, particularmente el demiurgo (entidad que, sin ser creadora, es impulsora del universo imprimiendole movimiento) Abraxas, mientras muestra la influencia del sistema de psicoan\u00e1lisis de Carl Jung.<\/p>\n","protected":false},"excerpt":{"rendered":"<p>La historia de la juventud de Emil Sinclair, es una novela que relata la ni\u00f1ez hasta la madurez de este complicado personaje del escritor alem\u00e1n Hermann Hesse. La obra fue publicada por vez primera en 1919. En esta Emil Sinclair es un ni\u00f1o que ha vivido toda su vida en lo que el llama el [&hellip;]<\/p>\n","protected":false},"featured_media":11144,"template":"","meta":[],"product_brand":[],"product_cat":[25],"product_tag":[1471,1181,1277,225],"class_list":{"0":"post-11141","1":"product","2":"type-product","3":"status-publish","4":"has-post-thumbnail","6":"product_cat-libros-digitales-ebooks","7":"product_tag-demian","8":"product_tag-descargar-ebooks","9":"product_tag-hermann-hesse","10":"product_tag-mejores-novelas","12":"first","13":"instock","14":"shipping-taxable","15":"purchasable","16":"product-type-variable","17":"has-default-attributes"},"_links":{"self":[{"href":"https:\/\/www.taller-palabras.com\/WordPress_04\/wp-json\/wp\/v2\/product\/11141","targetHints":{"allow":["GET"]}}],"collection":[{"href":"https:\/\/www.taller-palabras.com\/WordPress_04\/wp-json\/wp\/v2\/product"}],"about":[{"href":"https:\/\/www.taller-palabras.com\/WordPress_04\/wp-json\/wp\/v2\/types\/product"}],"wp:featuredmedia":[{"embeddable":true,"href":"https:\/\/www.taller-palabras.com\/WordPress_04\/wp-json\/wp\/v2\/media\/11144"}],"wp:attachment":[{"href":"https:\/\/www.taller-palabras.com\/WordPress_04\/wp-json\/wp\/v2\/media?parent=11141"}],"wp:term":[{"taxonomy":"product_brand","embeddable":true,"href":"https:\/\/www.taller-palabras.com\/WordPress_04\/wp-json\/wp\/v2\/product_brand?post=11141"},{"taxonomy":"product_cat","embeddable":true,"href":"https:\/\/www.taller-palabras.com\/WordPress_04\/wp-json\/wp\/v2\/product_cat?post=11141"},{"taxonomy":"product_tag","embeddable":true,"href":"https:\/\/www.taller-palabras.com\/WordPress_04\/wp-json\/wp\/v2\/product_tag?post=11141"}],"curies":[{"name":"wp","href":"https:\/\/api.w.org\/{rel}","templated":true}]}}