{"id":11180,"date":"2018-10-08T12:39:33","date_gmt":"2018-10-08T15:39:33","guid":{"rendered":"https:\/\/www.taller-palabras.com\/WordPress_04\/?post_type=product&#038;p=11180"},"modified":"2025-02-16T12:06:14","modified_gmt":"2025-02-16T15:06:14","slug":"el-cuarto-arcano-2o-parte-el-puerto-de-las-tormentas-florencia-bonelli-ebook","status":"publish","type":"product","link":"https:\/\/www.taller-palabras.com\/WordPress_04\/producto\/el-cuarto-arcano-2o-parte-el-puerto-de-las-tormentas-florencia-bonelli-ebook","title":{"rendered":"El cuarto arcano 2\u00ba parte &#8211; El puerto de las tormentas &#8211; Florencia Bonelli \/ebook"},"content":{"rendered":"<figure id=\"attachment_133\" aria-describedby=\"caption-attachment-133\" style=\"width: 150px\" class=\"wp-caption alignleft\"><img loading=\"lazy\" decoding=\"async\" class=\"wp-image-133 size-thumbnail\" src=\"https:\/\/www.taller-palabras.com\/WordPress_04\/wp-content\/uploads\/2018\/10\/florencia-bonelli-150x150.jpg\" alt=\"\" width=\"150\" height=\"150\" srcset=\"https:\/\/www.taller-palabras.com\/WordPress_04\/wp-content\/uploads\/2018\/10\/florencia-bonelli-150x150.jpg 150w, https:\/\/www.taller-palabras.com\/WordPress_04\/wp-content\/uploads\/2018\/10\/florencia-bonelli-324x324.jpg 324w, https:\/\/www.taller-palabras.com\/WordPress_04\/wp-content\/uploads\/2018\/10\/florencia-bonelli-100x100.jpg 100w\" sizes=\"auto, (max-width: 150px) 100vw, 150px\" \/><figcaption id=\"caption-attachment-133\" class=\"wp-caption-text\">Autora Florencia Bonelli<\/figcaption><\/figure>\n<p>Rio de Janeiro, 1806 Despu\u00e9s de abandonar Buenos Aires, Roger Blackraven llega a las costas brasile\u00f1as con sus primos, los hijos de Luis XVI y Maria Antonieta, a los que intenta proteger. Buenos Aires ya no es un lugar seguro para ellos. All\u00ed se reencuentra con sus viejos camaradas de aventuras: el jesuita Malagrida y el portugu\u00e9s Adriano T\u00e1vora, siempre listos para ayudarlo en situaciones dif\u00edciles. Corren tiempos agitados. Los ingleses, al mando del general Beresford, preparan la invasi\u00f3n a Buenos Aires y a Montevideo. Debido al bloqueo de los puertos europeos por parte de Napole\u00f3n, Inglaterra debe hacerse con nuevos mercados para colocar sus productos. Por eso, los ingleses ponen sus ojos en el Virreinato del R\u00edo de la Plata. La promesa de enormes riquezas los dispone a todo. Nuevos personajes y nuevos escenarios acompa\u00f1an las aventuras del Capit\u00e1n Black desde las costas americanas hasta la vieja Europa. El puerto de las tormentas, que culmina la historia de Roger y Melody, es una novela repleta de acci\u00f3n: conspiraciones, asesinatos y abordajes en alta mar hacen de su lectura una experiencia casi cinematogr\u00e1fica, y sit\u00faa a Florencia Bonelli en la cima de su poder narrativo.<\/p>\n","protected":false},"excerpt":{"rendered":"<p>Rio de Janeiro, 1806 Despu\u00e9s de abandonar Buenos Aires, Roger Blackraven llega a las costas brasile\u00f1as con sus primos, los hijos de Luis XVI y Maria Antonieta, a los que intenta proteger. Buenos Aires ya no es un lugar seguro para ellos. All\u00ed se reencuentra con sus viejos camaradas de aventuras: el jesuita Malagrida y [&hellip;]<\/p>\n","protected":false},"featured_media":11183,"template":"","meta":[],"product_brand":[],"product_cat":[25],"product_tag":[54,1474,60,43],"class_list":{"0":"post-11180","1":"product","2":"type-product","3":"status-publish","4":"has-post-thumbnail","6":"product_cat-libros-digitales-ebooks","7":"product_tag-descargar-ebook","8":"product_tag-el-puerto-de-las-tormentas","9":"product_tag-florencia-bonelli","10":"product_tag-novelas-romanticas","12":"first","13":"instock","14":"shipping-taxable","15":"purchasable","16":"product-type-variable","17":"has-default-attributes"},"_links":{"self":[{"href":"https:\/\/www.taller-palabras.com\/WordPress_04\/wp-json\/wp\/v2\/product\/11180","targetHints":{"allow":["GET"]}}],"collection":[{"href":"https:\/\/www.taller-palabras.com\/WordPress_04\/wp-json\/wp\/v2\/product"}],"about":[{"href":"https:\/\/www.taller-palabras.com\/WordPress_04\/wp-json\/wp\/v2\/types\/product"}],"wp:featuredmedia":[{"embeddable":true,"href":"https:\/\/www.taller-palabras.com\/WordPress_04\/wp-json\/wp\/v2\/media\/11183"}],"wp:attachment":[{"href":"https:\/\/www.taller-palabras.com\/WordPress_04\/wp-json\/wp\/v2\/media?parent=11180"}],"wp:term":[{"taxonomy":"product_brand","embeddable":true,"href":"https:\/\/www.taller-palabras.com\/WordPress_04\/wp-json\/wp\/v2\/product_brand?post=11180"},{"taxonomy":"product_cat","embeddable":true,"href":"https:\/\/www.taller-palabras.com\/WordPress_04\/wp-json\/wp\/v2\/product_cat?post=11180"},{"taxonomy":"product_tag","embeddable":true,"href":"https:\/\/www.taller-palabras.com\/WordPress_04\/wp-json\/wp\/v2\/product_tag?post=11180"}],"curies":[{"name":"wp","href":"https:\/\/api.w.org\/{rel}","templated":true}]}}