{"id":11232,"date":"2022-12-31T13:10:50","date_gmt":"2022-12-31T16:10:50","guid":{"rendered":"https:\/\/www.taller-palabras.com\/WordPress_04\/?post_type=product&#038;p=11232"},"modified":"2025-03-09T10:45:48","modified_gmt":"2025-03-09T13:45:48","slug":"que-es-la-literatura-jean-paul-sartre-ebook","status":"publish","type":"product","link":"https:\/\/www.taller-palabras.com\/WordPress_04\/producto\/que-es-la-literatura-jean-paul-sartre-ebook","title":{"rendered":"Qu\u00e9 es la Literatura &#8211;  Jean Paul Sartre \/ebook"},"content":{"rendered":"<figure id=\"attachment_6558\" aria-describedby=\"caption-attachment-6558\" style=\"width: 150px\" class=\"wp-caption alignleft\"><img loading=\"lazy\" decoding=\"async\" class=\"wp-image-6558 size-thumbnail\" src=\"https:\/\/www.taller-palabras.com\/WordPress_04\/wp-content\/uploads\/2022\/12\/Jean-Paul-Sartre-150x150.jpg\" alt=\"\" width=\"150\" height=\"150\" srcset=\"https:\/\/www.taller-palabras.com\/WordPress_04\/wp-content\/uploads\/2022\/12\/Jean-Paul-Sartre-150x150.jpg 150w, https:\/\/www.taller-palabras.com\/WordPress_04\/wp-content\/uploads\/2022\/12\/Jean-Paul-Sartre-100x100.jpg 100w\" sizes=\"auto, (max-width: 150px) 100vw, 150px\" \/><figcaption id=\"caption-attachment-6558\" class=\"wp-caption-text\">Autor Jean-Paul Sartre<\/figcaption><\/figure>\n<p>Parece innecesario destacar la significaci\u00f3n cardinal de la doctrina filos\u00f3fica, si no ideada por Jean-Paul Sartre (1905-1980), si llevada por \u00e9l a su punto de concreci\u00f3n y de expresi\u00f3n literaria m\u00e1s alto. Quienes hayan le\u00eddo sus libros imaginativos &#8211; es decir, todos los lectores interesados por el existencialismo, tendencia arquet\u00edpica del siglo XX-, sentir\u00e1n asimismo la necesidad de completar su visi\u00f3n de los problemas que Sartre plantea y remueve, leyendo las p\u00e1ginas de \u00bfqu\u00e9 es la literatura? Desdoblada en tres preguntas: \u00bfqu\u00e9 escribir?, \u00bfpor qu\u00e9 escribir?, \u00bfpara qui\u00e9n se escribe? Sartre expone claramente los m\u00faltiples aspectos de la doctrina del compromiso que tantos comentarios y discusiones suscit\u00f3. Escrito con una vibraci\u00f3n singular y un tono pol\u00e9mico muy vivo, la lectura de este libro resulta apasionante.<\/p>\n","protected":false},"excerpt":{"rendered":"<p>Parece innecesario destacar la significaci\u00f3n cardinal de la doctrina filos\u00f3fica, si no ideada por Jean-Paul Sartre (1905-1980), si llevada por \u00e9l a su punto de concreci\u00f3n y de expresi\u00f3n literaria m\u00e1s alto. Quienes hayan le\u00eddo sus libros imaginativos &#8211; es decir, todos los lectores interesados por el existencialismo, tendencia arquet\u00edpica del siglo XX-, sentir\u00e1n asimismo [&hellip;]<\/p>\n","protected":false},"featured_media":11237,"template":"","meta":[],"product_brand":[],"product_cat":[25],"product_tag":[54,967,45,1481],"class_list":{"0":"post-11232","1":"product","2":"type-product","3":"status-publish","4":"has-post-thumbnail","6":"product_cat-libros-digitales-ebooks","7":"product_tag-descargar-ebook","8":"product_tag-jean-paul-sartre","9":"product_tag-mejor-novela","10":"product_tag-que-es-la-literatura","12":"first","13":"instock","14":"shipping-taxable","15":"purchasable","16":"product-type-variable","17":"has-default-attributes"},"_links":{"self":[{"href":"https:\/\/www.taller-palabras.com\/WordPress_04\/wp-json\/wp\/v2\/product\/11232","targetHints":{"allow":["GET"]}}],"collection":[{"href":"https:\/\/www.taller-palabras.com\/WordPress_04\/wp-json\/wp\/v2\/product"}],"about":[{"href":"https:\/\/www.taller-palabras.com\/WordPress_04\/wp-json\/wp\/v2\/types\/product"}],"wp:featuredmedia":[{"embeddable":true,"href":"https:\/\/www.taller-palabras.com\/WordPress_04\/wp-json\/wp\/v2\/media\/11237"}],"wp:attachment":[{"href":"https:\/\/www.taller-palabras.com\/WordPress_04\/wp-json\/wp\/v2\/media?parent=11232"}],"wp:term":[{"taxonomy":"product_brand","embeddable":true,"href":"https:\/\/www.taller-palabras.com\/WordPress_04\/wp-json\/wp\/v2\/product_brand?post=11232"},{"taxonomy":"product_cat","embeddable":true,"href":"https:\/\/www.taller-palabras.com\/WordPress_04\/wp-json\/wp\/v2\/product_cat?post=11232"},{"taxonomy":"product_tag","embeddable":true,"href":"https:\/\/www.taller-palabras.com\/WordPress_04\/wp-json\/wp\/v2\/product_tag?post=11232"}],"curies":[{"name":"wp","href":"https:\/\/api.w.org\/{rel}","templated":true}]}}