{"id":11238,"date":"2022-10-16T16:35:38","date_gmt":"2022-10-16T19:35:38","guid":{"rendered":"https:\/\/www.taller-palabras.com\/WordPress_04\/?post_type=product&#038;p=11238"},"modified":"2025-03-09T13:41:15","modified_gmt":"2025-03-09T16:41:15","slug":"pases-magicos-carlos-castaneda-ebook","status":"publish","type":"product","link":"https:\/\/www.taller-palabras.com\/WordPress_04\/producto\/pases-magicos-carlos-castaneda-ebook","title":{"rendered":"Pases m\u00e1gicos &#8211; Carlos Castaneda \/ebook"},"content":{"rendered":"<figure id=\"attachment_10760\" aria-describedby=\"caption-attachment-10760\" style=\"width: 150px\" class=\"wp-caption alignleft\"><img loading=\"lazy\" decoding=\"async\" class=\"wp-image-10760 size-thumbnail\" src=\"https:\/\/www.taller-palabras.com\/WordPress_04\/wp-content\/uploads\/2024\/10\/Carlos-Castaneda-150x150.jpg\" alt=\"\" width=\"150\" height=\"150\" srcset=\"https:\/\/www.taller-palabras.com\/WordPress_04\/wp-content\/uploads\/2024\/10\/Carlos-Castaneda-150x150.jpg 150w, https:\/\/www.taller-palabras.com\/WordPress_04\/wp-content\/uploads\/2024\/10\/Carlos-Castaneda-100x100.jpg 100w, https:\/\/www.taller-palabras.com\/WordPress_04\/wp-content\/uploads\/2024\/10\/Carlos-Castaneda.jpg 220w\" sizes=\"auto, (max-width: 150px) 100vw, 150px\" \/><figcaption id=\"caption-attachment-10760\" class=\"wp-caption-text\">Autor Carlos Castaneda<\/figcaption><\/figure>\n<p>Pases m\u00e1gicos constituye un salto cualitativo revolucionario en las ense\u00f1anzas de don Juan Matus. Los chamanes del antiguo M\u00e9xico descubrieron la configuraci\u00f3n de estos movimientos en sue\u00f1os y los llamaron \u00abpases m\u00e1gicos\u00bb, en raz\u00f3n de su efecto visible sobre la psique del hombre. A dichas configuraciones de movimientos el autor las ha bautizado con el nombre de Tensegridad. Este vocablo proviene del lenguaje de la arquitectura y designa \u00abla propiedad de los armazones que utilizan miembros de tensi\u00f3n continua y miembros de compresi\u00f3n discontinua de tal modo que cada uno opera con el m\u00e1ximo de eficacia y econom\u00eda\u00bb. A diferencia de sus libros anteriores, Pases m\u00e1gicos, de Carlos Castaneda, proporciona las bases para entender y aplicar las configuraciones de movimientos heredadas de los chamanes del antiguo M\u00e9xico. Esta obra contiene la versi\u00f3n actualizada de miles de movimientos que llegaron a don Juan Matus a trav\u00e9s de veintisiete generaciones de brujos. Castaneda ha optado por usar los pases m\u00e1gicos y ense\u00f1arlos a quien desee aprenderlos, enriqueci\u00e9ndolos con descripciones completas, fotograf\u00edas y explicaciones acerca de cada movimiento.<\/p>\n","protected":false},"excerpt":{"rendered":"<p>Pases m\u00e1gicos constituye un salto cualitativo revolucionario en las ense\u00f1anzas de don Juan Matus. Los chamanes del antiguo M\u00e9xico descubrieron la configuraci\u00f3n de estos movimientos en sue\u00f1os y los llamaron \u00abpases m\u00e1gicos\u00bb, en raz\u00f3n de su efecto visible sobre la psique del hombre. A dichas configuraciones de movimientos el autor las ha bautizado con el [&hellip;]<\/p>\n","protected":false},"featured_media":11241,"template":"","meta":[],"product_brand":[],"product_cat":[25,47],"product_tag":[1418,54,1184,1482],"class_list":{"0":"post-11238","1":"product","2":"type-product","3":"status-publish","4":"has-post-thumbnail","6":"product_cat-libros-digitales-ebooks","7":"product_cat-libros-digitales-sagas","8":"product_tag-carlos-castaneda","9":"product_tag-descargar-ebook","10":"product_tag-mejor-novelas","11":"product_tag-pases-magicos","13":"first","14":"instock","15":"shipping-taxable","16":"purchasable","17":"product-type-variable","18":"has-default-attributes"},"_links":{"self":[{"href":"https:\/\/www.taller-palabras.com\/WordPress_04\/wp-json\/wp\/v2\/product\/11238","targetHints":{"allow":["GET"]}}],"collection":[{"href":"https:\/\/www.taller-palabras.com\/WordPress_04\/wp-json\/wp\/v2\/product"}],"about":[{"href":"https:\/\/www.taller-palabras.com\/WordPress_04\/wp-json\/wp\/v2\/types\/product"}],"wp:featuredmedia":[{"embeddable":true,"href":"https:\/\/www.taller-palabras.com\/WordPress_04\/wp-json\/wp\/v2\/media\/11241"}],"wp:attachment":[{"href":"https:\/\/www.taller-palabras.com\/WordPress_04\/wp-json\/wp\/v2\/media?parent=11238"}],"wp:term":[{"taxonomy":"product_brand","embeddable":true,"href":"https:\/\/www.taller-palabras.com\/WordPress_04\/wp-json\/wp\/v2\/product_brand?post=11238"},{"taxonomy":"product_cat","embeddable":true,"href":"https:\/\/www.taller-palabras.com\/WordPress_04\/wp-json\/wp\/v2\/product_cat?post=11238"},{"taxonomy":"product_tag","embeddable":true,"href":"https:\/\/www.taller-palabras.com\/WordPress_04\/wp-json\/wp\/v2\/product_tag?post=11238"}],"curies":[{"name":"wp","href":"https:\/\/api.w.org\/{rel}","templated":true}]}}