{"id":11283,"date":"2021-08-01T12:14:43","date_gmt":"2021-08-01T15:14:43","guid":{"rendered":"https:\/\/www.taller-palabras.com\/WordPress_04\/?post_type=product&#038;p=11283"},"modified":"2025-03-23T12:36:09","modified_gmt":"2025-03-23T15:36:09","slug":"hamlet-principe-de-dinamarca-william-shakespeare-ebook","status":"publish","type":"product","link":"https:\/\/www.taller-palabras.com\/WordPress_04\/producto\/hamlet-principe-de-dinamarca-william-shakespeare-ebook","title":{"rendered":"Hamlet, Pr\u00edncipe de Dinamarca &#8211; William Shakespeare\/ ebook"},"content":{"rendered":"<figure id=\"attachment_4083\" aria-describedby=\"caption-attachment-4083\" style=\"width: 150px\" class=\"wp-caption alignleft\"><img loading=\"lazy\" decoding=\"async\" class=\"wp-image-4083 size-thumbnail\" src=\"https:\/\/www.taller-palabras.com\/WordPress_04\/wp-content\/uploads\/2021\/08\/WilliamS-150x150.jpg\" alt=\"\" width=\"150\" height=\"150\" srcset=\"https:\/\/www.taller-palabras.com\/WordPress_04\/wp-content\/uploads\/2021\/08\/WilliamS-150x150.jpg 150w, https:\/\/www.taller-palabras.com\/WordPress_04\/wp-content\/uploads\/2021\/08\/WilliamS-100x100.jpg 100w\" sizes=\"auto, (max-width: 150px) 100vw, 150px\" \/><figcaption id=\"caption-attachment-4083\" class=\"wp-caption-text\">Autor William Shakespeare<\/figcaption><\/figure>\n<p>Obra en la que el genio de William Shakespeare brilla con especial fuerza. La tragedia de Hamlet traza el admirable retrato de un legendario pr\u00edncipe de Dinamarca so\u00f1ador y contemplativo, sumido en dudas e irresoluciones, que, obligado a esclarecer los motivos que llevaron a la muerte de su padre, sucumbe ante la fatalidad de las circunstancias. Poblada por una abundante y compleja galer\u00eda de personajes secundarios, la obra ha gozado de una constante vigencia a lo largo del tiempo, que ha hecho que se incorporen al lenguaje com\u00fan numerosas expresiones de la obra (\u00abser o no ser\u00bb, \u00abpalabras, palabras, palabras\u00bb, \u00ablo dem\u00e1s es silencio\u00bb) que han llegado a hacerse emblem\u00e1ticas. La ambig\u00fcedad, la ambivalencia y la desorientaci\u00f3n del protagonista lo aproximan notablemente, por otro lado, a la sensibilidad de nuestra \u00e9poca.<\/p>\n","protected":false},"excerpt":{"rendered":"<p>Obra en la que el genio de William Shakespeare brilla con especial fuerza. La tragedia de Hamlet traza el admirable retrato de un legendario pr\u00edncipe de Dinamarca so\u00f1ador y contemplativo, sumido en dudas e irresoluciones, que, obligado a esclarecer los motivos que llevaron a la muerte de su padre, sucumbe ante la fatalidad de las [&hellip;]<\/p>\n","protected":false},"featured_media":11264,"template":"","meta":[],"product_brand":[],"product_cat":[25],"product_tag":[136,1489,55,522],"class_list":{"0":"post-11283","1":"product","2":"type-product","3":"status-publish","4":"has-post-thumbnail","6":"product_cat-libros-digitales-ebooks","7":"product_tag-decargar-ebook","8":"product_tag-hamlet","9":"product_tag-novelas","10":"product_tag-william-shakespeare","12":"first","13":"instock","14":"shipping-taxable","15":"purchasable","16":"product-type-variable","17":"has-default-attributes"},"_links":{"self":[{"href":"https:\/\/www.taller-palabras.com\/WordPress_04\/wp-json\/wp\/v2\/product\/11283","targetHints":{"allow":["GET"]}}],"collection":[{"href":"https:\/\/www.taller-palabras.com\/WordPress_04\/wp-json\/wp\/v2\/product"}],"about":[{"href":"https:\/\/www.taller-palabras.com\/WordPress_04\/wp-json\/wp\/v2\/types\/product"}],"wp:featuredmedia":[{"embeddable":true,"href":"https:\/\/www.taller-palabras.com\/WordPress_04\/wp-json\/wp\/v2\/media\/11264"}],"wp:attachment":[{"href":"https:\/\/www.taller-palabras.com\/WordPress_04\/wp-json\/wp\/v2\/media?parent=11283"}],"wp:term":[{"taxonomy":"product_brand","embeddable":true,"href":"https:\/\/www.taller-palabras.com\/WordPress_04\/wp-json\/wp\/v2\/product_brand?post=11283"},{"taxonomy":"product_cat","embeddable":true,"href":"https:\/\/www.taller-palabras.com\/WordPress_04\/wp-json\/wp\/v2\/product_cat?post=11283"},{"taxonomy":"product_tag","embeddable":true,"href":"https:\/\/www.taller-palabras.com\/WordPress_04\/wp-json\/wp\/v2\/product_tag?post=11283"}],"curies":[{"name":"wp","href":"https:\/\/api.w.org\/{rel}","templated":true}]}}