{"id":11286,"date":"2025-03-23T12:37:44","date_gmt":"2025-03-23T15:37:44","guid":{"rendered":"https:\/\/www.taller-palabras.com\/WordPress_04\/?post_type=product&#038;p=11286"},"modified":"2026-03-31T12:19:08","modified_gmt":"2026-03-31T15:19:08","slug":"yo-el-supremo-augusto-roa-bastos-ebook","status":"publish","type":"product","link":"https:\/\/www.taller-palabras.com\/WordPress_04\/producto\/yo-el-supremo-augusto-roa-bastos-ebook","title":{"rendered":"Yo el Supremo &#8211; Augusto Roa Bastos  \/ebook"},"content":{"rendered":"<figure id=\"attachment_11271\" aria-describedby=\"caption-attachment-11271\" style=\"width: 150px\" class=\"wp-caption alignleft\"><img loading=\"lazy\" decoding=\"async\" class=\"wp-image-11271 size-thumbnail\" src=\"https:\/\/www.taller-palabras.com\/WordPress_04\/wp-content\/uploads\/2025\/03\/augustoRBastos-150x150.png\" alt=\"\" width=\"150\" height=\"150\" srcset=\"https:\/\/www.taller-palabras.com\/WordPress_04\/wp-content\/uploads\/2025\/03\/augustoRBastos-150x150.png 150w, https:\/\/www.taller-palabras.com\/WordPress_04\/wp-content\/uploads\/2025\/03\/augustoRBastos-100x100.png 100w, https:\/\/www.taller-palabras.com\/WordPress_04\/wp-content\/uploads\/2025\/03\/augustoRBastos.png 283w\" sizes=\"auto, (max-width: 150px) 100vw, 150px\" \/><figcaption id=\"caption-attachment-11271\" class=\"wp-caption-text\">Autor Augusto Roa Bastos<\/figcaption><\/figure>\n<p>\u00abYo el Supremo Dictador de la Rep\u00fablica: Ordeno que al acaecer mi muerte mi cad\u00e1ver sea decapitado; la cabeza puesta en una pica por tres d\u00edas en la Plaza de la Rep\u00fablica donde se convocar\u00e1 al pueblo al son de las campanas echadas al vuelo. Todos mis servidores civiles y militares sufrir\u00e1n pena de horca. Sus cad\u00e1veres ser\u00e1n enterrados en potreros de extramuros sin cruz ni marca que memore sus nombres\u00bb. Esa inscripci\u00f3n garabateada sorprende una ma\u00f1ana a los secuaces del dictador, que corren prestos a eliminarla de la vida de los aterrados s\u00fabditos del patriarca. As\u00ed arranca una de las grandes novela de la literatura en castellano de este siglo: Yo el Supremo, de Augusto Roa Bastos, Premio Cervantes 1989. La obra no es s\u00f3lo un extraordinario ejercicio de gran profundidad narrativa sino tambi\u00e9n un testimonio escalofriante sobre uno de los peores males contempor\u00e1neos: la dictadura. El d\u00e9spota solitario que reina sobre Paraguay es, en la obra de Roa, el argumento para describir una figura despiadada que es asimismo met\u00e1fora de la biograf\u00eda de Am\u00e9rica Latina.<\/p>\n","protected":false},"excerpt":{"rendered":"<p>\u00abYo el Supremo Dictador de la Rep\u00fablica: Ordeno que al acaecer mi muerte mi cad\u00e1ver sea decapitado; la cabeza puesta en una pica por tres d\u00edas en la Plaza de la Rep\u00fablica donde se convocar\u00e1 al pueblo al son de las campanas echadas al vuelo. Todos mis servidores civiles y militares sufrir\u00e1n pena de horca. [&hellip;]<\/p>\n","protected":false},"featured_media":11266,"template":"","meta":[],"product_brand":[1706],"product_cat":[25],"product_tag":[1490,54,1184,1491],"class_list":{"0":"post-11286","1":"product","2":"type-product","3":"status-publish","4":"has-post-thumbnail","6":"product_brand-grupo1","7":"product_cat-libros-digitales-ebooks","8":"product_tag-augusto-roa-bastos","9":"product_tag-descargar-ebook","10":"product_tag-mejor-novelas","11":"product_tag-yo-el-supremo","13":"first","14":"instock","15":"shipping-taxable","16":"purchasable","17":"product-type-variable","18":"has-default-attributes"},"_links":{"self":[{"href":"https:\/\/www.taller-palabras.com\/WordPress_04\/wp-json\/wp\/v2\/product\/11286","targetHints":{"allow":["GET"]}}],"collection":[{"href":"https:\/\/www.taller-palabras.com\/WordPress_04\/wp-json\/wp\/v2\/product"}],"about":[{"href":"https:\/\/www.taller-palabras.com\/WordPress_04\/wp-json\/wp\/v2\/types\/product"}],"wp:featuredmedia":[{"embeddable":true,"href":"https:\/\/www.taller-palabras.com\/WordPress_04\/wp-json\/wp\/v2\/media\/11266"}],"wp:attachment":[{"href":"https:\/\/www.taller-palabras.com\/WordPress_04\/wp-json\/wp\/v2\/media?parent=11286"}],"wp:term":[{"taxonomy":"product_brand","embeddable":true,"href":"https:\/\/www.taller-palabras.com\/WordPress_04\/wp-json\/wp\/v2\/product_brand?post=11286"},{"taxonomy":"product_cat","embeddable":true,"href":"https:\/\/www.taller-palabras.com\/WordPress_04\/wp-json\/wp\/v2\/product_cat?post=11286"},{"taxonomy":"product_tag","embeddable":true,"href":"https:\/\/www.taller-palabras.com\/WordPress_04\/wp-json\/wp\/v2\/product_tag?post=11286"}],"curies":[{"name":"wp","href":"https:\/\/api.w.org\/{rel}","templated":true}]}}