{"id":11289,"date":"2019-03-29T10:11:36","date_gmt":"2019-03-29T13:11:36","guid":{"rendered":"https:\/\/www.taller-palabras.com\/WordPress_04\/?post_type=product&#038;p=11289"},"modified":"2025-03-27T13:45:57","modified_gmt":"2025-03-27T16:45:57","slug":"otono-azteca-2-gary-jennings-ebook","status":"publish","type":"product","link":"https:\/\/www.taller-palabras.com\/WordPress_04\/producto\/otono-azteca-2-gary-jennings-ebook","title":{"rendered":"Saga: Oto\u00f1o Azteca (2) &#8211; Gary Jennings  \/ebook"},"content":{"rendered":"<figure id=\"attachment_482\" aria-describedby=\"caption-attachment-482\" style=\"width: 150px\" class=\"wp-caption alignleft\"><img loading=\"lazy\" decoding=\"async\" class=\"wp-image-482 size-thumbnail\" src=\"https:\/\/www.taller-palabras.com\/WordPress_04\/wp-content\/uploads\/2019\/03\/Jennings_Gary-150x150.jpeg\" alt=\"\" width=\"150\" height=\"150\" srcset=\"https:\/\/www.taller-palabras.com\/WordPress_04\/wp-content\/uploads\/2019\/03\/Jennings_Gary-150x150.jpeg 150w, https:\/\/www.taller-palabras.com\/WordPress_04\/wp-content\/uploads\/2019\/03\/Jennings_Gary-100x100.jpeg 100w, https:\/\/www.taller-palabras.com\/WordPress_04\/wp-content\/uploads\/2019\/03\/Jennings_Gary.jpeg 200w\" sizes=\"auto, (max-width: 150px) 100vw, 150px\" \/><figcaption id=\"caption-attachment-482\" class=\"wp-caption-text\">Autor Gary Jennings<\/figcaption><\/figure>\n<p>Esta es una continuaci\u00f3n de la obra Azteca. El protagonista narra los sucesos que le llevaron hasta Tenochtitl\u00e1n y luego contin\u00faa la historia con una sorprendente revelaci\u00f3n: Tenamaxtli es hijo de Mixtlin. Es el producto del viaje de Mixtli a Aztl\u00e1n. Y la verdadera trama del libro arranca en ese punto. La cruel muerte de su padre a manos de los espa\u00f1oles hace que Tenamaxtli decida vengarse de los espa\u00f1oles y llevar a cabo una reconquista del \u00danico Mundo y expulsar a todos los invasores. Para ello emprender\u00e1 una colosal empresa desde sus cimientos e ir\u00e1 conociendo a muchos personajes, amigos sorprendentes, numerosas mujeres y enemigos peligrosos que marcar\u00e1n su vida.<\/p>\n","protected":false},"excerpt":{"rendered":"<p>Esta es una continuaci\u00f3n de la obra Azteca. El protagonista narra los sucesos que le llevaron hasta Tenochtitl\u00e1n y luego contin\u00faa la historia con una sorprendente revelaci\u00f3n: Tenamaxtli es hijo de Mixtlin. Es el producto del viaje de Mixtli a Aztl\u00e1n. Y la verdadera trama del libro arranca en ese punto. La cruel muerte de [&hellip;]<\/p>\n","protected":false},"featured_media":11292,"template":"","meta":[],"product_brand":[],"product_cat":[25,47],"product_tag":[136,141,55,1492],"class_list":{"0":"post-11289","1":"product","2":"type-product","3":"status-publish","4":"has-post-thumbnail","6":"product_cat-libros-digitales-ebooks","7":"product_cat-libros-digitales-sagas","8":"product_tag-decargar-ebook","9":"product_tag-gary-jennings","10":"product_tag-novelas","11":"product_tag-otono-azteca","13":"first","14":"instock","15":"shipping-taxable","16":"purchasable","17":"product-type-variable","18":"has-default-attributes"},"_links":{"self":[{"href":"https:\/\/www.taller-palabras.com\/WordPress_04\/wp-json\/wp\/v2\/product\/11289","targetHints":{"allow":["GET"]}}],"collection":[{"href":"https:\/\/www.taller-palabras.com\/WordPress_04\/wp-json\/wp\/v2\/product"}],"about":[{"href":"https:\/\/www.taller-palabras.com\/WordPress_04\/wp-json\/wp\/v2\/types\/product"}],"wp:featuredmedia":[{"embeddable":true,"href":"https:\/\/www.taller-palabras.com\/WordPress_04\/wp-json\/wp\/v2\/media\/11292"}],"wp:attachment":[{"href":"https:\/\/www.taller-palabras.com\/WordPress_04\/wp-json\/wp\/v2\/media?parent=11289"}],"wp:term":[{"taxonomy":"product_brand","embeddable":true,"href":"https:\/\/www.taller-palabras.com\/WordPress_04\/wp-json\/wp\/v2\/product_brand?post=11289"},{"taxonomy":"product_cat","embeddable":true,"href":"https:\/\/www.taller-palabras.com\/WordPress_04\/wp-json\/wp\/v2\/product_cat?post=11289"},{"taxonomy":"product_tag","embeddable":true,"href":"https:\/\/www.taller-palabras.com\/WordPress_04\/wp-json\/wp\/v2\/product_tag?post=11289"}],"curies":[{"name":"wp","href":"https:\/\/api.w.org\/{rel}","templated":true}]}}