{"id":11298,"date":"2019-03-29T10:10:08","date_gmt":"2019-03-29T13:10:08","guid":{"rendered":"https:\/\/www.taller-palabras.com\/WordPress_04\/?post_type=product&#038;p=11298"},"modified":"2025-03-27T13:48:20","modified_gmt":"2025-03-27T16:48:20","slug":"saga-sangre-azteca-3-gary-jennings-ebook","status":"publish","type":"product","link":"https:\/\/www.taller-palabras.com\/WordPress_04\/producto\/saga-sangre-azteca-3-gary-jennings-ebook","title":{"rendered":"Saga: Sangre Azteca (3) &#8211; Gary Jennings  \/ebook"},"content":{"rendered":"<figure id=\"attachment_482\" aria-describedby=\"caption-attachment-482\" style=\"width: 150px\" class=\"wp-caption alignleft\"><img loading=\"lazy\" decoding=\"async\" class=\"wp-image-482 size-thumbnail\" src=\"https:\/\/www.taller-palabras.com\/WordPress_04\/wp-content\/uploads\/2019\/03\/Jennings_Gary-150x150.jpeg\" alt=\"\" width=\"150\" height=\"150\" srcset=\"https:\/\/www.taller-palabras.com\/WordPress_04\/wp-content\/uploads\/2019\/03\/Jennings_Gary-150x150.jpeg 150w, https:\/\/www.taller-palabras.com\/WordPress_04\/wp-content\/uploads\/2019\/03\/Jennings_Gary-100x100.jpeg 100w, https:\/\/www.taller-palabras.com\/WordPress_04\/wp-content\/uploads\/2019\/03\/Jennings_Gary.jpeg 200w\" sizes=\"auto, (max-width: 150px) 100vw, 150px\" \/><figcaption id=\"caption-attachment-482\" class=\"wp-caption-text\">Autor Gary Jennings<\/figcaption><\/figure>\n<p>Regresamos a una era remota, a una sociedad cuyas tierras han sido arrebatadas y sus almas aplastadas por el imperio espa\u00f1ol, el m\u00e1s poderoso del mundo. El pueblo azteca ha sido conquistado y la sangrienta rebeli\u00f3n ind\u00edgena reprimida. El antiguo imperio ahora es llamado nueva Espa\u00f1a, y los aztecas han sido reducidos a esclavos en grandes estados organizados como feudos. Los conquistadores espa\u00f1oles gobiernan como reyes: someten a los ind\u00edgenas a trabajos forzosos y las mujeres han pasado a ser de su propiedad. En esta colorida y apasionante \u00e9poca, en medio de tumultos y rebeliones, un joven mendigo mestizo, por cuyas venas corre la sangre de la realeza espa\u00f1ola y azteca, debe desvelar el secreto mortal que esconde su linaje paterno y reclamar los derechos que le corresponden por nacimiento. Como en sus aclamadas novelas Azteca y Oto\u00f1o Azteca, Gary Jennings nos invita de nuevo a viajar a trav\u00e9s de la crueldad, la valent\u00eda, el erotismo y la grandeza de una civilizaci\u00f3n ya desaparecida.<\/p>\n","protected":false},"excerpt":{"rendered":"<p>Regresamos a una era remota, a una sociedad cuyas tierras han sido arrebatadas y sus almas aplastadas por el imperio espa\u00f1ol, el m\u00e1s poderoso del mundo. El pueblo azteca ha sido conquistado y la sangrienta rebeli\u00f3n ind\u00edgena reprimida. El antiguo imperio ahora es llamado nueva Espa\u00f1a, y los aztecas han sido reducidos a esclavos en [&hellip;]<\/p>\n","protected":false},"featured_media":11293,"template":"","meta":[],"product_brand":[],"product_cat":[25,47],"product_tag":[136,141,55,1493],"class_list":{"0":"post-11298","1":"product","2":"type-product","3":"status-publish","4":"has-post-thumbnail","6":"product_cat-libros-digitales-ebooks","7":"product_cat-libros-digitales-sagas","8":"product_tag-decargar-ebook","9":"product_tag-gary-jennings","10":"product_tag-novelas","11":"product_tag-sangre-azteca","13":"first","14":"instock","15":"shipping-taxable","16":"purchasable","17":"product-type-variable","18":"has-default-attributes"},"_links":{"self":[{"href":"https:\/\/www.taller-palabras.com\/WordPress_04\/wp-json\/wp\/v2\/product\/11298","targetHints":{"allow":["GET"]}}],"collection":[{"href":"https:\/\/www.taller-palabras.com\/WordPress_04\/wp-json\/wp\/v2\/product"}],"about":[{"href":"https:\/\/www.taller-palabras.com\/WordPress_04\/wp-json\/wp\/v2\/types\/product"}],"wp:featuredmedia":[{"embeddable":true,"href":"https:\/\/www.taller-palabras.com\/WordPress_04\/wp-json\/wp\/v2\/media\/11293"}],"wp:attachment":[{"href":"https:\/\/www.taller-palabras.com\/WordPress_04\/wp-json\/wp\/v2\/media?parent=11298"}],"wp:term":[{"taxonomy":"product_brand","embeddable":true,"href":"https:\/\/www.taller-palabras.com\/WordPress_04\/wp-json\/wp\/v2\/product_brand?post=11298"},{"taxonomy":"product_cat","embeddable":true,"href":"https:\/\/www.taller-palabras.com\/WordPress_04\/wp-json\/wp\/v2\/product_cat?post=11298"},{"taxonomy":"product_tag","embeddable":true,"href":"https:\/\/www.taller-palabras.com\/WordPress_04\/wp-json\/wp\/v2\/product_tag?post=11298"}],"curies":[{"name":"wp","href":"https:\/\/api.w.org\/{rel}","templated":true}]}}