{"id":11308,"date":"2025-05-04T15:32:58","date_gmt":"2025-05-04T18:32:58","guid":{"rendered":"https:\/\/www.taller-palabras.com\/WordPress_04\/?post_type=product&#038;p=11308"},"modified":"2025-07-17T12:28:44","modified_gmt":"2025-07-17T15:28:44","slug":"confieso-que-he-vivido-pablo-neruda-ebook","status":"publish","type":"product","link":"https:\/\/www.taller-palabras.com\/WordPress_04\/producto\/confieso-que-he-vivido-pablo-neruda-ebook","title":{"rendered":"Confieso que he vivido &#8211; Pablo Neruda  \/ebook"},"content":{"rendered":"<figure id=\"attachment_11311\" aria-describedby=\"caption-attachment-11311\" style=\"width: 150px\" class=\"wp-caption alignleft\"><img loading=\"lazy\" decoding=\"async\" class=\"wp-image-11311 size-thumbnail\" src=\"https:\/\/www.taller-palabras.com\/WordPress_04\/wp-content\/uploads\/2025\/05\/Pablo-Neruda-150x150.jpg\" alt=\"\" width=\"150\" height=\"150\" srcset=\"https:\/\/www.taller-palabras.com\/WordPress_04\/wp-content\/uploads\/2025\/05\/Pablo-Neruda-150x150.jpg 150w, https:\/\/www.taller-palabras.com\/WordPress_04\/wp-content\/uploads\/2025\/05\/Pablo-Neruda-100x100.jpg 100w\" sizes=\"auto, (max-width: 150px) 100vw, 150px\" \/><figcaption id=\"caption-attachment-11311\" class=\"wp-caption-text\">Autor Pablo Neruda<\/figcaption><\/figure>\n<p>En el libro, Neruda hace un recorrido por su trayectoria vital utilizando una prosa salpicada de im\u00e1genes po\u00e9ticas que impactan por su profunda capacidad evocadora; los bosques de Chile, los fumaderos de opio en Tailandia, la Birmania dominada por los ingleses, sus experiencias sexuales con todo tipo de mujeres en todo tipo de situaciones, las conversaciones entre el poeta y Ernesto Che Guevara, sus viajes a M\u00e9xico o a la URSS, su consulado en Espa\u00f1a durante la Segunda Rep\u00fablica Espa\u00f1ola y su ardua labor tras el estallido de la Guerra Civil espa\u00f1ola para salvar de la c\u00e1rcel y de la muerte a represaliados pol\u00edticos espa\u00f1oles embarc\u00e1ndolos en el Winnipeg rumbo al exilio en Chile\u2026 Estos y otros sucesos se recrean con nitidez en la mente del lector gracias a la maestr\u00eda del Premio Nobel de Literatura, que crea una atm\u00f3sfera po\u00e9tica y sentimental que consigue despertar el inter\u00e9s del lector.<\/p>\n","protected":false},"excerpt":{"rendered":"<p>En el libro, Neruda hace un recorrido por su trayectoria vital utilizando una prosa salpicada de im\u00e1genes po\u00e9ticas que impactan por su profunda capacidad evocadora; los bosques de Chile, los fumaderos de opio en Tailandia, la Birmania dominada por los ingleses, sus experiencias sexuales con todo tipo de mujeres en todo tipo de situaciones, las [&hellip;]<\/p>\n","protected":false},"featured_media":11312,"template":"","meta":[],"product_brand":[],"product_cat":[25],"product_tag":[1495,54,1184,1494],"class_list":{"0":"post-11308","1":"product","2":"type-product","3":"status-publish","4":"has-post-thumbnail","6":"product_cat-libros-digitales-ebooks","7":"product_tag-confieso-que-he-vivido","8":"product_tag-descargar-ebook","9":"product_tag-mejor-novelas","10":"product_tag-pablo-neruda","12":"first","13":"instock","14":"shipping-taxable","15":"purchasable","16":"product-type-variable","17":"has-default-attributes"},"_links":{"self":[{"href":"https:\/\/www.taller-palabras.com\/WordPress_04\/wp-json\/wp\/v2\/product\/11308","targetHints":{"allow":["GET"]}}],"collection":[{"href":"https:\/\/www.taller-palabras.com\/WordPress_04\/wp-json\/wp\/v2\/product"}],"about":[{"href":"https:\/\/www.taller-palabras.com\/WordPress_04\/wp-json\/wp\/v2\/types\/product"}],"wp:featuredmedia":[{"embeddable":true,"href":"https:\/\/www.taller-palabras.com\/WordPress_04\/wp-json\/wp\/v2\/media\/11312"}],"wp:attachment":[{"href":"https:\/\/www.taller-palabras.com\/WordPress_04\/wp-json\/wp\/v2\/media?parent=11308"}],"wp:term":[{"taxonomy":"product_brand","embeddable":true,"href":"https:\/\/www.taller-palabras.com\/WordPress_04\/wp-json\/wp\/v2\/product_brand?post=11308"},{"taxonomy":"product_cat","embeddable":true,"href":"https:\/\/www.taller-palabras.com\/WordPress_04\/wp-json\/wp\/v2\/product_cat?post=11308"},{"taxonomy":"product_tag","embeddable":true,"href":"https:\/\/www.taller-palabras.com\/WordPress_04\/wp-json\/wp\/v2\/product_tag?post=11308"}],"curies":[{"name":"wp","href":"https:\/\/api.w.org\/{rel}","templated":true}]}}