{"id":11315,"date":"2025-05-04T15:44:31","date_gmt":"2025-05-04T18:44:31","guid":{"rendered":"https:\/\/www.taller-palabras.com\/WordPress_04\/?post_type=product&#038;p=11315"},"modified":"2025-07-17T12:28:10","modified_gmt":"2025-07-17T15:28:10","slug":"el-progreso-del-amor-alice-munro-ebook","status":"publish","type":"product","link":"https:\/\/www.taller-palabras.com\/WordPress_04\/producto\/el-progreso-del-amor-alice-munro-ebook","title":{"rendered":"El progreso del amor &#8211; Alice Munro  \/ebook"},"content":{"rendered":"<figure id=\"attachment_11342\" aria-describedby=\"caption-attachment-11342\" style=\"width: 150px\" class=\"wp-caption alignleft\"><img loading=\"lazy\" decoding=\"async\" class=\"wp-image-11342 size-thumbnail\" src=\"https:\/\/www.taller-palabras.com\/WordPress_04\/wp-content\/uploads\/2025\/05\/Alice-Munro-150x150.jpg\" alt=\"\" width=\"150\" height=\"150\" srcset=\"https:\/\/www.taller-palabras.com\/WordPress_04\/wp-content\/uploads\/2025\/05\/Alice-Munro-150x150.jpg 150w, https:\/\/www.taller-palabras.com\/WordPress_04\/wp-content\/uploads\/2025\/05\/Alice-Munro-100x100.jpg 100w, https:\/\/www.taller-palabras.com\/WordPress_04\/wp-content\/uploads\/2025\/05\/Alice-Munro.jpg 180w\" sizes=\"auto, (max-width: 150px) 100vw, 150px\" \/><figcaption id=\"caption-attachment-11342\" class=\"wp-caption-text\">Autora Alice Munro<\/figcaption><\/figure>\n<p>Una mujer divorciada regresa al hogar de su infancia y evoca la compleja relaci\u00f3n de sus padres; un accidente casi fatal de un ni\u00f1o revela la fragilidad de la confianza entre peque\u00f1os y mayores; un joven recuerda un terrible incidente de su infancia que ha marcado la relaci\u00f3n con su hermano\u2026 A trav\u00e9s de los once relatos que componen este libro, y que sorprenden por condensar historias tan intensas y ricas en tan pocas p\u00e1ginas, Alice Munro traza con precisi\u00f3n los asombrosos universos \u00edntimos de unos personajes que esconden sus m\u00e1s rec\u00f3nditos secretos tras la m\u00e1scara de la realidad cotidiana. Recuerdos del pasado, hechos aparentemente banales o acontecimientos inesperados sirven como detonantes para adentrarnos en las almas de los protagonistas de estos cuentos, mucho m\u00e1s pasionales, complejos y contradictorios de lo que las apariencias dejan traslucir. El progreso del amor es un magn\u00edfico tratado sobre las relaciones humanas que la maestr\u00eda y la privilegiada capacidad de observaci\u00f3n de Alice Munro convierten en una joya literaria.<\/p>\n","protected":false},"excerpt":{"rendered":"<p>Una mujer divorciada regresa al hogar de su infancia y evoca la compleja relaci\u00f3n de sus padres; un accidente casi fatal de un ni\u00f1o revela la fragilidad de la confianza entre peque\u00f1os y mayores; un joven recuerda un terrible incidente de su infancia que ha marcado la relaci\u00f3n con su hermano\u2026 A trav\u00e9s de los [&hellip;]<\/p>\n","protected":false},"featured_media":11343,"template":"","meta":[],"product_brand":[],"product_cat":[25],"product_tag":[1498,54,1499,1184],"class_list":{"0":"post-11315","1":"product","2":"type-product","3":"status-publish","4":"has-post-thumbnail","6":"product_cat-libros-digitales-ebooks","7":"product_tag-alice-munro","8":"product_tag-descargar-ebook","9":"product_tag-el-progreso-del-amor","10":"product_tag-mejor-novelas","12":"first","13":"instock","14":"shipping-taxable","15":"purchasable","16":"product-type-variable","17":"has-default-attributes"},"_links":{"self":[{"href":"https:\/\/www.taller-palabras.com\/WordPress_04\/wp-json\/wp\/v2\/product\/11315","targetHints":{"allow":["GET"]}}],"collection":[{"href":"https:\/\/www.taller-palabras.com\/WordPress_04\/wp-json\/wp\/v2\/product"}],"about":[{"href":"https:\/\/www.taller-palabras.com\/WordPress_04\/wp-json\/wp\/v2\/types\/product"}],"wp:featuredmedia":[{"embeddable":true,"href":"https:\/\/www.taller-palabras.com\/WordPress_04\/wp-json\/wp\/v2\/media\/11343"}],"wp:attachment":[{"href":"https:\/\/www.taller-palabras.com\/WordPress_04\/wp-json\/wp\/v2\/media?parent=11315"}],"wp:term":[{"taxonomy":"product_brand","embeddable":true,"href":"https:\/\/www.taller-palabras.com\/WordPress_04\/wp-json\/wp\/v2\/product_brand?post=11315"},{"taxonomy":"product_cat","embeddable":true,"href":"https:\/\/www.taller-palabras.com\/WordPress_04\/wp-json\/wp\/v2\/product_cat?post=11315"},{"taxonomy":"product_tag","embeddable":true,"href":"https:\/\/www.taller-palabras.com\/WordPress_04\/wp-json\/wp\/v2\/product_tag?post=11315"}],"curies":[{"name":"wp","href":"https:\/\/api.w.org\/{rel}","templated":true}]}}