{"id":11320,"date":"2021-08-01T13:46:23","date_gmt":"2021-08-01T16:46:23","guid":{"rendered":"https:\/\/www.taller-palabras.com\/WordPress_04\/?post_type=product&#038;p=11320"},"modified":"2025-05-04T15:49:43","modified_gmt":"2025-05-04T18:49:43","slug":"cuentos-completos-franz-kafka-ebook","status":"publish","type":"product","link":"https:\/\/www.taller-palabras.com\/WordPress_04\/producto\/cuentos-completos-franz-kafka-ebook","title":{"rendered":"Cuentos Completos &#8211; Franz Kafka\/ ebook"},"content":{"rendered":"<figure id=\"attachment_2777\" aria-describedby=\"caption-attachment-2777\" style=\"width: 150px\" class=\"wp-caption alignleft\"><img loading=\"lazy\" decoding=\"async\" class=\"wp-image-2777 size-thumbnail\" src=\"https:\/\/www.taller-palabras.com\/WordPress_04\/wp-content\/uploads\/2020\/11\/FranzKafka-150x150.jpg\" alt=\"\" width=\"150\" height=\"150\" srcset=\"https:\/\/www.taller-palabras.com\/WordPress_04\/wp-content\/uploads\/2020\/11\/FranzKafka-150x150.jpg 150w, https:\/\/www.taller-palabras.com\/WordPress_04\/wp-content\/uploads\/2020\/11\/FranzKafka-100x100.jpg 100w, https:\/\/www.taller-palabras.com\/WordPress_04\/wp-content\/uploads\/2020\/11\/FranzKafka.jpg 283w\" sizes=\"auto, (max-width: 150px) 100vw, 150px\" \/><figcaption id=\"caption-attachment-2777\" class=\"wp-caption-text\">Autor Franz Kafka<\/figcaption><\/figure>\n<p>La presente edici\u00f3n se propone brindar al lector la posibilidad de acercarse a los textos originales de los relatos de Franz Kafka, libres de las fusiones y \u00abarreglos\u00bb arbitrarios a que los someti\u00f3 su amigo y editor Max Brod tras su muerte, y que han circulado desde entonces en numerosas ediciones fragmentarias. El volumen re\u00fane todos aquellos escritos de Kafka que pueden ser incluidos en la categor\u00eda de \u00abrelatos\u00bb (sin excluir La metamorfosis, a pesar de su mayor longitud), \u00abnarraciones\u00bb, \u00abpiezas narrativas\u00bb, \u00abpoemas en prosa\u00bb, \u00abcuentos\u00bb, o \u00abfragmentos\u00bb traducidos a partir de los textos originales, sin filtros ni retoques, utilizando para ello los propios manuscritos del autor, y, cuando \u00e9stos no se han conservado, las ediciones autorizadas por Kafka. El criterio primordial para elegir estos textos ha sido su pertenencia al mundo de la ficci\u00f3n, es decir, no incluimos escritos autobiogr\u00e1ficos, como fragmentos de los Diarios, ni otros escritos, como la Carta al padre, en los que Kafka elabora claramente situaciones personales desde una perspectiva alejada de la literatura. Esta edici\u00f3n, preparada con esmero y gran conocimiento de la obra kafkiana por Jos\u00e9 Rafael Hern\u00e1ndez Arias, ha sido posible gracias a la tendencia iniciada recientemente en los pa\u00edses de lengua alemana de publicar los manuscritos de Kafka en edici\u00f3n facs\u00edmil, y su ordenaci\u00f3n cronol\u00f3gica nos ofrece un friso de la evoluci\u00f3n creadora de este cl\u00e1sico del siglo XX.<\/p>\n","protected":false},"excerpt":{"rendered":"<p>La presente edici\u00f3n se propone brindar al lector la posibilidad de acercarse a los textos originales de los relatos de Franz Kafka, libres de las fusiones y \u00abarreglos\u00bb arbitrarios a que los someti\u00f3 su amigo y editor Max Brod tras su muerte, y que han circulado desde entonces en numerosas ediciones fragmentarias. El volumen re\u00fane [&hellip;]<\/p>\n","protected":false},"featured_media":11323,"template":"","meta":[],"product_brand":[],"product_cat":[25],"product_tag":[410,136,328,55],"class_list":{"0":"post-11320","1":"product","2":"type-product","3":"status-publish","4":"has-post-thumbnail","6":"product_cat-libros-digitales-ebooks","7":"product_tag-cuentos-completos","8":"product_tag-decargar-ebook","9":"product_tag-franz-kafka","10":"product_tag-novelas","12":"first","13":"instock","14":"shipping-taxable","15":"purchasable","16":"product-type-variable","17":"has-default-attributes"},"_links":{"self":[{"href":"https:\/\/www.taller-palabras.com\/WordPress_04\/wp-json\/wp\/v2\/product\/11320","targetHints":{"allow":["GET"]}}],"collection":[{"href":"https:\/\/www.taller-palabras.com\/WordPress_04\/wp-json\/wp\/v2\/product"}],"about":[{"href":"https:\/\/www.taller-palabras.com\/WordPress_04\/wp-json\/wp\/v2\/types\/product"}],"wp:featuredmedia":[{"embeddable":true,"href":"https:\/\/www.taller-palabras.com\/WordPress_04\/wp-json\/wp\/v2\/media\/11323"}],"wp:attachment":[{"href":"https:\/\/www.taller-palabras.com\/WordPress_04\/wp-json\/wp\/v2\/media?parent=11320"}],"wp:term":[{"taxonomy":"product_brand","embeddable":true,"href":"https:\/\/www.taller-palabras.com\/WordPress_04\/wp-json\/wp\/v2\/product_brand?post=11320"},{"taxonomy":"product_cat","embeddable":true,"href":"https:\/\/www.taller-palabras.com\/WordPress_04\/wp-json\/wp\/v2\/product_cat?post=11320"},{"taxonomy":"product_tag","embeddable":true,"href":"https:\/\/www.taller-palabras.com\/WordPress_04\/wp-json\/wp\/v2\/product_tag?post=11320"}],"curies":[{"name":"wp","href":"https:\/\/api.w.org\/{rel}","templated":true}]}}