{"id":11332,"date":"2021-03-31T12:30:56","date_gmt":"2021-03-31T15:30:56","guid":{"rendered":"https:\/\/www.taller-palabras.com\/WordPress_04\/?post_type=product&#038;p=11332"},"modified":"2025-05-24T13:25:32","modified_gmt":"2025-05-24T16:25:32","slug":"de-que-hablamos-cuando-hablamos-de-amor-raymond-carver-ebook","status":"publish","type":"product","link":"https:\/\/www.taller-palabras.com\/WordPress_04\/producto\/de-que-hablamos-cuando-hablamos-de-amor-raymond-carver-ebook","title":{"rendered":"De que hablamos cuando hablamos de amor &#8211; Raymond Carver \/ebook)"},"content":{"rendered":"<figure id=\"attachment_3406\" aria-describedby=\"caption-attachment-3406\" style=\"width: 150px\" class=\"wp-caption alignleft\"><img loading=\"lazy\" decoding=\"async\" class=\"wp-image-3406 size-thumbnail\" src=\"https:\/\/www.taller-palabras.com\/WordPress_04\/wp-content\/uploads\/2021\/03\/RaymondCarver-150x150.jpg\" alt=\"\" width=\"150\" height=\"150\" srcset=\"https:\/\/www.taller-palabras.com\/WordPress_04\/wp-content\/uploads\/2021\/03\/RaymondCarver-150x150.jpg 150w, https:\/\/www.taller-palabras.com\/WordPress_04\/wp-content\/uploads\/2021\/03\/RaymondCarver-100x100.jpg 100w\" sizes=\"auto, (max-width: 150px) 100vw, 150px\" \/><figcaption id=\"caption-attachment-3406\" class=\"wp-caption-text\">Autor Raymond Carver<\/figcaption><\/figure>\n<p>Los deslumbrados lectores de Catedral, primer libro publicado en Espa\u00f1a de Carver, reencontrar\u00e1n en <em>De qu\u00e9 hablamos cuando hablamos de amor<\/em> la atm\u00f3sfera y los personajes de un autor que domin\u00f3 indiscutiblemente el panorama literario norteamericano de los a\u00f1os 80. Parejas que se despedazan, compa\u00f1eros que parten desesperadamente a la aventura, hijos que intentan comunicarse con sus padres, un universo injusto, violento, tenso, a veces irrisorio\u2026 En palabras de Roberto Fern\u00e1ndez Sastre, Carver \u00abno designa lo intolerable, sino que lo nombra. Sin concesiones hacia nada ni hacia nadie, rescata lo real en su esencialidad amorfa y brutal\u00bb. \u00abLa narrativa de Carver es tan escueta que toma un tiempo darse cuenta de hasta qu\u00e9 punto la totalidad de una cultura y de una condici\u00f3n moral est\u00e1 representada incluso por el bosquejo aparentemente m\u00e1s tenue. Este segundo volumen de relatos es claramente la obra de un maestro en su apogeo\u00bb (Frank Kermode).<\/p>\n","protected":false},"excerpt":{"rendered":"<p>Los deslumbrados lectores de Catedral, primer libro publicado en Espa\u00f1a de Carver, reencontrar\u00e1n en De qu\u00e9 hablamos cuando hablamos de amor la atm\u00f3sfera y los personajes de un autor que domin\u00f3 indiscutiblemente el panorama literario norteamericano de los a\u00f1os 80. Parejas que se despedazan, compa\u00f1eros que parten desesperadamente a la aventura, hijos que intentan comunicarse [&hellip;]<\/p>\n","protected":false},"featured_media":11337,"template":"","meta":[],"product_brand":[],"product_cat":[25],"product_tag":[1497,54,225,415],"class_list":{"0":"post-11332","1":"product","2":"type-product","3":"status-publish","4":"has-post-thumbnail","6":"product_cat-libros-digitales-ebooks","7":"product_tag-de-que-hablamos-cuando-hablamos-de-amor","8":"product_tag-descargar-ebook","9":"product_tag-mejores-novelas","10":"product_tag-raymond-carver","12":"first","13":"instock","14":"shipping-taxable","15":"purchasable","16":"product-type-variable","17":"has-default-attributes"},"_links":{"self":[{"href":"https:\/\/www.taller-palabras.com\/WordPress_04\/wp-json\/wp\/v2\/product\/11332","targetHints":{"allow":["GET"]}}],"collection":[{"href":"https:\/\/www.taller-palabras.com\/WordPress_04\/wp-json\/wp\/v2\/product"}],"about":[{"href":"https:\/\/www.taller-palabras.com\/WordPress_04\/wp-json\/wp\/v2\/types\/product"}],"wp:featuredmedia":[{"embeddable":true,"href":"https:\/\/www.taller-palabras.com\/WordPress_04\/wp-json\/wp\/v2\/media\/11337"}],"wp:attachment":[{"href":"https:\/\/www.taller-palabras.com\/WordPress_04\/wp-json\/wp\/v2\/media?parent=11332"}],"wp:term":[{"taxonomy":"product_brand","embeddable":true,"href":"https:\/\/www.taller-palabras.com\/WordPress_04\/wp-json\/wp\/v2\/product_brand?post=11332"},{"taxonomy":"product_cat","embeddable":true,"href":"https:\/\/www.taller-palabras.com\/WordPress_04\/wp-json\/wp\/v2\/product_cat?post=11332"},{"taxonomy":"product_tag","embeddable":true,"href":"https:\/\/www.taller-palabras.com\/WordPress_04\/wp-json\/wp\/v2\/product_tag?post=11332"}],"curies":[{"name":"wp","href":"https:\/\/api.w.org\/{rel}","templated":true}]}}