{"id":11344,"date":"2021-02-11T10:49:17","date_gmt":"2021-02-11T13:49:17","guid":{"rendered":"https:\/\/www.taller-palabras.com\/WordPress_04\/?post_type=product&#038;p=11344"},"modified":"2026-03-31T12:12:43","modified_gmt":"2026-03-31T15:12:43","slug":"todos-los-fuegos-el-fuego-julio-cortazar-ebook","status":"publish","type":"product","link":"https:\/\/www.taller-palabras.com\/WordPress_04\/producto\/todos-los-fuegos-el-fuego-julio-cortazar-ebook","title":{"rendered":"Todos los fuegos el fuego &#8211; Julio Cortazar \/ebook"},"content":{"rendered":"<figure id=\"attachment_2903\" aria-describedby=\"caption-attachment-2903\" style=\"width: 150px\" class=\"wp-caption alignleft\"><img loading=\"lazy\" decoding=\"async\" class=\"wp-image-2903 size-thumbnail\" src=\"https:\/\/www.taller-palabras.com\/WordPress_04\/wp-content\/uploads\/2020\/12\/Julio_Cortazar-150x150.jpg\" alt=\"\" width=\"150\" height=\"150\" srcset=\"https:\/\/www.taller-palabras.com\/WordPress_04\/wp-content\/uploads\/2020\/12\/Julio_Cortazar-150x150.jpg 150w, https:\/\/www.taller-palabras.com\/WordPress_04\/wp-content\/uploads\/2020\/12\/Julio_Cortazar-100x100.jpg 100w\" sizes=\"auto, (max-width: 150px) 100vw, 150px\" \/><figcaption id=\"caption-attachment-2903\" class=\"wp-caption-text\">Autor julio Cort\u00e1zar<\/figcaption><\/figure>\n<p>Todos los fuegos el fuego (1966) ofrece ocho muestras rotundas de la plenitud creadora que alcanzan los cuentos de Cort\u00e1zar. Desde la exasperada met\u00e1fora de las relaciones humanas que es &#8216;La autopista del sur&#8217; hasta la maestr\u00eda de &#8216;El otro cielo&#8217;, Cort\u00e1zar vuelve a abrir nuevos caminos con relatos que son referencias obligada para sus lectores y para los amantes del cuento en general. &#8216;La salud de los enfermos&#8217;, &#8216;Reuni\u00f3n&#8217;, &#8216;La se\u00f1orita Cora&#8217;, &#8216;La isla mediod\u00eda&#8217;, &#8216;Instrucciones para John Howell&#8217;, &#8216;Todos los fuegos el fuego&#8217;: una fiesta de la inteligencia, de la pasi\u00f3n y del genio.<\/p>\n","protected":false},"excerpt":{"rendered":"<p>Todos los fuegos el fuego (1966) ofrece ocho muestras rotundas de la plenitud creadora que alcanzan los cuentos de Cort\u00e1zar. Desde la exasperada met\u00e1fora de las relaciones humanas que es &#8216;La autopista del sur&#8217; hasta la maestr\u00eda de &#8216;El otro cielo&#8217;, Cort\u00e1zar vuelve a abrir nuevos caminos con relatos que son referencias obligada para sus [&hellip;]<\/p>\n","protected":false},"featured_media":11347,"template":"","meta":[],"product_brand":[1706],"product_cat":[25],"product_tag":[54,348,225,1500],"class_list":{"0":"post-11344","1":"product","2":"type-product","3":"status-publish","4":"has-post-thumbnail","6":"product_brand-grupo1","7":"product_cat-libros-digitales-ebooks","8":"product_tag-descargar-ebook","9":"product_tag-julio-cortazar","10":"product_tag-mejores-novelas","11":"product_tag-todos-los-fuegos-el-fuego","13":"first","14":"instock","15":"shipping-taxable","16":"purchasable","17":"product-type-variable","18":"has-default-attributes"},"_links":{"self":[{"href":"https:\/\/www.taller-palabras.com\/WordPress_04\/wp-json\/wp\/v2\/product\/11344","targetHints":{"allow":["GET"]}}],"collection":[{"href":"https:\/\/www.taller-palabras.com\/WordPress_04\/wp-json\/wp\/v2\/product"}],"about":[{"href":"https:\/\/www.taller-palabras.com\/WordPress_04\/wp-json\/wp\/v2\/types\/product"}],"wp:featuredmedia":[{"embeddable":true,"href":"https:\/\/www.taller-palabras.com\/WordPress_04\/wp-json\/wp\/v2\/media\/11347"}],"wp:attachment":[{"href":"https:\/\/www.taller-palabras.com\/WordPress_04\/wp-json\/wp\/v2\/media?parent=11344"}],"wp:term":[{"taxonomy":"product_brand","embeddable":true,"href":"https:\/\/www.taller-palabras.com\/WordPress_04\/wp-json\/wp\/v2\/product_brand?post=11344"},{"taxonomy":"product_cat","embeddable":true,"href":"https:\/\/www.taller-palabras.com\/WordPress_04\/wp-json\/wp\/v2\/product_cat?post=11344"},{"taxonomy":"product_tag","embeddable":true,"href":"https:\/\/www.taller-palabras.com\/WordPress_04\/wp-json\/wp\/v2\/product_tag?post=11344"}],"curies":[{"name":"wp","href":"https:\/\/api.w.org\/{rel}","templated":true}]}}