{"id":11350,"date":"2018-10-29T18:43:20","date_gmt":"2018-10-29T21:43:20","guid":{"rendered":"https:\/\/www.taller-palabras.com\/WordPress_04\/?post_type=product&#038;p=11350"},"modified":"2025-05-27T12:22:03","modified_gmt":"2025-05-27T15:22:03","slug":"saga-cancion-de-hielo-y-fuego-4-festin-de-cuervos-george-r-r-martin-ebook","status":"publish","type":"product","link":"https:\/\/www.taller-palabras.com\/WordPress_04\/producto\/saga-cancion-de-hielo-y-fuego-4-festin-de-cuervos-george-r-r-martin-ebook","title":{"rendered":"Saga: Canci\u00f3n de hielo y fuego (4) Fest\u00edn de cuervos &#8211; George R. R. Martin \/ebook"},"content":{"rendered":"<figure id=\"attachment_260\" aria-describedby=\"caption-attachment-260\" style=\"width: 150px\" class=\"wp-caption alignleft\"><img loading=\"lazy\" decoding=\"async\" class=\"wp-image-260 size-thumbnail\" src=\"https:\/\/www.taller-palabras.com\/WordPress_04\/wp-content\/uploads\/2018\/10\/george-rr-martin-150x150.jpg\" alt=\"\" width=\"150\" height=\"150\" srcset=\"https:\/\/www.taller-palabras.com\/WordPress_04\/wp-content\/uploads\/2018\/10\/george-rr-martin-150x150.jpg 150w, https:\/\/www.taller-palabras.com\/WordPress_04\/wp-content\/uploads\/2018\/10\/george-rr-martin-324x324.jpg 324w, https:\/\/www.taller-palabras.com\/WordPress_04\/wp-content\/uploads\/2018\/10\/george-rr-martin-100x100.jpg 100w\" sizes=\"auto, (max-width: 150px) 100vw, 150px\" \/><figcaption id=\"caption-attachment-260\" class=\"wp-caption-text\">Autor George R. R. Martin<\/figcaption><\/figure>\n<p>Canci\u00f3n de hielo y fuego: Libro cuarto. La novela r\u00edo m\u00e1s espectacular jam\u00e1s escrita. Mientras los vientos del oto\u00f1o desnudan los \u00e1rboles, las \u00faltimas cosechas se pudren en los pocos campos que no han sido devastados por la guerra, y por los r\u00edos te\u00f1idos de rojo bajan cad\u00e1veres de todos los blasones y estirpes. Y aunque casi todo Poniente yace extenuado, en diversos rincones florecen nuevas e inquietantes intrigas que ans\u00edan nutrirse de los despojos de un reino moribundo. George R.R. Martin contin\u00faa sumando hordas de seguidores incondicionales mientras desgrana, con pulso firme y certero, una de las experiencias literarias m\u00e1s ambiciosas y apasionantes que se hayan propuesto nunca en el terreno de la fantas\u00eda. Fest\u00edn de cuervos, como la calma que precede a la tempestad, desarrolla nuevos personajes y tramas de un retablo tenso y sobrecogedor.<\/p>\n","protected":false},"excerpt":{"rendered":"<p>Canci\u00f3n de hielo y fuego: Libro cuarto. La novela r\u00edo m\u00e1s espectacular jam\u00e1s escrita. Mientras los vientos del oto\u00f1o desnudan los \u00e1rboles, las \u00faltimas cosechas se pudren en los pocos campos que no han sido devastados por la guerra, y por los r\u00edos te\u00f1idos de rojo bajan cad\u00e1veres de todos los blasones y estirpes. Y [&hellip;]<\/p>\n","protected":false},"featured_media":11358,"template":"","meta":[],"product_brand":[],"product_cat":[25,47],"product_tag":[54,1501,89,225],"class_list":{"0":"post-11350","1":"product","2":"type-product","3":"status-publish","4":"has-post-thumbnail","6":"product_cat-libros-digitales-ebooks","7":"product_cat-libros-digitales-sagas","8":"product_tag-descargar-ebook","9":"product_tag-festin-de-cuervos","10":"product_tag-george-r-r-martin","11":"product_tag-mejores-novelas","13":"first","14":"instock","15":"shipping-taxable","16":"purchasable","17":"product-type-variable","18":"has-default-attributes"},"_links":{"self":[{"href":"https:\/\/www.taller-palabras.com\/WordPress_04\/wp-json\/wp\/v2\/product\/11350","targetHints":{"allow":["GET"]}}],"collection":[{"href":"https:\/\/www.taller-palabras.com\/WordPress_04\/wp-json\/wp\/v2\/product"}],"about":[{"href":"https:\/\/www.taller-palabras.com\/WordPress_04\/wp-json\/wp\/v2\/types\/product"}],"wp:featuredmedia":[{"embeddable":true,"href":"https:\/\/www.taller-palabras.com\/WordPress_04\/wp-json\/wp\/v2\/media\/11358"}],"wp:attachment":[{"href":"https:\/\/www.taller-palabras.com\/WordPress_04\/wp-json\/wp\/v2\/media?parent=11350"}],"wp:term":[{"taxonomy":"product_brand","embeddable":true,"href":"https:\/\/www.taller-palabras.com\/WordPress_04\/wp-json\/wp\/v2\/product_brand?post=11350"},{"taxonomy":"product_cat","embeddable":true,"href":"https:\/\/www.taller-palabras.com\/WordPress_04\/wp-json\/wp\/v2\/product_cat?post=11350"},{"taxonomy":"product_tag","embeddable":true,"href":"https:\/\/www.taller-palabras.com\/WordPress_04\/wp-json\/wp\/v2\/product_tag?post=11350"}],"curies":[{"name":"wp","href":"https:\/\/api.w.org\/{rel}","templated":true}]}}