{"id":11359,"date":"2018-10-29T18:41:24","date_gmt":"2018-10-29T21:41:24","guid":{"rendered":"https:\/\/www.taller-palabras.com\/WordPress_04\/?post_type=product&#038;p=11359"},"modified":"2025-05-27T12:25:34","modified_gmt":"2025-05-27T15:25:34","slug":"saga-cancion-de-hielo-y-fuego-5-danza-de-dragones-george-r-r-martin-ebook","status":"publish","type":"product","link":"https:\/\/www.taller-palabras.com\/WordPress_04\/producto\/saga-cancion-de-hielo-y-fuego-5-danza-de-dragones-george-r-r-martin-ebook","title":{"rendered":"Saga: Canci\u00f3n de hielo y fuego (5) Danza de dragones &#8211; George R. R. Martin \/ebook"},"content":{"rendered":"<figure id=\"attachment_260\" aria-describedby=\"caption-attachment-260\" style=\"width: 150px\" class=\"wp-caption alignleft\"><img loading=\"lazy\" decoding=\"async\" class=\"wp-image-260 size-thumbnail\" src=\"https:\/\/www.taller-palabras.com\/WordPress_04\/wp-content\/uploads\/2018\/10\/george-rr-martin-150x150.jpg\" alt=\"\" width=\"150\" height=\"150\" srcset=\"https:\/\/www.taller-palabras.com\/WordPress_04\/wp-content\/uploads\/2018\/10\/george-rr-martin-150x150.jpg 150w, https:\/\/www.taller-palabras.com\/WordPress_04\/wp-content\/uploads\/2018\/10\/george-rr-martin-324x324.jpg 324w, https:\/\/www.taller-palabras.com\/WordPress_04\/wp-content\/uploads\/2018\/10\/george-rr-martin-100x100.jpg 100w\" sizes=\"auto, (max-width: 150px) 100vw, 150px\" \/><figcaption id=\"caption-attachment-260\" class=\"wp-caption-text\">Autor George R. R. Martin<\/figcaption><\/figure>\n<p>Canci\u00f3n de hielo y fuego: Libro quinto. Daenerys Targaryen intenta mitigar el rastro de sangre y fuego que dej\u00f3 en las Ciudades Libres e intenta erradicar la esclavitud de Meereen. Mientras, un enano parricida, un pr\u00edncipe de inc\u00f3gnito, un capit\u00e1n implacable y un enigm\u00e1tico caballero acuden a la llamada de los dragones desde el otro lado del mar Angosto, ajenos al peligro que se cierne sobre el Norte, y que solo las menguadas huestes de uno de los reyes en discordia y la Guardia de la Noche se aprestan a afrontar.<\/p>\n","protected":false},"excerpt":{"rendered":"<p>Canci\u00f3n de hielo y fuego: Libro quinto. Daenerys Targaryen intenta mitigar el rastro de sangre y fuego que dej\u00f3 en las Ciudades Libres e intenta erradicar la esclavitud de Meereen. Mientras, un enano parricida, un pr\u00edncipe de inc\u00f3gnito, un capit\u00e1n implacable y un enigm\u00e1tico caballero acuden a la llamada de los dragones desde el otro [&hellip;]<\/p>\n","protected":false},"featured_media":11357,"template":"","meta":[],"product_brand":[],"product_cat":[25,47],"product_tag":[1502,54,89,225],"class_list":{"0":"post-11359","1":"product","2":"type-product","3":"status-publish","4":"has-post-thumbnail","6":"product_cat-libros-digitales-ebooks","7":"product_cat-libros-digitales-sagas","8":"product_tag-danza-de-dragones","9":"product_tag-descargar-ebook","10":"product_tag-george-r-r-martin","11":"product_tag-mejores-novelas","13":"first","14":"instock","15":"shipping-taxable","16":"purchasable","17":"product-type-variable","18":"has-default-attributes"},"_links":{"self":[{"href":"https:\/\/www.taller-palabras.com\/WordPress_04\/wp-json\/wp\/v2\/product\/11359","targetHints":{"allow":["GET"]}}],"collection":[{"href":"https:\/\/www.taller-palabras.com\/WordPress_04\/wp-json\/wp\/v2\/product"}],"about":[{"href":"https:\/\/www.taller-palabras.com\/WordPress_04\/wp-json\/wp\/v2\/types\/product"}],"wp:featuredmedia":[{"embeddable":true,"href":"https:\/\/www.taller-palabras.com\/WordPress_04\/wp-json\/wp\/v2\/media\/11357"}],"wp:attachment":[{"href":"https:\/\/www.taller-palabras.com\/WordPress_04\/wp-json\/wp\/v2\/media?parent=11359"}],"wp:term":[{"taxonomy":"product_brand","embeddable":true,"href":"https:\/\/www.taller-palabras.com\/WordPress_04\/wp-json\/wp\/v2\/product_brand?post=11359"},{"taxonomy":"product_cat","embeddable":true,"href":"https:\/\/www.taller-palabras.com\/WordPress_04\/wp-json\/wp\/v2\/product_cat?post=11359"},{"taxonomy":"product_tag","embeddable":true,"href":"https:\/\/www.taller-palabras.com\/WordPress_04\/wp-json\/wp\/v2\/product_tag?post=11359"}],"curies":[{"name":"wp","href":"https:\/\/api.w.org\/{rel}","templated":true}]}}