{"id":11370,"date":"2025-06-01T13:02:02","date_gmt":"2025-06-01T16:02:02","guid":{"rendered":"https:\/\/www.taller-palabras.com\/WordPress_04\/?post_type=product&#038;p=11370"},"modified":"2026-03-31T13:02:51","modified_gmt":"2026-03-31T16:02:51","slug":"la-region-mas-transparente-carlos-fuentes-ebook","status":"publish","type":"product","link":"https:\/\/www.taller-palabras.com\/WordPress_04\/producto\/la-region-mas-transparente-carlos-fuentes-ebook","title":{"rendered":"La regi\u00f3n m\u00e1s transparente &#8211; Carlos Fuentes  \/ebook"},"content":{"rendered":"<figure id=\"attachment_11373\" aria-describedby=\"caption-attachment-11373\" style=\"width: 150px\" class=\"wp-caption alignleft\"><img loading=\"lazy\" decoding=\"async\" class=\"wp-image-11373 size-thumbnail\" src=\"https:\/\/www.taller-palabras.com\/WordPress_04\/wp-content\/uploads\/2025\/06\/carlos-fuentes-150x150.jpg\" alt=\"\" width=\"150\" height=\"150\" srcset=\"https:\/\/www.taller-palabras.com\/WordPress_04\/wp-content\/uploads\/2025\/06\/carlos-fuentes-150x150.jpg 150w, https:\/\/www.taller-palabras.com\/WordPress_04\/wp-content\/uploads\/2025\/06\/carlos-fuentes-100x100.jpg 100w, https:\/\/www.taller-palabras.com\/WordPress_04\/wp-content\/uploads\/2025\/06\/carlos-fuentes.jpg 283w\" sizes=\"auto, (max-width: 150px) 100vw, 150px\" \/><figcaption id=\"caption-attachment-11373\" class=\"wp-caption-text\">Autor Carlos Fuentes<\/figcaption><\/figure>\n<p>Considerada la primera obra del boom latinoamericano. La regi\u00f3n m\u00e1s transparente fue la primera novela de Fuentes, la que le abri\u00f3 todas las puertas posibles. Inventario de la sociedad mexicana, es tambi\u00e9n una suerte de versi\u00f3n vanguardista de la comedia humana, en la que, a trav\u00e9s de un curioso mapa de linajes, se representan mundos y submundos entrelazados. La ciudad de M\u00e9xico emerge en su moderna complejidad, y la escritura nos proporciona una cartograf\u00eda de la red social que este mundo teje.<\/p>\n","protected":false},"excerpt":{"rendered":"<p>Considerada la primera obra del boom latinoamericano. La regi\u00f3n m\u00e1s transparente fue la primera novela de Fuentes, la que le abri\u00f3 todas las puertas posibles. Inventario de la sociedad mexicana, es tambi\u00e9n una suerte de versi\u00f3n vanguardista de la comedia humana, en la que, a trav\u00e9s de un curioso mapa de linajes, se representan mundos [&hellip;]<\/p>\n","protected":false},"featured_media":11374,"template":"","meta":[],"product_brand":[1706],"product_cat":[25],"product_tag":[1504,54,1505,1184],"class_list":{"0":"post-11370","1":"product","2":"type-product","3":"status-publish","4":"has-post-thumbnail","6":"product_brand-grupo1","7":"product_cat-libros-digitales-ebooks","8":"product_tag-carlos-fuentes","9":"product_tag-descargar-ebook","10":"product_tag-la-region-mas-transparente","11":"product_tag-mejor-novelas","13":"first","14":"instock","15":"shipping-taxable","16":"purchasable","17":"product-type-variable","18":"has-default-attributes"},"_links":{"self":[{"href":"https:\/\/www.taller-palabras.com\/WordPress_04\/wp-json\/wp\/v2\/product\/11370","targetHints":{"allow":["GET"]}}],"collection":[{"href":"https:\/\/www.taller-palabras.com\/WordPress_04\/wp-json\/wp\/v2\/product"}],"about":[{"href":"https:\/\/www.taller-palabras.com\/WordPress_04\/wp-json\/wp\/v2\/types\/product"}],"wp:featuredmedia":[{"embeddable":true,"href":"https:\/\/www.taller-palabras.com\/WordPress_04\/wp-json\/wp\/v2\/media\/11374"}],"wp:attachment":[{"href":"https:\/\/www.taller-palabras.com\/WordPress_04\/wp-json\/wp\/v2\/media?parent=11370"}],"wp:term":[{"taxonomy":"product_brand","embeddable":true,"href":"https:\/\/www.taller-palabras.com\/WordPress_04\/wp-json\/wp\/v2\/product_brand?post=11370"},{"taxonomy":"product_cat","embeddable":true,"href":"https:\/\/www.taller-palabras.com\/WordPress_04\/wp-json\/wp\/v2\/product_cat?post=11370"},{"taxonomy":"product_tag","embeddable":true,"href":"https:\/\/www.taller-palabras.com\/WordPress_04\/wp-json\/wp\/v2\/product_tag?post=11370"}],"curies":[{"name":"wp","href":"https:\/\/api.w.org\/{rel}","templated":true}]}}