{"id":11391,"date":"2018-10-28T14:10:06","date_gmt":"2018-10-28T17:10:06","guid":{"rendered":"https:\/\/www.taller-palabras.com\/WordPress_04\/?post_type=product&#038;p=11391"},"modified":"2025-07-05T13:54:47","modified_gmt":"2025-07-05T16:54:47","slug":"la-casa-de-riverton-kate-morton-ebook","status":"publish","type":"product","link":"https:\/\/www.taller-palabras.com\/WordPress_04\/producto\/la-casa-de-riverton-kate-morton-ebook","title":{"rendered":"La casa de Riverton &#8211; Kate Morton  \/ebook"},"content":{"rendered":"<figure id=\"attachment_11394\" aria-describedby=\"caption-attachment-11394\" style=\"width: 150px\" class=\"wp-caption alignleft\"><img loading=\"lazy\" decoding=\"async\" class=\"wp-image-11394 size-thumbnail\" src=\"https:\/\/www.taller-palabras.com\/WordPress_04\/wp-content\/uploads\/2025\/07\/kate_morton-242x300-1-150x150.jpg\" alt=\"\" width=\"150\" height=\"150\" srcset=\"https:\/\/www.taller-palabras.com\/WordPress_04\/wp-content\/uploads\/2025\/07\/kate_morton-242x300-1-150x150.jpg 150w, https:\/\/www.taller-palabras.com\/WordPress_04\/wp-content\/uploads\/2025\/07\/kate_morton-242x300-1-100x100.jpg 100w\" sizes=\"auto, (max-width: 150px) 100vw, 150px\" \/><figcaption id=\"caption-attachment-11394\" class=\"wp-caption-text\">Autora Kate Morton<\/figcaption><\/figure>\n<p>Verano de 1924. Durante una rutilante fiesta de la alta sociedad en Riverton Manor, una preciosa mansi\u00f3n a orillas de un lago, un joven y prometedor poeta se quita la vida. Las \u00fanicas testigos de ese dram\u00e1tico hecho, las hermanas Hannah y Emmeline Hartford, no se volver\u00e1n a hablar nunca m\u00e1s. Invierno de 1999. Grace Bradley, una anciana de noventa y ocho a\u00f1os que otrora fuera doncella en Riverton Manor recibe la visita de una joven directora de cine que est\u00e1 rodando una pel\u00edcula sobre el suicido del poeta. Esa visita convoca los fantasmas del pasado, recuerdos que durante d\u00e9cadas Grace hab\u00eda relegado a lo m\u00e1s profundo de su mente, incapaz de enfrentarse a ellos. Kate Morton retrata en La casa de Riverton los \u00faltimos esplendores de la aristocracia inglesa, un mundo de convenciones y secretos atravesado por vehementes pasiones y terribles desenga\u00f1os.<\/p>\n","protected":false},"excerpt":{"rendered":"<p>Verano de 1924. Durante una rutilante fiesta de la alta sociedad en Riverton Manor, una preciosa mansi\u00f3n a orillas de un lago, un joven y prometedor poeta se quita la vida. Las \u00fanicas testigos de ese dram\u00e1tico hecho, las hermanas Hannah y Emmeline Hartford, no se volver\u00e1n a hablar nunca m\u00e1s. Invierno de 1999. Grace [&hellip;]<\/p>\n","protected":false},"featured_media":11395,"template":"","meta":[],"product_brand":[],"product_cat":[25],"product_tag":[54,75,1507,77,55],"class_list":{"0":"post-11391","1":"product","2":"type-product","3":"status-publish","4":"has-post-thumbnail","6":"product_cat-libros-digitales-ebooks","7":"product_tag-descargar-ebook","8":"product_tag-kate-morton","9":"product_tag-la-casa-de-riverton","10":"product_tag-literatura-inglesa","11":"product_tag-novelas","13":"first","14":"instock","15":"shipping-taxable","16":"purchasable","17":"product-type-variable","18":"has-default-attributes"},"_links":{"self":[{"href":"https:\/\/www.taller-palabras.com\/WordPress_04\/wp-json\/wp\/v2\/product\/11391","targetHints":{"allow":["GET"]}}],"collection":[{"href":"https:\/\/www.taller-palabras.com\/WordPress_04\/wp-json\/wp\/v2\/product"}],"about":[{"href":"https:\/\/www.taller-palabras.com\/WordPress_04\/wp-json\/wp\/v2\/types\/product"}],"wp:featuredmedia":[{"embeddable":true,"href":"https:\/\/www.taller-palabras.com\/WordPress_04\/wp-json\/wp\/v2\/media\/11395"}],"wp:attachment":[{"href":"https:\/\/www.taller-palabras.com\/WordPress_04\/wp-json\/wp\/v2\/media?parent=11391"}],"wp:term":[{"taxonomy":"product_brand","embeddable":true,"href":"https:\/\/www.taller-palabras.com\/WordPress_04\/wp-json\/wp\/v2\/product_brand?post=11391"},{"taxonomy":"product_cat","embeddable":true,"href":"https:\/\/www.taller-palabras.com\/WordPress_04\/wp-json\/wp\/v2\/product_cat?post=11391"},{"taxonomy":"product_tag","embeddable":true,"href":"https:\/\/www.taller-palabras.com\/WordPress_04\/wp-json\/wp\/v2\/product_tag?post=11391"}],"curies":[{"name":"wp","href":"https:\/\/api.w.org\/{rel}","templated":true}]}}