{"id":11462,"date":"2025-07-17T11:37:20","date_gmt":"2025-07-17T14:37:20","guid":{"rendered":"https:\/\/www.taller-palabras.com\/WordPress_04\/?post_type=product&#038;p=11462"},"modified":"2025-07-17T11:51:18","modified_gmt":"2025-07-17T14:51:18","slug":"el-banquete-platon-ebook","status":"publish","type":"product","link":"https:\/\/www.taller-palabras.com\/WordPress_04\/producto\/el-banquete-platon-ebook","title":{"rendered":"El banquete &#8211; Plat\u00f3n  \/ebook"},"content":{"rendered":"<figure id=\"attachment_11472\" aria-describedby=\"caption-attachment-11472\" style=\"width: 150px\" class=\"wp-caption alignleft\"><img loading=\"lazy\" decoding=\"async\" class=\"wp-image-11472 size-thumbnail\" src=\"https:\/\/www.taller-palabras.com\/WordPress_04\/wp-content\/uploads\/2025\/07\/platon-150x150.jpg\" alt=\"\" width=\"150\" height=\"150\" srcset=\"https:\/\/www.taller-palabras.com\/WordPress_04\/wp-content\/uploads\/2025\/07\/platon-150x150.jpg 150w, https:\/\/www.taller-palabras.com\/WordPress_04\/wp-content\/uploads\/2025\/07\/platon-100x100.jpg 100w, https:\/\/www.taller-palabras.com\/WordPress_04\/wp-content\/uploads\/2025\/07\/platon.jpg 285w\" sizes=\"auto, (max-width: 150px) 100vw, 150px\" \/><figcaption id=\"caption-attachment-11472\" class=\"wp-caption-text\">Autor Plat\u00f3n<\/figcaption><\/figure>\n<p>Dice Plat\u00f3n en su obra: \u00abHe aqu\u00ed, pues, el recto m\u00e9todo de abordar las cuestiones er\u00f3ticas o de ser conducido por otro: empezar por las cosas bellas de este mundo y teniendo como fin esa belleza en cuesti\u00f3n y, vali\u00e9ndose de ellas como de escalas, ir ascendiendo constantemente, yendo de un solo cuerpo a dos y de dos a todos los cuerpos bellos y de los cuerpos bellos a las bellas normas de conducta, y de las normas de conducta a las bellas ciencias, hasta terminar, partiendo de \u00e9stas, en esa ciencia de antes, que no es ciencia de otra cosa sino de la belleza absoluta, y llegar a conocer, por \u00faltimo, lo que es la belleza en s\u00ed\u00bb. En El Banquete de Plat\u00f3n, especulaci\u00f3n teor\u00e9tica y creaci\u00f3n est\u00e9tica se imbrican de tal modo que resulta dif\u00edcil encuadrarlo con exclusividad en la historia de la filosof\u00eda o en la de la literatura. Consagrado a discutir sobre el amor, tras sucesivas e insatisfactorias maneras de abordar la cuesti\u00f3n, se expone a trav\u00e9s de S\u00f3crates y su supuesta mentora, la sacerdotisa Diotima, la doctrina de amor plat\u00f3nico que en sucesivos grados de abstracci\u00f3n conduce a esa especie de uni\u00f3n m\u00edstica con la forma ideal de la belleza a la que llega el verdadero enamorado de las cosas bellas.<\/p>\n","protected":false},"excerpt":{"rendered":"<p>Dice Plat\u00f3n en su obra: \u00abHe aqu\u00ed, pues, el recto m\u00e9todo de abordar las cuestiones er\u00f3ticas o de ser conducido por otro: empezar por las cosas bellas de este mundo y teniendo como fin esa belleza en cuesti\u00f3n y, vali\u00e9ndose de ellas como de escalas, ir ascendiendo constantemente, yendo de un solo cuerpo a dos [&hellip;]<\/p>\n","protected":false},"featured_media":11465,"template":"","meta":[],"product_brand":[],"product_cat":[25],"product_tag":[54,1519,1184,1518],"class_list":{"0":"post-11462","1":"product","2":"type-product","3":"status-publish","4":"has-post-thumbnail","6":"product_cat-libros-digitales-ebooks","7":"product_tag-descargar-ebook","8":"product_tag-el-banquete","9":"product_tag-mejor-novelas","10":"product_tag-platon","12":"first","13":"instock","14":"shipping-taxable","15":"purchasable","16":"product-type-variable","17":"has-default-attributes"},"_links":{"self":[{"href":"https:\/\/www.taller-palabras.com\/WordPress_04\/wp-json\/wp\/v2\/product\/11462","targetHints":{"allow":["GET"]}}],"collection":[{"href":"https:\/\/www.taller-palabras.com\/WordPress_04\/wp-json\/wp\/v2\/product"}],"about":[{"href":"https:\/\/www.taller-palabras.com\/WordPress_04\/wp-json\/wp\/v2\/types\/product"}],"wp:featuredmedia":[{"embeddable":true,"href":"https:\/\/www.taller-palabras.com\/WordPress_04\/wp-json\/wp\/v2\/media\/11465"}],"wp:attachment":[{"href":"https:\/\/www.taller-palabras.com\/WordPress_04\/wp-json\/wp\/v2\/media?parent=11462"}],"wp:term":[{"taxonomy":"product_brand","embeddable":true,"href":"https:\/\/www.taller-palabras.com\/WordPress_04\/wp-json\/wp\/v2\/product_brand?post=11462"},{"taxonomy":"product_cat","embeddable":true,"href":"https:\/\/www.taller-palabras.com\/WordPress_04\/wp-json\/wp\/v2\/product_cat?post=11462"},{"taxonomy":"product_tag","embeddable":true,"href":"https:\/\/www.taller-palabras.com\/WordPress_04\/wp-json\/wp\/v2\/product_tag?post=11462"}],"curies":[{"name":"wp","href":"https:\/\/api.w.org\/{rel}","templated":true}]}}