{"id":11487,"date":"2018-11-13T11:58:01","date_gmt":"2018-11-13T14:58:01","guid":{"rendered":"https:\/\/www.taller-palabras.com\/WordPress_04\/?post_type=product&#038;p=11487"},"modified":"2025-07-27T13:07:57","modified_gmt":"2025-07-27T16:07:57","slug":"siete-cuentos-goticos-isak-dinesen-ebook","status":"publish","type":"product","link":"https:\/\/www.taller-palabras.com\/WordPress_04\/producto\/siete-cuentos-goticos-isak-dinesen-ebook","title":{"rendered":"Siete cuentos g\u00f3ticos &#8211; Isak Dinesen  \/ebook"},"content":{"rendered":"<figure id=\"attachment_407\" aria-describedby=\"caption-attachment-407\" style=\"width: 150px\" class=\"wp-caption alignleft\"><img loading=\"lazy\" decoding=\"async\" class=\"wp-image-407 size-thumbnail\" src=\"https:\/\/www.taller-palabras.com\/WordPress_04\/wp-content\/uploads\/2018\/11\/IsakDinesen_Karen_Blixenl-150x150.jpg\" alt=\"\" width=\"150\" height=\"150\" srcset=\"https:\/\/www.taller-palabras.com\/WordPress_04\/wp-content\/uploads\/2018\/11\/IsakDinesen_Karen_Blixenl-150x150.jpg 150w, https:\/\/www.taller-palabras.com\/WordPress_04\/wp-content\/uploads\/2018\/11\/IsakDinesen_Karen_Blixenl-324x324.jpg 324w, https:\/\/www.taller-palabras.com\/WordPress_04\/wp-content\/uploads\/2018\/11\/IsakDinesen_Karen_Blixenl-100x100.jpg 100w\" sizes=\"auto, (max-width: 150px) 100vw, 150px\" \/><figcaption id=\"caption-attachment-407\" class=\"wp-caption-text\">Autora Karen Christenze von Blixen alias Isak Dinesen<\/figcaption><\/figure>\n<p>Densidad y sensibilidad son dos t\u00e9rminos con que podr\u00edamos caracterizar estos Siete cuentos g\u00f3ticos de Isak Dinesen, la que \u00abten\u00eda una granja en \u00c1frica, al pie de las colinas del Ngong\u00bb. Densidad en cuanto a contenido abstracto, puesto que la reflexi\u00f3n, la narraci\u00f3n de historias ejemplares o la caracterizaci\u00f3n de personajes, paisajes y situaciones prevalecen sobre la acci\u00f3n propiamente dicha, que se limita en muchos casos al desplazamiento de los personajes de un lugar a otro. Esta misma densidad, trasladada al estilo, hace que estos siete cuentos fluyan lentamente, perezosamente, de meandro en meandro, mediante una prosa cargada de ecos de la vasta cultura de la autora; un estilo, por otro lado, que nos traslada a otra manera de escribir, un estilo poco habitual y que da a estos cuentos un aire antiguo y cargado de elementos rom\u00e1nticos.<\/p>\n","protected":false},"excerpt":{"rendered":"<p>Densidad y sensibilidad son dos t\u00e9rminos con que podr\u00edamos caracterizar estos Siete cuentos g\u00f3ticos de Isak Dinesen, la que \u00abten\u00eda una granja en \u00c1frica, al pie de las colinas del Ngong\u00bb. Densidad en cuanto a contenido abstracto, puesto que la reflexi\u00f3n, la narraci\u00f3n de historias ejemplares o la caracterizaci\u00f3n de personajes, paisajes y situaciones prevalecen [&hellip;]<\/p>\n","protected":false},"featured_media":11496,"template":"","meta":[],"product_brand":[],"product_cat":[25],"product_tag":[136,156,55,1524],"class_list":{"0":"post-11487","1":"product","2":"type-product","3":"status-publish","4":"has-post-thumbnail","6":"product_cat-libros-digitales-ebooks","7":"product_tag-decargar-ebook","8":"product_tag-isak-dinesen","9":"product_tag-novelas","10":"product_tag-siete-cuentos-goticos","12":"first","13":"instock","14":"shipping-taxable","15":"purchasable","16":"product-type-variable","17":"has-default-attributes"},"_links":{"self":[{"href":"https:\/\/www.taller-palabras.com\/WordPress_04\/wp-json\/wp\/v2\/product\/11487","targetHints":{"allow":["GET"]}}],"collection":[{"href":"https:\/\/www.taller-palabras.com\/WordPress_04\/wp-json\/wp\/v2\/product"}],"about":[{"href":"https:\/\/www.taller-palabras.com\/WordPress_04\/wp-json\/wp\/v2\/types\/product"}],"wp:featuredmedia":[{"embeddable":true,"href":"https:\/\/www.taller-palabras.com\/WordPress_04\/wp-json\/wp\/v2\/media\/11496"}],"wp:attachment":[{"href":"https:\/\/www.taller-palabras.com\/WordPress_04\/wp-json\/wp\/v2\/media?parent=11487"}],"wp:term":[{"taxonomy":"product_brand","embeddable":true,"href":"https:\/\/www.taller-palabras.com\/WordPress_04\/wp-json\/wp\/v2\/product_brand?post=11487"},{"taxonomy":"product_cat","embeddable":true,"href":"https:\/\/www.taller-palabras.com\/WordPress_04\/wp-json\/wp\/v2\/product_cat?post=11487"},{"taxonomy":"product_tag","embeddable":true,"href":"https:\/\/www.taller-palabras.com\/WordPress_04\/wp-json\/wp\/v2\/product_tag?post=11487"}],"curies":[{"name":"wp","href":"https:\/\/api.w.org\/{rel}","templated":true}]}}