{"id":11508,"date":"2020-09-14T13:04:19","date_gmt":"2020-09-14T16:04:19","guid":{"rendered":"https:\/\/www.taller-palabras.com\/WordPress_04\/?post_type=product&#038;p=11508"},"modified":"2025-09-04T13:20:28","modified_gmt":"2025-09-04T16:20:28","slug":"la-larga-marcha-stephen-king-ebook","status":"publish","type":"product","link":"https:\/\/www.taller-palabras.com\/WordPress_04\/producto\/la-larga-marcha-stephen-king-ebook","title":{"rendered":"La larga marcha &#8211; Stephen King \/ebook"},"content":{"rendered":"<figure id=\"attachment_2450\" aria-describedby=\"caption-attachment-2450\" style=\"width: 150px\" class=\"wp-caption alignleft\"><img loading=\"lazy\" decoding=\"async\" class=\"wp-image-2450 size-thumbnail\" src=\"https:\/\/www.taller-palabras.com\/WordPress_04\/wp-content\/uploads\/2020\/09\/StephenKing-150x150.jpg\" alt=\"\" width=\"150\" height=\"150\" srcset=\"https:\/\/www.taller-palabras.com\/WordPress_04\/wp-content\/uploads\/2020\/09\/StephenKing-150x150.jpg 150w, https:\/\/www.taller-palabras.com\/WordPress_04\/wp-content\/uploads\/2020\/09\/StephenKing-100x100.jpg 100w\" sizes=\"auto, (max-width: 150px) 100vw, 150px\" \/><figcaption id=\"caption-attachment-2450\" class=\"wp-caption-text\">Autor Stephen King<\/figcaption><\/figure>\n<p>Una inquietante novela futurista donde la realidad supera a la fantas\u00eda m\u00e1s terror\u00edfica. El escenario: una sociedad ultraconservadora que ha llevado al paroxismo sus rasgos m\u00e1s perversos, dominada por un estado policial. El acontecimiento: la m\u00e1s extraordinaria competici\u00f3n deportiva, una agotadora marcha a pie donde un resbal\u00f3n puede ser el \u00faltimo. Los competidores: cien adolescentes elegidos por sorteo y decididos a pasar sobre los cad\u00e1veres de sus compa\u00f1eros para llegar a la meta. El premio: fama y fortuna para el ganador, es decir, para el \u00fanico superviviente\u2026 Solo uno ser\u00e1 el triunfador. Los 99 restantes morir\u00e1n.<\/p>\n","protected":false},"excerpt":{"rendered":"<p>Una inquietante novela futurista donde la realidad supera a la fantas\u00eda m\u00e1s terror\u00edfica. El escenario: una sociedad ultraconservadora que ha llevado al paroxismo sus rasgos m\u00e1s perversos, dominada por un estado policial. El acontecimiento: la m\u00e1s extraordinaria competici\u00f3n deportiva, una agotadora marcha a pie donde un resbal\u00f3n puede ser el \u00faltimo. Los competidores: cien adolescentes [&hellip;]<\/p>\n","protected":false},"featured_media":11511,"template":"","meta":[],"product_brand":[],"product_cat":[25],"product_tag":[54,1527,45,272],"class_list":{"0":"post-11508","1":"product","2":"type-product","3":"status-publish","4":"has-post-thumbnail","6":"product_cat-libros-digitales-ebooks","7":"product_tag-descargar-ebook","8":"product_tag-la-larga-marcha","9":"product_tag-mejor-novela","10":"product_tag-stephen-king","12":"first","13":"instock","14":"shipping-taxable","15":"purchasable","16":"product-type-variable","17":"has-default-attributes"},"_links":{"self":[{"href":"https:\/\/www.taller-palabras.com\/WordPress_04\/wp-json\/wp\/v2\/product\/11508","targetHints":{"allow":["GET"]}}],"collection":[{"href":"https:\/\/www.taller-palabras.com\/WordPress_04\/wp-json\/wp\/v2\/product"}],"about":[{"href":"https:\/\/www.taller-palabras.com\/WordPress_04\/wp-json\/wp\/v2\/types\/product"}],"wp:featuredmedia":[{"embeddable":true,"href":"https:\/\/www.taller-palabras.com\/WordPress_04\/wp-json\/wp\/v2\/media\/11511"}],"wp:attachment":[{"href":"https:\/\/www.taller-palabras.com\/WordPress_04\/wp-json\/wp\/v2\/media?parent=11508"}],"wp:term":[{"taxonomy":"product_brand","embeddable":true,"href":"https:\/\/www.taller-palabras.com\/WordPress_04\/wp-json\/wp\/v2\/product_brand?post=11508"},{"taxonomy":"product_cat","embeddable":true,"href":"https:\/\/www.taller-palabras.com\/WordPress_04\/wp-json\/wp\/v2\/product_cat?post=11508"},{"taxonomy":"product_tag","embeddable":true,"href":"https:\/\/www.taller-palabras.com\/WordPress_04\/wp-json\/wp\/v2\/product_tag?post=11508"}],"curies":[{"name":"wp","href":"https:\/\/api.w.org\/{rel}","templated":true}]}}