{"id":11515,"date":"2025-09-04T13:21:53","date_gmt":"2025-09-04T16:21:53","guid":{"rendered":"https:\/\/www.taller-palabras.com\/WordPress_04\/?post_type=product&#038;p=11515"},"modified":"2025-09-04T13:25:38","modified_gmt":"2025-09-04T16:25:38","slug":"genesis-bernard-beckett-ebook","status":"publish","type":"product","link":"https:\/\/www.taller-palabras.com\/WordPress_04\/producto\/genesis-bernard-beckett-ebook","title":{"rendered":"G\u00e9nesis &#8211; Bernard Beckett  \/ebook"},"content":{"rendered":"<figure id=\"attachment_11518\" aria-describedby=\"caption-attachment-11518\" style=\"width: 198px\" class=\"wp-caption alignleft\"><img loading=\"lazy\" decoding=\"async\" class=\"wp-image-11518 size-full\" src=\"https:\/\/www.taller-palabras.com\/WordPress_04\/wp-content\/uploads\/2025\/09\/Bernard-Beckett.jpg\" alt=\"\" width=\"198\" height=\"198\" srcset=\"https:\/\/www.taller-palabras.com\/WordPress_04\/wp-content\/uploads\/2025\/09\/Bernard-Beckett.jpg 198w, https:\/\/www.taller-palabras.com\/WordPress_04\/wp-content\/uploads\/2025\/09\/Bernard-Beckett-150x150.jpg 150w, https:\/\/www.taller-palabras.com\/WordPress_04\/wp-content\/uploads\/2025\/09\/Bernard-Beckett-100x100.jpg 100w\" sizes=\"auto, (max-width: 198px) 100vw, 198px\" \/><figcaption id=\"caption-attachment-11518\" class=\"wp-caption-text\">Autor Bernard Beckett<\/figcaption><\/figure>\n<p>En un futuro no muy lejano, una estudiante llamada Anaximandro se presenta al riguroso examen de ingreso en la Academia, el \u00f3rgano de gobierno de la ut\u00f3pica sociedad en la que se ha criado. A lo largo de varias sesiones extenuantes, las preguntas del tribunal, que suscitan importantes cuestiones \u00e9ticas y filos\u00f3ficas, la llevar\u00e1n a descubrir una verdad que har\u00e1 tambalear los cimientos sobre los que se asienta su mundo. Poco m\u00e1s conviene revelar sobre el argumento sin correr el riesgo de arruinar la lectura. G\u00e9nesis atrapa al lector desde las primeras l\u00edneas y lo conduce, con una l\u00f3gica contundente y un ritmo de progresiva intensidad, hasta un desenlace impactante. Llegado ese punto, el lector s\u00f3lo desear\u00e1 una cosa: comenzar a leer la novela de nuevo. Emocionante f\u00e1bula especulativa, thriller filos\u00f3fico y meditaci\u00f3n humanista, G\u00e9nesis es una obra fuera de lo com\u00fan que escapa de toda etiqueta. Ambientada en la segunda mitad del siglo XXI, recurre a los pensadores griegos m\u00e1s relevantes en una estimulante reflexi\u00f3n sobre la fragilidad de nuestra civilizaci\u00f3n occidental.<\/p>\n","protected":false},"excerpt":{"rendered":"<p>En un futuro no muy lejano, una estudiante llamada Anaximandro se presenta al riguroso examen de ingreso en la Academia, el \u00f3rgano de gobierno de la ut\u00f3pica sociedad en la que se ha criado. A lo largo de varias sesiones extenuantes, las preguntas del tribunal, que suscitan importantes cuestiones \u00e9ticas y filos\u00f3ficas, la llevar\u00e1n a [&hellip;]<\/p>\n","protected":false},"featured_media":11519,"template":"","meta":[],"product_brand":[],"product_cat":[25],"product_tag":[1528,54,1529,1184],"class_list":{"0":"post-11515","1":"product","2":"type-product","3":"status-publish","4":"has-post-thumbnail","6":"product_cat-libros-digitales-ebooks","7":"product_tag-bernard-beckett","8":"product_tag-descargar-ebook","9":"product_tag-genesis","10":"product_tag-mejor-novelas","12":"first","13":"instock","14":"shipping-taxable","15":"purchasable","16":"product-type-variable","17":"has-default-attributes"},"_links":{"self":[{"href":"https:\/\/www.taller-palabras.com\/WordPress_04\/wp-json\/wp\/v2\/product\/11515","targetHints":{"allow":["GET"]}}],"collection":[{"href":"https:\/\/www.taller-palabras.com\/WordPress_04\/wp-json\/wp\/v2\/product"}],"about":[{"href":"https:\/\/www.taller-palabras.com\/WordPress_04\/wp-json\/wp\/v2\/types\/product"}],"wp:featuredmedia":[{"embeddable":true,"href":"https:\/\/www.taller-palabras.com\/WordPress_04\/wp-json\/wp\/v2\/media\/11519"}],"wp:attachment":[{"href":"https:\/\/www.taller-palabras.com\/WordPress_04\/wp-json\/wp\/v2\/media?parent=11515"}],"wp:term":[{"taxonomy":"product_brand","embeddable":true,"href":"https:\/\/www.taller-palabras.com\/WordPress_04\/wp-json\/wp\/v2\/product_brand?post=11515"},{"taxonomy":"product_cat","embeddable":true,"href":"https:\/\/www.taller-palabras.com\/WordPress_04\/wp-json\/wp\/v2\/product_cat?post=11515"},{"taxonomy":"product_tag","embeddable":true,"href":"https:\/\/www.taller-palabras.com\/WordPress_04\/wp-json\/wp\/v2\/product_tag?post=11515"}],"curies":[{"name":"wp","href":"https:\/\/api.w.org\/{rel}","templated":true}]}}