{"id":11522,"date":"2025-09-04T13:26:19","date_gmt":"2025-09-04T16:26:19","guid":{"rendered":"https:\/\/www.taller-palabras.com\/WordPress_04\/?post_type=product&#038;p=11522"},"modified":"2025-09-04T13:40:40","modified_gmt":"2025-09-04T16:40:40","slug":"divertirse-hasta-morir-neil-postman-ebook","status":"publish","type":"product","link":"https:\/\/www.taller-palabras.com\/WordPress_04\/producto\/divertirse-hasta-morir-neil-postman-ebook","title":{"rendered":"Divertirse hasta morir &#8211; Neil Postman  \/ebook"},"content":{"rendered":"<figure id=\"attachment_11528\" aria-describedby=\"caption-attachment-11528\" style=\"width: 250px\" class=\"wp-caption alignleft\"><img loading=\"lazy\" decoding=\"async\" class=\"wp-image-11528 size-full\" src=\"https:\/\/www.taller-palabras.com\/WordPress_04\/wp-content\/uploads\/2025\/09\/Neil-Postman.jpg\" alt=\"\" width=\"250\" height=\"250\" srcset=\"https:\/\/www.taller-palabras.com\/WordPress_04\/wp-content\/uploads\/2025\/09\/Neil-Postman.jpg 250w, https:\/\/www.taller-palabras.com\/WordPress_04\/wp-content\/uploads\/2025\/09\/Neil-Postman-150x150.jpg 150w, https:\/\/www.taller-palabras.com\/WordPress_04\/wp-content\/uploads\/2025\/09\/Neil-Postman-100x100.jpg 100w\" sizes=\"auto, (max-width: 250px) 100vw, 250px\" \/><figcaption id=\"caption-attachment-11528\" class=\"wp-caption-text\">Autor Neil Postman<\/figcaption><\/figure>\n<p>Neil Postman, con Huxley, se pregunta \u201cde qu\u00e9 nos re\u00edmos y por qu\u00e9 hemos dejado de pensar\u201d, y dirige sus respuestas a la televisi\u00f3n y a su modo entretenido de presentar, que ha transformado dr\u00e1sticamente la pol\u00edtica, la educaci\u00f3n, el periodismo, la ciencia y la religi\u00f3n. Recordando la frase del actor presidente norteamericano Ronald Reagan (\u201cLa pol\u00edtica es igual que el show business\u201d), Postman se lamenta de la muerte de la palabra impresa, con pasi\u00f3n de profesor y melancol\u00eda de sabio historiador.<\/p>\n","protected":false},"excerpt":{"rendered":"<p>Neil Postman, con Huxley, se pregunta \u201cde qu\u00e9 nos re\u00edmos y por qu\u00e9 hemos dejado de pensar\u201d, y dirige sus respuestas a la televisi\u00f3n y a su modo entretenido de presentar, que ha transformado dr\u00e1sticamente la pol\u00edtica, la educaci\u00f3n, el periodismo, la ciencia y la religi\u00f3n. Recordando la frase del actor presidente norteamericano Ronald Reagan [&hellip;]<\/p>\n","protected":false},"featured_media":11525,"template":"","meta":[],"product_brand":[],"product_cat":[25],"product_tag":[54,1531,1184,1530],"class_list":{"0":"post-11522","1":"product","2":"type-product","3":"status-publish","4":"has-post-thumbnail","6":"product_cat-libros-digitales-ebooks","7":"product_tag-descargar-ebook","8":"product_tag-divertirse-hasta-morir","9":"product_tag-mejor-novelas","10":"product_tag-neil-postman","12":"first","13":"instock","14":"shipping-taxable","15":"purchasable","16":"product-type-variable","17":"has-default-attributes"},"_links":{"self":[{"href":"https:\/\/www.taller-palabras.com\/WordPress_04\/wp-json\/wp\/v2\/product\/11522","targetHints":{"allow":["GET"]}}],"collection":[{"href":"https:\/\/www.taller-palabras.com\/WordPress_04\/wp-json\/wp\/v2\/product"}],"about":[{"href":"https:\/\/www.taller-palabras.com\/WordPress_04\/wp-json\/wp\/v2\/types\/product"}],"wp:featuredmedia":[{"embeddable":true,"href":"https:\/\/www.taller-palabras.com\/WordPress_04\/wp-json\/wp\/v2\/media\/11525"}],"wp:attachment":[{"href":"https:\/\/www.taller-palabras.com\/WordPress_04\/wp-json\/wp\/v2\/media?parent=11522"}],"wp:term":[{"taxonomy":"product_brand","embeddable":true,"href":"https:\/\/www.taller-palabras.com\/WordPress_04\/wp-json\/wp\/v2\/product_brand?post=11522"},{"taxonomy":"product_cat","embeddable":true,"href":"https:\/\/www.taller-palabras.com\/WordPress_04\/wp-json\/wp\/v2\/product_cat?post=11522"},{"taxonomy":"product_tag","embeddable":true,"href":"https:\/\/www.taller-palabras.com\/WordPress_04\/wp-json\/wp\/v2\/product_tag?post=11522"}],"curies":[{"name":"wp","href":"https:\/\/api.w.org\/{rel}","templated":true}]}}