{"id":11531,"date":"2025-09-08T13:28:03","date_gmt":"2025-09-08T16:28:03","guid":{"rendered":"https:\/\/www.taller-palabras.com\/WordPress_04\/?post_type=product&#038;p=11531"},"modified":"2025-09-14T13:18:49","modified_gmt":"2025-09-14T16:18:49","slug":"despojos-sobre-el-matrimonio-y-la-separacion-rachel-cusk-ebook","status":"publish","type":"product","link":"https:\/\/www.taller-palabras.com\/WordPress_04\/producto\/despojos-sobre-el-matrimonio-y-la-separacion-rachel-cusk-ebook","title":{"rendered":"Despojos. Sobre el matrimonio y la separaci\u00f3n &#8211; Rachel Cusk  \/ebook"},"content":{"rendered":"<figure id=\"attachment_11534\" aria-describedby=\"caption-attachment-11534\" style=\"width: 150px\" class=\"wp-caption alignleft\"><img loading=\"lazy\" decoding=\"async\" class=\"wp-image-11534 size-thumbnail\" src=\"https:\/\/www.taller-palabras.com\/WordPress_04\/wp-content\/uploads\/2025\/09\/Rachel-Cusk-150x150.jpg\" alt=\"\" width=\"150\" height=\"150\" srcset=\"https:\/\/www.taller-palabras.com\/WordPress_04\/wp-content\/uploads\/2025\/09\/Rachel-Cusk-150x150.jpg 150w, https:\/\/www.taller-palabras.com\/WordPress_04\/wp-content\/uploads\/2025\/09\/Rachel-Cusk-100x100.jpg 100w, https:\/\/www.taller-palabras.com\/WordPress_04\/wp-content\/uploads\/2025\/09\/Rachel-Cusk.jpg 283w\" sizes=\"auto, (max-width: 150px) 100vw, 150px\" \/><figcaption id=\"caption-attachment-11534\" class=\"wp-caption-text\">Autora Rachel Cusk<\/figcaption><\/figure>\n<p>En 2009, el matrimonio de Rachel Cusk lleg\u00f3 a su fin y su mundo se fractur\u00f3: \u00abla vida que hab\u00edamos construido juntos se desarm\u00f3, como un puzle convertido en un mont\u00f3n de piezas con los bordes recortados\u00bb. Despojos es el relato de esa ruptura, en el que una escritora y madre de dos ni\u00f1as observa sus propias reacciones ante la destrucci\u00f3n de la vida tal y como la hab\u00eda entendido hasta entonces. Una mujer que, mientras crea una nueva individualidad para ella y un nuevo modelo de familia para sus hijas \u2014en una sociedad que sit\u00faa el amor conyugal como centro sagrado e inquebrantable de una familia\u2014, descubre una inesperada vulnerabilidad, pero tambi\u00e9n libertades y fortalezas desconocidas.<\/p>\n","protected":false},"excerpt":{"rendered":"<p>En 2009, el matrimonio de Rachel Cusk lleg\u00f3 a su fin y su mundo se fractur\u00f3: \u00abla vida que hab\u00edamos construido juntos se desarm\u00f3, como un puzle convertido en un mont\u00f3n de piezas con los bordes recortados\u00bb. Despojos es el relato de esa ruptura, en el que una escritora y madre de dos ni\u00f1as observa [&hellip;]<\/p>\n","protected":false},"featured_media":11535,"template":"","meta":[],"product_brand":[],"product_cat":[25],"product_tag":[54,1533,1184,1532],"class_list":{"0":"post-11531","1":"product","2":"type-product","3":"status-publish","4":"has-post-thumbnail","6":"product_cat-libros-digitales-ebooks","7":"product_tag-descargar-ebook","8":"product_tag-despojos-sobre-el-matrimonio-y-la-separacion","9":"product_tag-mejor-novelas","10":"product_tag-rachel-cusk","12":"first","13":"instock","14":"shipping-taxable","15":"purchasable","16":"product-type-variable","17":"has-default-attributes"},"_links":{"self":[{"href":"https:\/\/www.taller-palabras.com\/WordPress_04\/wp-json\/wp\/v2\/product\/11531","targetHints":{"allow":["GET"]}}],"collection":[{"href":"https:\/\/www.taller-palabras.com\/WordPress_04\/wp-json\/wp\/v2\/product"}],"about":[{"href":"https:\/\/www.taller-palabras.com\/WordPress_04\/wp-json\/wp\/v2\/types\/product"}],"wp:featuredmedia":[{"embeddable":true,"href":"https:\/\/www.taller-palabras.com\/WordPress_04\/wp-json\/wp\/v2\/media\/11535"}],"wp:attachment":[{"href":"https:\/\/www.taller-palabras.com\/WordPress_04\/wp-json\/wp\/v2\/media?parent=11531"}],"wp:term":[{"taxonomy":"product_brand","embeddable":true,"href":"https:\/\/www.taller-palabras.com\/WordPress_04\/wp-json\/wp\/v2\/product_brand?post=11531"},{"taxonomy":"product_cat","embeddable":true,"href":"https:\/\/www.taller-palabras.com\/WordPress_04\/wp-json\/wp\/v2\/product_cat?post=11531"},{"taxonomy":"product_tag","embeddable":true,"href":"https:\/\/www.taller-palabras.com\/WordPress_04\/wp-json\/wp\/v2\/product_tag?post=11531"}],"curies":[{"name":"wp","href":"https:\/\/api.w.org\/{rel}","templated":true}]}}