{"id":11544,"date":"2025-09-08T13:35:38","date_gmt":"2025-09-08T16:35:38","guid":{"rendered":"https:\/\/www.taller-palabras.com\/WordPress_04\/?post_type=product&#038;p=11544"},"modified":"2025-09-08T13:40:51","modified_gmt":"2025-09-08T16:40:51","slug":"el-infinito-en-un-junco-irene-vallejo-ebook","status":"publish","type":"product","link":"https:\/\/www.taller-palabras.com\/WordPress_04\/producto\/el-infinito-en-un-junco-irene-vallejo-ebook","title":{"rendered":"El infinito en un junco &#8211; Irene Vallejo  \/ebook"},"content":{"rendered":"<figure id=\"attachment_11548\" aria-describedby=\"caption-attachment-11548\" style=\"width: 150px\" class=\"wp-caption alignleft\"><img loading=\"lazy\" decoding=\"async\" class=\"wp-image-11548 size-thumbnail\" src=\"https:\/\/www.taller-palabras.com\/WordPress_04\/wp-content\/uploads\/2025\/09\/Irene-vallejos-150x150.jpg\" alt=\"\" width=\"150\" height=\"150\" srcset=\"https:\/\/www.taller-palabras.com\/WordPress_04\/wp-content\/uploads\/2025\/09\/Irene-vallejos-150x150.jpg 150w, https:\/\/www.taller-palabras.com\/WordPress_04\/wp-content\/uploads\/2025\/09\/Irene-vallejos-100x100.jpg 100w, https:\/\/www.taller-palabras.com\/WordPress_04\/wp-content\/uploads\/2025\/09\/Irene-vallejos.jpg 283w\" sizes=\"auto, (max-width: 150px) 100vw, 150px\" \/><figcaption id=\"caption-attachment-11548\" class=\"wp-caption-text\">Autora Irene Vallejos<\/figcaption><\/figure>\n<p>Este es un libro sobre la historia de los libros. Un recorrido por la vida de ese fascinante artefacto que inventamos para que las palabras pudieran viajar en el espacio y en el tiempo. La historia de su fabricaci\u00f3n, de todos los tipos que hemos ensayado a lo largo de casi treinta siglos: libros de humo, de piedra, de arcilla, de juncos, de seda, de piel, de \u00e1rboles y, los \u00faltimos llegados, de pl\u00e1stico y luz. Es, adem\u00e1s, un libro de viajes. Una ruta con escalas en los campos de batalla de Alejandro y en la Villa de los Papiros bajo la erupci\u00f3n del Vesubio, en los palacios de Cleopatra y en el escenario del crimen de Hipatia, en la primeras librer\u00edas conocidas y en los talleres de copia manuscrita, en las hogueras donde ardieron c\u00f3dices prohibidos, en el gulag, en la biblioteca de Sarajevo y en el laberinto subterr\u00e1neo de Oxford en el a\u00f1o 2000. Un hilo que une a los cl\u00e1sicos con el vertiginoso mundo contempor\u00e1neo, conect\u00e1ndolos con debates actuales: Arist\u00f3fanes y los procesos judiciales contra humoristas, Safo y la voz literaria de las mujeres, Tito Livio y el fen\u00f3meno fan, S\u00e9neca y la posverdad. Pero sobre todo, esta es una fabulosa aventura colectiva protagonizada por miles de personas que, a lo largo del tiempo, han hecho posibles y han protegido los libros: narradoras orales, escribas, iluminadores, traductores, vendedores ambulantes, maestras, sabios, esp\u00edas, rebeldes, monjas, esclavos, aventureras\u2026 .<\/p>\n","protected":false},"excerpt":{"rendered":"<p>Este es un libro sobre la historia de los libros. Un recorrido por la vida de ese fascinante artefacto que inventamos para que las palabras pudieran viajar en el espacio y en el tiempo. La historia de su fabricaci\u00f3n, de todos los tipos que hemos ensayado a lo largo de casi treinta siglos: libros de [&hellip;]<\/p>\n","protected":false},"featured_media":11547,"template":"","meta":[],"product_brand":[],"product_cat":[25],"product_tag":[54,1535,1534,1184],"class_list":{"0":"post-11544","1":"product","2":"type-product","3":"status-publish","4":"has-post-thumbnail","6":"product_cat-libros-digitales-ebooks","7":"product_tag-descargar-ebook","8":"product_tag-el-infinito-en-un-junco","9":"product_tag-irene-vallejo","10":"product_tag-mejor-novelas","12":"first","13":"instock","14":"shipping-taxable","15":"purchasable","16":"product-type-variable","17":"has-default-attributes"},"_links":{"self":[{"href":"https:\/\/www.taller-palabras.com\/WordPress_04\/wp-json\/wp\/v2\/product\/11544","targetHints":{"allow":["GET"]}}],"collection":[{"href":"https:\/\/www.taller-palabras.com\/WordPress_04\/wp-json\/wp\/v2\/product"}],"about":[{"href":"https:\/\/www.taller-palabras.com\/WordPress_04\/wp-json\/wp\/v2\/types\/product"}],"wp:featuredmedia":[{"embeddable":true,"href":"https:\/\/www.taller-palabras.com\/WordPress_04\/wp-json\/wp\/v2\/media\/11547"}],"wp:attachment":[{"href":"https:\/\/www.taller-palabras.com\/WordPress_04\/wp-json\/wp\/v2\/media?parent=11544"}],"wp:term":[{"taxonomy":"product_brand","embeddable":true,"href":"https:\/\/www.taller-palabras.com\/WordPress_04\/wp-json\/wp\/v2\/product_brand?post=11544"},{"taxonomy":"product_cat","embeddable":true,"href":"https:\/\/www.taller-palabras.com\/WordPress_04\/wp-json\/wp\/v2\/product_cat?post=11544"},{"taxonomy":"product_tag","embeddable":true,"href":"https:\/\/www.taller-palabras.com\/WordPress_04\/wp-json\/wp\/v2\/product_tag?post=11544"}],"curies":[{"name":"wp","href":"https:\/\/api.w.org\/{rel}","templated":true}]}}