{"id":11550,"date":"2025-09-08T13:43:52","date_gmt":"2025-09-08T16:43:52","guid":{"rendered":"https:\/\/www.taller-palabras.com\/WordPress_04\/?post_type=product&#038;p=11550"},"modified":"2025-09-08T13:46:36","modified_gmt":"2025-09-08T16:46:36","slug":"manual-para-mujeres-de-la-limpieza-lucia-berlin-ebook","status":"publish","type":"product","link":"https:\/\/www.taller-palabras.com\/WordPress_04\/producto\/manual-para-mujeres-de-la-limpieza-lucia-berlin-ebook","title":{"rendered":"Manual para mujeres de la limpieza &#8211; Lucia Berlin  \/ebook"},"content":{"rendered":"<figure id=\"attachment_11553\" aria-describedby=\"caption-attachment-11553\" style=\"width: 150px\" class=\"wp-caption alignleft\"><img loading=\"lazy\" decoding=\"async\" class=\"wp-image-11553 size-thumbnail\" src=\"https:\/\/www.taller-palabras.com\/WordPress_04\/wp-content\/uploads\/2025\/09\/lucia-berlin-150x150.jpg\" alt=\"\" width=\"150\" height=\"150\" srcset=\"https:\/\/www.taller-palabras.com\/WordPress_04\/wp-content\/uploads\/2025\/09\/lucia-berlin-150x150.jpg 150w, https:\/\/www.taller-palabras.com\/WordPress_04\/wp-content\/uploads\/2025\/09\/lucia-berlin-100x100.jpg 100w, https:\/\/www.taller-palabras.com\/WordPress_04\/wp-content\/uploads\/2025\/09\/lucia-berlin.jpg 283w\" sizes=\"auto, (max-width: 150px) 100vw, 150px\" \/><figcaption id=\"caption-attachment-11553\" class=\"wp-caption-text\">Autora Lucia Berlin<\/figcaption><\/figure>\n<p>Con su inigualable toque de humor y melancol\u00eda, Berlin se hace eco de su vida, asombrosa y convulsa, para crear verdaderos milagros literarios con episodios del d\u00eda a d\u00eda. Las mujeres de sus relatos est\u00e1n desorientadas, pero al mismo tiempo son fuertes, inteligentes y, sobre todo, extraordinariamente reales. R\u00eden, lloran, aman, beben: sobreviven.<\/p>\n","protected":false},"excerpt":{"rendered":"<p>Con su inigualable toque de humor y melancol\u00eda, Berlin se hace eco de su vida, asombrosa y convulsa, para crear verdaderos milagros literarios con episodios del d\u00eda a d\u00eda. Las mujeres de sus relatos est\u00e1n desorientadas, pero al mismo tiempo son fuertes, inteligentes y, sobre todo, extraordinariamente reales. R\u00eden, lloran, aman, beben: sobreviven.<\/p>\n","protected":false},"featured_media":11554,"template":"","meta":[],"product_brand":[],"product_cat":[25],"product_tag":[54,1536,1537,1184],"class_list":{"0":"post-11550","1":"product","2":"type-product","3":"status-publish","4":"has-post-thumbnail","6":"product_cat-libros-digitales-ebooks","7":"product_tag-descargar-ebook","8":"product_tag-lucia-berlin","9":"product_tag-manual-para-mujeres-de-la-limpieza","10":"product_tag-mejor-novelas","12":"first","13":"instock","14":"shipping-taxable","15":"purchasable","16":"product-type-variable","17":"has-default-attributes"},"_links":{"self":[{"href":"https:\/\/www.taller-palabras.com\/WordPress_04\/wp-json\/wp\/v2\/product\/11550","targetHints":{"allow":["GET"]}}],"collection":[{"href":"https:\/\/www.taller-palabras.com\/WordPress_04\/wp-json\/wp\/v2\/product"}],"about":[{"href":"https:\/\/www.taller-palabras.com\/WordPress_04\/wp-json\/wp\/v2\/types\/product"}],"wp:featuredmedia":[{"embeddable":true,"href":"https:\/\/www.taller-palabras.com\/WordPress_04\/wp-json\/wp\/v2\/media\/11554"}],"wp:attachment":[{"href":"https:\/\/www.taller-palabras.com\/WordPress_04\/wp-json\/wp\/v2\/media?parent=11550"}],"wp:term":[{"taxonomy":"product_brand","embeddable":true,"href":"https:\/\/www.taller-palabras.com\/WordPress_04\/wp-json\/wp\/v2\/product_brand?post=11550"},{"taxonomy":"product_cat","embeddable":true,"href":"https:\/\/www.taller-palabras.com\/WordPress_04\/wp-json\/wp\/v2\/product_cat?post=11550"},{"taxonomy":"product_tag","embeddable":true,"href":"https:\/\/www.taller-palabras.com\/WordPress_04\/wp-json\/wp\/v2\/product_tag?post=11550"}],"curies":[{"name":"wp","href":"https:\/\/api.w.org\/{rel}","templated":true}]}}