{"id":11555,"date":"2025-09-08T13:51:44","date_gmt":"2025-09-08T16:51:44","guid":{"rendered":"https:\/\/www.taller-palabras.com\/WordPress_04\/?post_type=product&#038;p=11555"},"modified":"2025-09-08T13:55:46","modified_gmt":"2025-09-08T16:55:46","slug":"la-dimension-desconocida-nona-fernandez-ebook","status":"publish","type":"product","link":"https:\/\/www.taller-palabras.com\/WordPress_04\/producto\/la-dimension-desconocida-nona-fernandez-ebook","title":{"rendered":"La dimensi\u00f3n desconocida &#8211; Nona Fern\u00e1ndez  \/ebook"},"content":{"rendered":"<figure id=\"attachment_11559\" aria-describedby=\"caption-attachment-11559\" style=\"width: 150px\" class=\"wp-caption alignleft\"><img loading=\"lazy\" decoding=\"async\" class=\"wp-image-11559 size-thumbnail\" src=\"https:\/\/www.taller-palabras.com\/WordPress_04\/wp-content\/uploads\/2025\/09\/Nona-Fernandez-2-150x150.jpg\" alt=\"\" width=\"150\" height=\"150\" srcset=\"https:\/\/www.taller-palabras.com\/WordPress_04\/wp-content\/uploads\/2025\/09\/Nona-Fernandez-2-150x150.jpg 150w, https:\/\/www.taller-palabras.com\/WordPress_04\/wp-content\/uploads\/2025\/09\/Nona-Fernandez-2-324x324.jpg 324w, https:\/\/www.taller-palabras.com\/WordPress_04\/wp-content\/uploads\/2025\/09\/Nona-Fernandez-2-100x100.jpg 100w\" sizes=\"auto, (max-width: 150px) 100vw, 150px\" \/><figcaption id=\"caption-attachment-11559\" class=\"wp-caption-text\">Autora Nona Fern\u00e1ndez<\/figcaption><\/figure>\n<p>En plena dictadura chilena, un angustiado hombre llega a las oficinas de una revista de oposici\u00f3n. Es un agente de la polic\u00eda secreta. Quiero hablar, dice, y una periodista prende su grabadora para escuchar un testimonio que abrir\u00e1 las puertas de una dimensi\u00f3n hasta entonces desconocida. Siguiendo la hebra de esta escena real, Nona Fern\u00e1ndez activa los mecanismos de la imaginaci\u00f3n para acceder a aquellos rincones donde la memoria y los archivos no han podido llegar. Confrontando su propia experiencia con los relatos del hombre que torturaba, la narradora entra en las vidas de los protagonistas de ese testimonio ominoso: la de un padre que es detenido en una micro mientras lleva a sus hijos al colegio y la de un ni\u00f1o que cambia de nombres y de vidas hasta ser testigo de una masacre, entre otras.<\/p>\n","protected":false},"excerpt":{"rendered":"<p>En plena dictadura chilena, un angustiado hombre llega a las oficinas de una revista de oposici\u00f3n. Es un agente de la polic\u00eda secreta. Quiero hablar, dice, y una periodista prende su grabadora para escuchar un testimonio que abrir\u00e1 las puertas de una dimensi\u00f3n hasta entonces desconocida. Siguiendo la hebra de esta escena real, Nona Fern\u00e1ndez [&hellip;]<\/p>\n","protected":false},"featured_media":11558,"template":"","meta":[],"product_brand":[],"product_cat":[25],"product_tag":[54,1539,1184,1538],"class_list":{"0":"post-11555","1":"product","2":"type-product","3":"status-publish","4":"has-post-thumbnail","6":"product_cat-libros-digitales-ebooks","7":"product_tag-descargar-ebook","8":"product_tag-la-dimension-desconocida","9":"product_tag-mejor-novelas","10":"product_tag-nona-fernandez","12":"first","13":"instock","14":"shipping-taxable","15":"purchasable","16":"product-type-variable","17":"has-default-attributes"},"_links":{"self":[{"href":"https:\/\/www.taller-palabras.com\/WordPress_04\/wp-json\/wp\/v2\/product\/11555","targetHints":{"allow":["GET"]}}],"collection":[{"href":"https:\/\/www.taller-palabras.com\/WordPress_04\/wp-json\/wp\/v2\/product"}],"about":[{"href":"https:\/\/www.taller-palabras.com\/WordPress_04\/wp-json\/wp\/v2\/types\/product"}],"wp:featuredmedia":[{"embeddable":true,"href":"https:\/\/www.taller-palabras.com\/WordPress_04\/wp-json\/wp\/v2\/media\/11558"}],"wp:attachment":[{"href":"https:\/\/www.taller-palabras.com\/WordPress_04\/wp-json\/wp\/v2\/media?parent=11555"}],"wp:term":[{"taxonomy":"product_brand","embeddable":true,"href":"https:\/\/www.taller-palabras.com\/WordPress_04\/wp-json\/wp\/v2\/product_brand?post=11555"},{"taxonomy":"product_cat","embeddable":true,"href":"https:\/\/www.taller-palabras.com\/WordPress_04\/wp-json\/wp\/v2\/product_cat?post=11555"},{"taxonomy":"product_tag","embeddable":true,"href":"https:\/\/www.taller-palabras.com\/WordPress_04\/wp-json\/wp\/v2\/product_tag?post=11555"}],"curies":[{"name":"wp","href":"https:\/\/api.w.org\/{rel}","templated":true}]}}