{"id":11562,"date":"2024-09-19T15:01:24","date_gmt":"2024-09-19T18:01:24","guid":{"rendered":"https:\/\/www.taller-palabras.com\/WordPress_04\/?post_type=product&#038;p=11562"},"modified":"2025-09-20T15:15:51","modified_gmt":"2025-09-20T18:15:51","slug":"habitos-atomicos-james-clear-ebook","status":"publish","type":"product","link":"https:\/\/www.taller-palabras.com\/WordPress_04\/producto\/habitos-atomicos-james-clear-ebook","title":{"rendered":"H\u00e1bitos at\u00f3micos &#8211; James Clear  \/ebook"},"content":{"rendered":"<figure id=\"attachment_11565\" aria-describedby=\"caption-attachment-11565\" style=\"width: 150px\" class=\"wp-caption alignleft\"><img loading=\"lazy\" decoding=\"async\" class=\"wp-image-11565 size-thumbnail\" src=\"https:\/\/www.taller-palabras.com\/WordPress_04\/wp-content\/uploads\/2025\/09\/James-Clear-150x150.jpg\" alt=\"\" width=\"150\" height=\"150\" srcset=\"https:\/\/www.taller-palabras.com\/WordPress_04\/wp-content\/uploads\/2025\/09\/James-Clear-150x150.jpg 150w, https:\/\/www.taller-palabras.com\/WordPress_04\/wp-content\/uploads\/2025\/09\/James-Clear-100x100.jpg 100w, https:\/\/www.taller-palabras.com\/WordPress_04\/wp-content\/uploads\/2025\/09\/James-Clear.jpg 300w\" sizes=\"auto, (max-width: 150px) 100vw, 150px\" \/><figcaption id=\"caption-attachment-11565\" class=\"wp-caption-text\">Autor James Clear<\/figcaption><\/figure>\n<p>H\u00e1bitos at\u00f3micos parte de una simple pero poderosa pregunta: \u00bfC\u00f3mo podemos vivir mejor? Sabemos que unos buenos h\u00e1bitos nos permiten mejorar significativamente nuestra vida, pero con frecuencia nos desviamos del camino: dejamos de hacer ejercicio, comemos mal, dormimos poco, despilfarramos. \u00bfPor qu\u00e9 es tan f\u00e1cil caer en los malos h\u00e1bitos y tan complicado seguir los buenos? James Clear nos brinda fant\u00e1sticas ideas basadas en investigaciones cient\u00edficas, que le permiten revelarnos c\u00f3mo podemos transformar peque\u00f1os h\u00e1bitos cotidianos para cambiar nuestra vida y mejorarla. Esta gu\u00eda pone al descubierto las fuerzas ocultas que moldean nuestro comportamiento \u2014desde nuestra mentalidad, pasando por el ambiente y hasta la gen\u00e9tica\u2014 y nos demuestra c\u00f3mo aplicar cada cambio a nuestra vida y a nuestro trabajo. Despu\u00e9s de leer este libro, tendr\u00e1s un m\u00e9todo sencillo para desarrollar un sistema eficaz que te conducir\u00e1 al \u00e9xito.<\/p>\n","protected":false},"excerpt":{"rendered":"<p>H\u00e1bitos at\u00f3micos parte de una simple pero poderosa pregunta: \u00bfC\u00f3mo podemos vivir mejor? Sabemos que unos buenos h\u00e1bitos nos permiten mejorar significativamente nuestra vida, pero con frecuencia nos desviamos del camino: dejamos de hacer ejercicio, comemos mal, dormimos poco, despilfarramos. \u00bfPor qu\u00e9 es tan f\u00e1cil caer en los malos h\u00e1bitos y tan complicado seguir los [&hellip;]<\/p>\n","protected":false},"featured_media":11568,"template":"","meta":[],"product_brand":[],"product_cat":[25],"product_tag":[54,1541,1540,1184],"class_list":{"0":"post-11562","1":"product","2":"type-product","3":"status-publish","4":"has-post-thumbnail","6":"product_cat-libros-digitales-ebooks","7":"product_tag-descargar-ebook","8":"product_tag-habitos-atomicos","9":"product_tag-james-clear","10":"product_tag-mejor-novelas","12":"first","13":"instock","14":"shipping-taxable","15":"purchasable","16":"product-type-variable","17":"has-default-attributes"},"_links":{"self":[{"href":"https:\/\/www.taller-palabras.com\/WordPress_04\/wp-json\/wp\/v2\/product\/11562","targetHints":{"allow":["GET"]}}],"collection":[{"href":"https:\/\/www.taller-palabras.com\/WordPress_04\/wp-json\/wp\/v2\/product"}],"about":[{"href":"https:\/\/www.taller-palabras.com\/WordPress_04\/wp-json\/wp\/v2\/types\/product"}],"wp:featuredmedia":[{"embeddable":true,"href":"https:\/\/www.taller-palabras.com\/WordPress_04\/wp-json\/wp\/v2\/media\/11568"}],"wp:attachment":[{"href":"https:\/\/www.taller-palabras.com\/WordPress_04\/wp-json\/wp\/v2\/media?parent=11562"}],"wp:term":[{"taxonomy":"product_brand","embeddable":true,"href":"https:\/\/www.taller-palabras.com\/WordPress_04\/wp-json\/wp\/v2\/product_brand?post=11562"},{"taxonomy":"product_cat","embeddable":true,"href":"https:\/\/www.taller-palabras.com\/WordPress_04\/wp-json\/wp\/v2\/product_cat?post=11562"},{"taxonomy":"product_tag","embeddable":true,"href":"https:\/\/www.taller-palabras.com\/WordPress_04\/wp-json\/wp\/v2\/product_tag?post=11562"}],"curies":[{"name":"wp","href":"https:\/\/api.w.org\/{rel}","templated":true}]}}