{"id":11577,"date":"2025-09-21T15:20:34","date_gmt":"2025-09-21T18:20:34","guid":{"rendered":"https:\/\/www.taller-palabras.com\/WordPress_04\/?post_type=product&#038;p=11577"},"modified":"2025-09-23T13:57:30","modified_gmt":"2025-09-23T16:57:30","slug":"daniel-balmaceda-sarmiento-ebook","status":"publish","type":"product","link":"https:\/\/www.taller-palabras.com\/WordPress_04\/producto\/daniel-balmaceda-sarmiento-ebook","title":{"rendered":"Daniel Balmaceda &#8211; Sarmiento \/ebook"},"content":{"rendered":"<figure id=\"attachment_11604\" aria-describedby=\"caption-attachment-11604\" style=\"width: 150px\" class=\"wp-caption alignleft\"><img loading=\"lazy\" decoding=\"async\" class=\"wp-image-11604 size-thumbnail\" src=\"https:\/\/www.taller-palabras.com\/WordPress_04\/wp-content\/uploads\/2025\/09\/Daniel-Balmaceda-150x150.jpg\" alt=\"\" width=\"150\" height=\"150\" srcset=\"https:\/\/www.taller-palabras.com\/WordPress_04\/wp-content\/uploads\/2025\/09\/Daniel-Balmaceda-150x150.jpg 150w, https:\/\/www.taller-palabras.com\/WordPress_04\/wp-content\/uploads\/2025\/09\/Daniel-Balmaceda-300x300.jpg 300w, https:\/\/www.taller-palabras.com\/WordPress_04\/wp-content\/uploads\/2025\/09\/Daniel-Balmaceda-1024x1024.jpg 1024w, https:\/\/www.taller-palabras.com\/WordPress_04\/wp-content\/uploads\/2025\/09\/Daniel-Balmaceda-768x768.jpg 768w, https:\/\/www.taller-palabras.com\/WordPress_04\/wp-content\/uploads\/2025\/09\/Daniel-Balmaceda-324x324.jpg 324w, https:\/\/www.taller-palabras.com\/WordPress_04\/wp-content\/uploads\/2025\/09\/Daniel-Balmaceda-416x416.jpg 416w, https:\/\/www.taller-palabras.com\/WordPress_04\/wp-content\/uploads\/2025\/09\/Daniel-Balmaceda-100x100.jpg 100w, https:\/\/www.taller-palabras.com\/WordPress_04\/wp-content\/uploads\/2025\/09\/Daniel-Balmaceda.jpg 1500w\" sizes=\"auto, (max-width: 150px) 100vw, 150px\" \/><figcaption id=\"caption-attachment-11604\" class=\"wp-caption-text\">Autor Daniel Balmaceda<\/figcaption><\/figure>\n<p>Sarmiento renunci\u00f3 a la masoner\u00eda antes de asumir, vivi\u00f3 de prestado en casas de parientes y sufri\u00f3 un grave atentado por parte del mismo bando que propici\u00f3 el asesinato de Urquiza. Carg\u00f3 con la epidemia de la fiebre amarilla y la mayor tragedia naval de su tiempo. Complet\u00f3 su mandato en medio de una rebeli\u00f3n militar. Lo trataron de borracho, corrupto, in\u00fatil y anticonstitucional. Pero el contexto hostil no le impidi\u00f3 expandir los ferrocarriles y el tel\u00e9grafo, promover la ciencia y la tecnolog\u00eda, impulsar el uso de maquinaria agr\u00edcola, concretar el primer censo y fomentar el crecimiento de las econom\u00edas regionales. Aunque algo arrogante, altanero y soberbio, su inteligencia le permiti\u00f3 adoptar lo mejor del modelo norteamericano que tanto admiraba. Las cartas \u00edntimas a su mujer, amantes y amigos, sus peleas con las maestras norteamericanas, la cuestionada visi\u00f3n del gaucho, la pol\u00e9mica por la supuesta entrega de la Patagonia y el mito de la Casa Rosada son solo algunas de las originales historias que pintan un perfil amplio, a veces ignorado y, sobre todo, cautivador, del presidente que torci\u00f3 el rumbo del pa\u00eds.<\/p>\n","protected":false},"excerpt":{"rendered":"<p>Sarmiento renunci\u00f3 a la masoner\u00eda antes de asumir, vivi\u00f3 de prestado en casas de parientes y sufri\u00f3 un grave atentado por parte del mismo bando que propici\u00f3 el asesinato de Urquiza. Carg\u00f3 con la epidemia de la fiebre amarilla y la mayor tragedia naval de su tiempo. Complet\u00f3 su mandato en medio de una rebeli\u00f3n [&hellip;]<\/p>\n","protected":false},"featured_media":11603,"template":"","meta":[],"product_brand":[],"product_cat":[25],"product_tag":[1547,54,1184,1548],"class_list":{"0":"post-11577","1":"product","2":"type-product","3":"status-publish","4":"has-post-thumbnail","6":"product_cat-libros-digitales-ebooks","7":"product_tag-daniel-balmaceda","8":"product_tag-descargar-ebook","9":"product_tag-mejor-novelas","10":"product_tag-sarmiento","12":"first","13":"instock","14":"shipping-taxable","15":"purchasable","16":"product-type-variable","17":"has-default-attributes"},"_links":{"self":[{"href":"https:\/\/www.taller-palabras.com\/WordPress_04\/wp-json\/wp\/v2\/product\/11577","targetHints":{"allow":["GET"]}}],"collection":[{"href":"https:\/\/www.taller-palabras.com\/WordPress_04\/wp-json\/wp\/v2\/product"}],"about":[{"href":"https:\/\/www.taller-palabras.com\/WordPress_04\/wp-json\/wp\/v2\/types\/product"}],"wp:featuredmedia":[{"embeddable":true,"href":"https:\/\/www.taller-palabras.com\/WordPress_04\/wp-json\/wp\/v2\/media\/11603"}],"wp:attachment":[{"href":"https:\/\/www.taller-palabras.com\/WordPress_04\/wp-json\/wp\/v2\/media?parent=11577"}],"wp:term":[{"taxonomy":"product_brand","embeddable":true,"href":"https:\/\/www.taller-palabras.com\/WordPress_04\/wp-json\/wp\/v2\/product_brand?post=11577"},{"taxonomy":"product_cat","embeddable":true,"href":"https:\/\/www.taller-palabras.com\/WordPress_04\/wp-json\/wp\/v2\/product_cat?post=11577"},{"taxonomy":"product_tag","embeddable":true,"href":"https:\/\/www.taller-palabras.com\/WordPress_04\/wp-json\/wp\/v2\/product_tag?post=11577"}],"curies":[{"name":"wp","href":"https:\/\/api.w.org\/{rel}","templated":true}]}}