{"id":11584,"date":"2020-07-30T12:28:54","date_gmt":"2020-07-30T15:28:54","guid":{"rendered":"https:\/\/www.taller-palabras.com\/WordPress_04\/?post_type=product&#038;p=11584"},"modified":"2025-09-21T16:13:30","modified_gmt":"2025-09-21T19:13:30","slug":"angeles-y-demonios-dan-brown-ebook","status":"publish","type":"product","link":"https:\/\/www.taller-palabras.com\/WordPress_04\/producto\/angeles-y-demonios-dan-brown-ebook","title":{"rendered":"\u00c1ngeles y demonios &#8211; Dan Brown \/ebook"},"content":{"rendered":"<p><img loading=\"lazy\" decoding=\"async\" class=\"alignleft wp-image-633 size-thumbnail\" src=\"https:\/\/www.taller-palabras.com\/WordPress_04\/wp-content\/uploads\/2019\/04\/danbrown-150x150.jpg\" alt=\"\" width=\"150\" height=\"150\" srcset=\"https:\/\/www.taller-palabras.com\/WordPress_04\/wp-content\/uploads\/2019\/04\/danbrown-150x150.jpg 150w, https:\/\/www.taller-palabras.com\/WordPress_04\/wp-content\/uploads\/2019\/04\/danbrown-324x324.jpg 324w, https:\/\/www.taller-palabras.com\/WordPress_04\/wp-content\/uploads\/2019\/04\/danbrown-100x100.jpg 100w\" sizes=\"auto, (max-width: 150px) 100vw, 150px\" \/><\/p>\n<p>El arma m\u00e1s poderosa creada por el hombre, una organizaci\u00f3n secreta sedienta de venganza&#8230; y apenas unas horas para evitar el desastre. La eterna pugna entre ciencia y religi\u00f3n se ha convertido en una guerra muy real. En un laboratorio de m\u00e1xima seguridad, aparece asesinado un cient\u00edfico con un extra\u00f1o s\u00edmbolo grabado a fuego en su pecho. Para el profesor Robert Langdon no hay duda: los Illuminati, los hombres enfrentados a la Iglesia desde los tiempos de Galileo, han regresado. Y esta vez disponen de la m\u00e1s mort\u00edfera arma que ha creado la humanidad, un artefacto con el que pueden ganar la batalla final contra su eterno enemigo. Acompa\u00f1ado de una joven cient\u00edfica y un audaz capit\u00e1n de la Guardia Suiza, Langdon comienza una carrera contra reloj, en una b\u00fasqueda desesperada por los rincones m\u00e1s secretos de El Vaticano.<\/p>\n","protected":false},"excerpt":{"rendered":"<p>El arma m\u00e1s poderosa creada por el hombre, una organizaci\u00f3n secreta sedienta de venganza&#8230; y apenas unas horas para evitar el desastre. La eterna pugna entre ciencia y religi\u00f3n se ha convertido en una guerra muy real. En un laboratorio de m\u00e1xima seguridad, aparece asesinado un cient\u00edfico con un extra\u00f1o s\u00edmbolo grabado a fuego en [&hellip;]<\/p>\n","protected":false},"featured_media":11587,"template":"","meta":[],"product_brand":[],"product_cat":[25],"product_tag":[1544,118,54,45],"class_list":{"0":"post-11584","1":"product","2":"type-product","3":"status-publish","4":"has-post-thumbnail","6":"product_cat-libros-digitales-ebooks","7":"product_tag-angeles-y-demonios","8":"product_tag-dan-brown","9":"product_tag-descargar-ebook","10":"product_tag-mejor-novela","12":"first","13":"instock","14":"shipping-taxable","15":"purchasable","16":"product-type-variable","17":"has-default-attributes"},"_links":{"self":[{"href":"https:\/\/www.taller-palabras.com\/WordPress_04\/wp-json\/wp\/v2\/product\/11584","targetHints":{"allow":["GET"]}}],"collection":[{"href":"https:\/\/www.taller-palabras.com\/WordPress_04\/wp-json\/wp\/v2\/product"}],"about":[{"href":"https:\/\/www.taller-palabras.com\/WordPress_04\/wp-json\/wp\/v2\/types\/product"}],"wp:featuredmedia":[{"embeddable":true,"href":"https:\/\/www.taller-palabras.com\/WordPress_04\/wp-json\/wp\/v2\/media\/11587"}],"wp:attachment":[{"href":"https:\/\/www.taller-palabras.com\/WordPress_04\/wp-json\/wp\/v2\/media?parent=11584"}],"wp:term":[{"taxonomy":"product_brand","embeddable":true,"href":"https:\/\/www.taller-palabras.com\/WordPress_04\/wp-json\/wp\/v2\/product_brand?post=11584"},{"taxonomy":"product_cat","embeddable":true,"href":"https:\/\/www.taller-palabras.com\/WordPress_04\/wp-json\/wp\/v2\/product_cat?post=11584"},{"taxonomy":"product_tag","embeddable":true,"href":"https:\/\/www.taller-palabras.com\/WordPress_04\/wp-json\/wp\/v2\/product_tag?post=11584"}],"curies":[{"name":"wp","href":"https:\/\/api.w.org\/{rel}","templated":true}]}}