{"id":11591,"date":"2022-06-19T17:22:48","date_gmt":"2022-06-19T20:22:48","guid":{"rendered":"https:\/\/www.taller-palabras.com\/WordPress_04\/?post_type=product&#038;p=11591"},"modified":"2025-09-29T12:22:30","modified_gmt":"2025-09-29T15:22:30","slug":"historias-de-divan-gabriel-rolon-ebook","status":"publish","type":"product","link":"https:\/\/www.taller-palabras.com\/WordPress_04\/producto\/historias-de-divan-gabriel-rolon-ebook","title":{"rendered":"Historias de div\u00e1n &#8211; Gabriel Rol\u00f3n \/ebook"},"content":{"rendered":"<figure id=\"attachment_5855\" aria-describedby=\"caption-attachment-5855\" style=\"width: 150px\" class=\"wp-caption alignleft\"><img loading=\"lazy\" decoding=\"async\" class=\"wp-image-5855 size-thumbnail\" src=\"https:\/\/www.taller-palabras.com\/WordPress_04\/wp-content\/uploads\/2022\/06\/GabrielRolon-1-150x150.jpg\" alt=\"\" width=\"150\" height=\"150\" srcset=\"https:\/\/www.taller-palabras.com\/WordPress_04\/wp-content\/uploads\/2022\/06\/GabrielRolon-1-150x150.jpg 150w, https:\/\/www.taller-palabras.com\/WordPress_04\/wp-content\/uploads\/2022\/06\/GabrielRolon-1-100x100.jpg 100w\" sizes=\"auto, (max-width: 150px) 100vw, 150px\" \/><figcaption id=\"caption-attachment-5855\" class=\"wp-caption-text\">Autor Gabriel Rol\u00f3n<\/figcaption><\/figure>\n<p>Gabriel Rol\u00f3n es un aut\u00e9ntico fen\u00f3meno de masas que ha desbancado en Argentina a todos los dem\u00e1s gur\u00fas de la autoayuda y la superaci\u00f3n, como Jorge Bucay y Walter Dresel. Es psic\u00f3logo y colabora en varios medios de comunicaci\u00f3n de su pa\u00eds. Historias de div\u00e1n abarca varios relatos basados en transcripciones verdaderas de sus sesiones de terapia. El autor desea acercarnos a la realidad de la pr\u00e1ctica psicol\u00f3gica para que no la temamos y acabemos consider\u00e1ndola una herramienta \u00fatil para dejar a un lado el sufrimiento. Estas historias tienen que ver con problem\u00e1ticas concretas: celos, culpa, homosexualidad, perversi\u00f3n, imposibilidad de diferenciar entre amor y pasi\u00f3n, duelo, falta de aceptaci\u00f3n de uno mismo y anorgasmia. A diferencia de lo que muchos lectores puedan creer, Rol\u00f3n nos advierte que estos problemas son frecuentes entre la poblaci\u00f3n urbana y que, por lo general, no suelen aceptarse como tales.<\/p>\n","protected":false},"excerpt":{"rendered":"<p>Gabriel Rol\u00f3n es un aut\u00e9ntico fen\u00f3meno de masas que ha desbancado en Argentina a todos los dem\u00e1s gur\u00fas de la autoayuda y la superaci\u00f3n, como Jorge Bucay y Walter Dresel. Es psic\u00f3logo y colabora en varios medios de comunicaci\u00f3n de su pa\u00eds. Historias de div\u00e1n abarca varios relatos basados en transcripciones verdaderas de sus sesiones [&hellip;]<\/p>\n","protected":false},"featured_media":11595,"template":"","meta":[],"product_brand":[],"product_cat":[25],"product_tag":[54,814,1545,45],"class_list":{"0":"post-11591","1":"product","2":"type-product","3":"status-publish","4":"has-post-thumbnail","6":"product_cat-libros-digitales-ebooks","7":"product_tag-descargar-ebook","8":"product_tag-gabriel-rolon","9":"product_tag-historias-de-divan","10":"product_tag-mejor-novela","12":"first","13":"instock","14":"shipping-taxable","15":"purchasable","16":"product-type-variable","17":"has-default-attributes"},"_links":{"self":[{"href":"https:\/\/www.taller-palabras.com\/WordPress_04\/wp-json\/wp\/v2\/product\/11591","targetHints":{"allow":["GET"]}}],"collection":[{"href":"https:\/\/www.taller-palabras.com\/WordPress_04\/wp-json\/wp\/v2\/product"}],"about":[{"href":"https:\/\/www.taller-palabras.com\/WordPress_04\/wp-json\/wp\/v2\/types\/product"}],"wp:featuredmedia":[{"embeddable":true,"href":"https:\/\/www.taller-palabras.com\/WordPress_04\/wp-json\/wp\/v2\/media\/11595"}],"wp:attachment":[{"href":"https:\/\/www.taller-palabras.com\/WordPress_04\/wp-json\/wp\/v2\/media?parent=11591"}],"wp:term":[{"taxonomy":"product_brand","embeddable":true,"href":"https:\/\/www.taller-palabras.com\/WordPress_04\/wp-json\/wp\/v2\/product_brand?post=11591"},{"taxonomy":"product_cat","embeddable":true,"href":"https:\/\/www.taller-palabras.com\/WordPress_04\/wp-json\/wp\/v2\/product_cat?post=11591"},{"taxonomy":"product_tag","embeddable":true,"href":"https:\/\/www.taller-palabras.com\/WordPress_04\/wp-json\/wp\/v2\/product_tag?post=11591"}],"curies":[{"name":"wp","href":"https:\/\/api.w.org\/{rel}","templated":true}]}}