{"id":11597,"date":"2022-06-19T17:19:03","date_gmt":"2022-06-19T20:19:03","guid":{"rendered":"https:\/\/www.taller-palabras.com\/WordPress_04\/?post_type=product&#038;p=11597"},"modified":"2025-09-22T15:45:24","modified_gmt":"2025-09-22T18:45:24","slug":"el-duelo-gabriel-rolon-ebook","status":"publish","type":"product","link":"https:\/\/www.taller-palabras.com\/WordPress_04\/producto\/el-duelo-gabriel-rolon-ebook","title":{"rendered":"El duelo &#8211; Gabriel Rol\u00f3n \/ebook"},"content":{"rendered":"<figure id=\"attachment_5855\" aria-describedby=\"caption-attachment-5855\" style=\"width: 150px\" class=\"wp-caption alignleft\"><img loading=\"lazy\" decoding=\"async\" class=\"wp-image-5855 size-thumbnail\" src=\"https:\/\/www.taller-palabras.com\/WordPress_04\/wp-content\/uploads\/2022\/06\/GabrielRolon-1-150x150.jpg\" alt=\"\" width=\"150\" height=\"150\" srcset=\"https:\/\/www.taller-palabras.com\/WordPress_04\/wp-content\/uploads\/2022\/06\/GabrielRolon-1-150x150.jpg 150w, https:\/\/www.taller-palabras.com\/WordPress_04\/wp-content\/uploads\/2022\/06\/GabrielRolon-1-100x100.jpg 100w\" sizes=\"auto, (max-width: 150px) 100vw, 150px\" \/><figcaption id=\"caption-attachment-5855\" class=\"wp-caption-text\">Autor Gabriel Rol\u00f3n<\/figcaption><\/figure>\n<p>\u00abEl Duelo es un territorio oscuro, misterioso, casi inaccesible. Una conmoci\u00f3n que nos sorprende, nos toma desprevenidos y cambia nuestro entorno en un instante. No importa lo preparados que creamos estar para enfrentar una p\u00e9rdida, esa preparaci\u00f3n jam\u00e1s ser\u00e1 suficiente. Cuando ocurre, todo se desmorona y por un tiempo nada tiene sentido. Algo se quiebra en nosotros, el mundo se derrumba y nos muestra su aspecto m\u00e1s cruel\u00bb.<br \/>\nCon estas palabras describe Gabriel Rol\u00f3n cu\u00e1l ser\u00e1 el camino a transitar en su nuevo ensayo: la p\u00e9rdida. S\u00ed, la muerte, sin rodeos (la propia, y la de los que amamos), pero tambi\u00e9n la falta imprevista (o no tanto) de todo aquello que nos sostiene anclados a la vida. La p\u00e9rdida de un trabajo, una pareja, un hogar, el reconocimiento de un otro y hasta la juventud nos empujan al duelo. Y es ah\u00ed, en ese soplo en el que el dolor se hace carne y la pena se devora las palabras, que Gabriel Rol\u00f3n comparte su reflexi\u00f3n aguda, certera, siempre l\u00facida. Por eso, su nuevo libro se nutre de mitolog\u00eda y de m\u00fasica, de cine y literatura, de casos cl\u00ednicos y teor\u00eda anal\u00edtica. Porque es una mirada que indaga en el padecimiento y a la vez en los mecanismos que el Psicoan\u00e1lisis como disciplina, y que el arte como forma de entender el mundo, nos tienden a modo de puentes para superar lo ausente. Y es que el Duelo \u2014y en esto Rol\u00f3n es tan claro como firme\u2014 es una \u00abguerra\u00bb \u00edntima. Una prueba, tal vez la m\u00e1s dura, que nos pone cara a cara con lo que perdimos y con lo que podemos crear a partir de lo perdido. Una batalla salvaje que nos transforma de una vez y para siempre. Y que en su impiadosa deriva nos lleva hacia un renacer que nos hace m\u00e1s humanos.<\/p>\n","protected":false},"excerpt":{"rendered":"<p>\u00abEl Duelo es un territorio oscuro, misterioso, casi inaccesible. Una conmoci\u00f3n que nos sorprende, nos toma desprevenidos y cambia nuestro entorno en un instante. No importa lo preparados que creamos estar para enfrentar una p\u00e9rdida, esa preparaci\u00f3n jam\u00e1s ser\u00e1 suficiente. Cuando ocurre, todo se desmorona y por un tiempo nada tiene sentido. Algo se quiebra [&hellip;]<\/p>\n","protected":false},"featured_media":11600,"template":"","meta":[],"product_brand":[],"product_cat":[25],"product_tag":[54,1546,814,45],"class_list":{"0":"post-11597","1":"product","2":"type-product","3":"status-publish","4":"has-post-thumbnail","6":"product_cat-libros-digitales-ebooks","7":"product_tag-descargar-ebook","8":"product_tag-el-duelo","9":"product_tag-gabriel-rolon","10":"product_tag-mejor-novela","12":"first","13":"instock","14":"shipping-taxable","15":"purchasable","16":"product-type-variable","17":"has-default-attributes"},"_links":{"self":[{"href":"https:\/\/www.taller-palabras.com\/WordPress_04\/wp-json\/wp\/v2\/product\/11597","targetHints":{"allow":["GET"]}}],"collection":[{"href":"https:\/\/www.taller-palabras.com\/WordPress_04\/wp-json\/wp\/v2\/product"}],"about":[{"href":"https:\/\/www.taller-palabras.com\/WordPress_04\/wp-json\/wp\/v2\/types\/product"}],"wp:featuredmedia":[{"embeddable":true,"href":"https:\/\/www.taller-palabras.com\/WordPress_04\/wp-json\/wp\/v2\/media\/11600"}],"wp:attachment":[{"href":"https:\/\/www.taller-palabras.com\/WordPress_04\/wp-json\/wp\/v2\/media?parent=11597"}],"wp:term":[{"taxonomy":"product_brand","embeddable":true,"href":"https:\/\/www.taller-palabras.com\/WordPress_04\/wp-json\/wp\/v2\/product_brand?post=11597"},{"taxonomy":"product_cat","embeddable":true,"href":"https:\/\/www.taller-palabras.com\/WordPress_04\/wp-json\/wp\/v2\/product_cat?post=11597"},{"taxonomy":"product_tag","embeddable":true,"href":"https:\/\/www.taller-palabras.com\/WordPress_04\/wp-json\/wp\/v2\/product_tag?post=11597"}],"curies":[{"name":"wp","href":"https:\/\/api.w.org\/{rel}","templated":true}]}}