{"id":11614,"date":"2024-09-29T13:30:50","date_gmt":"2024-09-29T16:30:50","guid":{"rendered":"https:\/\/www.taller-palabras.com\/WordPress_04\/?post_type=product&#038;p=11614"},"modified":"2025-09-27T13:33:40","modified_gmt":"2025-09-27T16:33:40","slug":"saga-alas-de-hierro-2-rebecca-yarros-ebook","status":"publish","type":"product","link":"https:\/\/www.taller-palabras.com\/WordPress_04\/producto\/saga-alas-de-hierro-2-rebecca-yarros-ebook","title":{"rendered":"Saga: Alas de Hierro (2) &#8211; Rebecca Yarros\/ ebook"},"content":{"rendered":"<figure id=\"attachment_11611\" aria-describedby=\"caption-attachment-11611\" style=\"width: 150px\" class=\"wp-caption alignleft\"><img loading=\"lazy\" decoding=\"async\" class=\"wp-image-11611 size-thumbnail\" src=\"https:\/\/www.taller-palabras.com\/WordPress_04\/wp-content\/uploads\/2025\/09\/rebecca-yarros-150x150.jpg\" alt=\"\" width=\"150\" height=\"150\" srcset=\"https:\/\/www.taller-palabras.com\/WordPress_04\/wp-content\/uploads\/2025\/09\/rebecca-yarros-150x150.jpg 150w, https:\/\/www.taller-palabras.com\/WordPress_04\/wp-content\/uploads\/2025\/09\/rebecca-yarros-100x100.jpg 100w, https:\/\/www.taller-palabras.com\/WordPress_04\/wp-content\/uploads\/2025\/09\/rebecca-yarros.jpg 283w\" sizes=\"auto, (max-width: 150px) 100vw, 150px\" \/><figcaption id=\"caption-attachment-11611\" class=\"wp-caption-text\">Autora Rebecca Yarros<\/figcaption><\/figure>\n<p>Todos esperaban que Violet Sorrengail muriera en su primer a\u00f1o en el Colegio de Guerra Basgiath, incluso ella misma. Pero la Trilla fue tan solo la primera de una serie de pruebas imposibles destinadas a deshacerse de los indignos y los desafortunados. Ahora comienza el verdadero entrenamiento, y Violet no sabe c\u00f3mo lograr\u00e1 superarlo. No solo porque es brutal y agotador o porque est\u00e1 dise\u00f1ado para llevar al l\u00edmite el umbral del dolor de los jinetes, sino porque el nuevo vicecomandante est\u00e1 empe\u00f1ado en demostrarle lo d\u00e9bil que es, a menos que traicione al hombre que ama. La voluntad de sobrevivir no ser\u00e1 suficiente este a\u00f1o, porque Violet conoce el secreto que se oculta entre los muros del colegio, y nada, ni siquiera el fuego de drag\u00f3n, ser\u00e1 suficiente para salvarlos.<\/p>\n","protected":false},"excerpt":{"rendered":"<p>Todos esperaban que Violet Sorrengail muriera en su primer a\u00f1o en el Colegio de Guerra Basgiath, incluso ella misma. Pero la Trilla fue tan solo la primera de una serie de pruebas imposibles destinadas a deshacerse de los indignos y los desafortunados. Ahora comienza el verdadero entrenamiento, y Violet no sabe c\u00f3mo lograr\u00e1 superarlo. No [&hellip;]<\/p>\n","protected":false},"featured_media":11617,"template":"","meta":[],"product_brand":[],"product_cat":[25,47],"product_tag":[1551,54,1549],"class_list":{"0":"post-11614","1":"product","2":"type-product","3":"status-publish","4":"has-post-thumbnail","6":"product_cat-libros-digitales-ebooks","7":"product_cat-libros-digitales-sagas","8":"product_tag-alas-de-hierro","9":"product_tag-descargar-ebook","10":"product_tag-ebecca-yarros","12":"first","13":"instock","14":"shipping-taxable","15":"purchasable","16":"product-type-variable","17":"has-default-attributes"},"_links":{"self":[{"href":"https:\/\/www.taller-palabras.com\/WordPress_04\/wp-json\/wp\/v2\/product\/11614","targetHints":{"allow":["GET"]}}],"collection":[{"href":"https:\/\/www.taller-palabras.com\/WordPress_04\/wp-json\/wp\/v2\/product"}],"about":[{"href":"https:\/\/www.taller-palabras.com\/WordPress_04\/wp-json\/wp\/v2\/types\/product"}],"wp:featuredmedia":[{"embeddable":true,"href":"https:\/\/www.taller-palabras.com\/WordPress_04\/wp-json\/wp\/v2\/media\/11617"}],"wp:attachment":[{"href":"https:\/\/www.taller-palabras.com\/WordPress_04\/wp-json\/wp\/v2\/media?parent=11614"}],"wp:term":[{"taxonomy":"product_brand","embeddable":true,"href":"https:\/\/www.taller-palabras.com\/WordPress_04\/wp-json\/wp\/v2\/product_brand?post=11614"},{"taxonomy":"product_cat","embeddable":true,"href":"https:\/\/www.taller-palabras.com\/WordPress_04\/wp-json\/wp\/v2\/product_cat?post=11614"},{"taxonomy":"product_tag","embeddable":true,"href":"https:\/\/www.taller-palabras.com\/WordPress_04\/wp-json\/wp\/v2\/product_tag?post=11614"}],"curies":[{"name":"wp","href":"https:\/\/api.w.org\/{rel}","templated":true}]}}