{"id":11620,"date":"2024-09-29T13:31:14","date_gmt":"2024-09-29T16:31:14","guid":{"rendered":"https:\/\/www.taller-palabras.com\/WordPress_04\/?post_type=product&#038;p=11620"},"modified":"2025-10-01T14:08:30","modified_gmt":"2025-10-01T17:08:30","slug":"saga-alas-de-sangre-1-rebecca-yarros-ebook","status":"publish","type":"product","link":"https:\/\/www.taller-palabras.com\/WordPress_04\/producto\/saga-alas-de-sangre-1-rebecca-yarros-ebook","title":{"rendered":"Saga: Alas de Sangre (1) &#8211; Rebecca Yarros\/ ebook"},"content":{"rendered":"<figure id=\"attachment_11611\" aria-describedby=\"caption-attachment-11611\" style=\"width: 150px\" class=\"wp-caption alignleft\"><img loading=\"lazy\" decoding=\"async\" class=\"wp-image-11611 size-thumbnail\" src=\"https:\/\/www.taller-palabras.com\/WordPress_04\/wp-content\/uploads\/2025\/09\/rebecca-yarros-150x150.jpg\" alt=\"\" width=\"150\" height=\"150\" srcset=\"https:\/\/www.taller-palabras.com\/WordPress_04\/wp-content\/uploads\/2025\/09\/rebecca-yarros-150x150.jpg 150w, https:\/\/www.taller-palabras.com\/WordPress_04\/wp-content\/uploads\/2025\/09\/rebecca-yarros-100x100.jpg 100w, https:\/\/www.taller-palabras.com\/WordPress_04\/wp-content\/uploads\/2025\/09\/rebecca-yarros.jpg 283w\" sizes=\"auto, (max-width: 150px) 100vw, 150px\" \/><figcaption id=\"caption-attachment-11611\" class=\"wp-caption-text\">Autora Rebecca Yarros<\/figcaption><\/figure>\n<p>Violet Sorrengail cre\u00eda que se unir\u00eda al Cuadrante de los Escribas para vivir una vida tranquila, sin embargo, por \u00f3rdenes de su madre, debe unirse a los miles de candidatos que, en el Colegio de Guerra de Basgiath, luchan por formar parte de la \u00e9lite de Navarre: el Cuadrante de los Jinetes de dragones. Cuando eres m\u00e1s peque\u00f1a y fr\u00e1gil que los dem\u00e1s tu vida corre peligro, porque los dragones no se vinculan con humanos d\u00e9biles. Adem\u00e1s, con m\u00e1s jinetes que dragones disponibles, muchos la matar\u00edan con tal de mejorar sus probabilidades de \u00e9xito; y hay otros, como el despiadado Xaden Riorson, el l\u00edder de ala m\u00e1s poderoso del Cuadrante de Jinetes, que la asesinar\u00edan simplemente por ser la hija de la comandante general. Para sobrevivir, necesitar\u00e1 aprovechar al m\u00e1ximo todo su ingenio. Mientras la guerra se torna m\u00e1s letal Violet sospecha que los l\u00edderes de Navarre esconden un terrible secreto\u2026<\/p>\n","protected":false},"excerpt":{"rendered":"<p>Violet Sorrengail cre\u00eda que se unir\u00eda al Cuadrante de los Escribas para vivir una vida tranquila, sin embargo, por \u00f3rdenes de su madre, debe unirse a los miles de candidatos que, en el Colegio de Guerra de Basgiath, luchan por formar parte de la \u00e9lite de Navarre: el Cuadrante de los Jinetes de dragones. Cuando [&hellip;]<\/p>\n","protected":false},"featured_media":11623,"template":"","meta":[],"product_brand":[],"product_cat":[25,47],"product_tag":[1552,54,1549],"class_list":{"0":"post-11620","1":"product","2":"type-product","3":"status-publish","4":"has-post-thumbnail","6":"product_cat-libros-digitales-ebooks","7":"product_cat-libros-digitales-sagas","8":"product_tag-alas-de-sangre","9":"product_tag-descargar-ebook","10":"product_tag-ebecca-yarros","12":"first","13":"instock","14":"shipping-taxable","15":"purchasable","16":"product-type-variable","17":"has-default-attributes"},"_links":{"self":[{"href":"https:\/\/www.taller-palabras.com\/WordPress_04\/wp-json\/wp\/v2\/product\/11620","targetHints":{"allow":["GET"]}}],"collection":[{"href":"https:\/\/www.taller-palabras.com\/WordPress_04\/wp-json\/wp\/v2\/product"}],"about":[{"href":"https:\/\/www.taller-palabras.com\/WordPress_04\/wp-json\/wp\/v2\/types\/product"}],"wp:featuredmedia":[{"embeddable":true,"href":"https:\/\/www.taller-palabras.com\/WordPress_04\/wp-json\/wp\/v2\/media\/11623"}],"wp:attachment":[{"href":"https:\/\/www.taller-palabras.com\/WordPress_04\/wp-json\/wp\/v2\/media?parent=11620"}],"wp:term":[{"taxonomy":"product_brand","embeddable":true,"href":"https:\/\/www.taller-palabras.com\/WordPress_04\/wp-json\/wp\/v2\/product_brand?post=11620"},{"taxonomy":"product_cat","embeddable":true,"href":"https:\/\/www.taller-palabras.com\/WordPress_04\/wp-json\/wp\/v2\/product_cat?post=11620"},{"taxonomy":"product_tag","embeddable":true,"href":"https:\/\/www.taller-palabras.com\/WordPress_04\/wp-json\/wp\/v2\/product_tag?post=11620"}],"curies":[{"name":"wp","href":"https:\/\/api.w.org\/{rel}","templated":true}]}}