{"id":11629,"date":"2022-06-19T17:21:00","date_gmt":"2022-06-19T20:21:00","guid":{"rendered":"https:\/\/www.taller-palabras.com\/WordPress_04\/?post_type=product&#038;p=11629"},"modified":"2025-09-29T12:24:55","modified_gmt":"2025-09-29T15:24:55","slug":"historias-inconscientes-gabriel-rolon-ebook","status":"publish","type":"product","link":"https:\/\/www.taller-palabras.com\/WordPress_04\/producto\/historias-inconscientes-gabriel-rolon-ebook","title":{"rendered":"Historias inconscientes &#8211; Gabriel Rol\u00f3n \/ebook"},"content":{"rendered":"<figure id=\"attachment_5855\" aria-describedby=\"caption-attachment-5855\" style=\"width: 150px\" class=\"wp-caption alignleft\"><img loading=\"lazy\" decoding=\"async\" class=\"wp-image-5855 size-thumbnail\" src=\"https:\/\/www.taller-palabras.com\/WordPress_04\/wp-content\/uploads\/2022\/06\/GabrielRolon-1-150x150.jpg\" alt=\"\" width=\"150\" height=\"150\" srcset=\"https:\/\/www.taller-palabras.com\/WordPress_04\/wp-content\/uploads\/2022\/06\/GabrielRolon-1-150x150.jpg 150w, https:\/\/www.taller-palabras.com\/WordPress_04\/wp-content\/uploads\/2022\/06\/GabrielRolon-1-100x100.jpg 100w\" sizes=\"auto, (max-width: 150px) 100vw, 150px\" \/><figcaption id=\"caption-attachment-5855\" class=\"wp-caption-text\">Autor Gabriel Rol\u00f3n<\/figcaption><\/figure>\n<p>En el a\u00f1o 2007 Gabriel Rol\u00f3n publicaba Historias de div\u00e1n, un verdadero fen\u00f3meno editorial en el que pon\u00eda en evidencia una manera in\u00e9dita de transmitir algo tan \u00edntimo como es el encuentro entre un analista y su paciente, una forma radicalmente distinta de poner el Psicoan\u00e1lisis al alcance de cientos de miles de lectores. Hoy, siete a\u00f1os despu\u00e9s de aquel primer trabajo, toma el riesgo de ir un poco m\u00e1s lejos, hacia una zona en la que quien padece llega a una situaci\u00f3n l\u00edmite. Por eso, por estas p\u00e1ginas transitan las adicciones, la discapacidad, el incesto, la mentira, la culpa, una histeria grave y sufriente, y un amor desmesurado al borde mismo de la locura. Al final de cada relato, el desarrollo de un concepto te\u00f3rico y su articulaci\u00f3n con el caso expuesto son una invitaci\u00f3n a indagar, ya no s\u00f3lo en lo acontecido durante las sesiones, sino tambi\u00e9n en el marco conceptual que sostiene la pr\u00e1ctica cl\u00ednica.<\/p>\n","protected":false},"excerpt":{"rendered":"<p>En el a\u00f1o 2007 Gabriel Rol\u00f3n publicaba Historias de div\u00e1n, un verdadero fen\u00f3meno editorial en el que pon\u00eda en evidencia una manera in\u00e9dita de transmitir algo tan \u00edntimo como es el encuentro entre un analista y su paciente, una forma radicalmente distinta de poner el Psicoan\u00e1lisis al alcance de cientos de miles de lectores. Hoy, [&hellip;]<\/p>\n","protected":false},"featured_media":11632,"template":"","meta":[],"product_brand":[],"product_cat":[25],"product_tag":[54,814,1553,45],"class_list":{"0":"post-11629","1":"product","2":"type-product","3":"status-publish","4":"has-post-thumbnail","6":"product_cat-libros-digitales-ebooks","7":"product_tag-descargar-ebook","8":"product_tag-gabriel-rolon","9":"product_tag-historias-inconscientes","10":"product_tag-mejor-novela","12":"first","13":"instock","14":"shipping-taxable","15":"purchasable","16":"product-type-variable","17":"has-default-attributes"},"_links":{"self":[{"href":"https:\/\/www.taller-palabras.com\/WordPress_04\/wp-json\/wp\/v2\/product\/11629","targetHints":{"allow":["GET"]}}],"collection":[{"href":"https:\/\/www.taller-palabras.com\/WordPress_04\/wp-json\/wp\/v2\/product"}],"about":[{"href":"https:\/\/www.taller-palabras.com\/WordPress_04\/wp-json\/wp\/v2\/types\/product"}],"wp:featuredmedia":[{"embeddable":true,"href":"https:\/\/www.taller-palabras.com\/WordPress_04\/wp-json\/wp\/v2\/media\/11632"}],"wp:attachment":[{"href":"https:\/\/www.taller-palabras.com\/WordPress_04\/wp-json\/wp\/v2\/media?parent=11629"}],"wp:term":[{"taxonomy":"product_brand","embeddable":true,"href":"https:\/\/www.taller-palabras.com\/WordPress_04\/wp-json\/wp\/v2\/product_brand?post=11629"},{"taxonomy":"product_cat","embeddable":true,"href":"https:\/\/www.taller-palabras.com\/WordPress_04\/wp-json\/wp\/v2\/product_cat?post=11629"},{"taxonomy":"product_tag","embeddable":true,"href":"https:\/\/www.taller-palabras.com\/WordPress_04\/wp-json\/wp\/v2\/product_tag?post=11629"}],"curies":[{"name":"wp","href":"https:\/\/api.w.org\/{rel}","templated":true}]}}