{"id":11636,"date":"2022-06-19T17:18:56","date_gmt":"2022-06-19T20:18:56","guid":{"rendered":"https:\/\/www.taller-palabras.com\/WordPress_04\/?post_type=product&#038;p=11636"},"modified":"2025-11-27T11:46:52","modified_gmt":"2025-11-27T14:46:52","slug":"la-felicidad-gabriel-rolon-ebook-copia","status":"publish","type":"product","link":"https:\/\/www.taller-palabras.com\/WordPress_04\/producto\/la-felicidad-gabriel-rolon-ebook-copia","title":{"rendered":"La felicidad &#8211; Gabriel Rol\u00f3n \/ebook"},"content":{"rendered":"<figure id=\"attachment_5855\" aria-describedby=\"caption-attachment-5855\" style=\"width: 150px\" class=\"wp-caption alignleft\"><img loading=\"lazy\" decoding=\"async\" class=\"wp-image-5855 size-thumbnail\" src=\"https:\/\/www.taller-palabras.com\/WordPress_04\/wp-content\/uploads\/2022\/06\/GabrielRolon-1-150x150.jpg\" alt=\"\" width=\"150\" height=\"150\" srcset=\"https:\/\/www.taller-palabras.com\/WordPress_04\/wp-content\/uploads\/2022\/06\/GabrielRolon-1-150x150.jpg 150w, https:\/\/www.taller-palabras.com\/WordPress_04\/wp-content\/uploads\/2022\/06\/GabrielRolon-1-100x100.jpg 100w\" sizes=\"auto, (max-width: 150px) 100vw, 150px\" \/><figcaption id=\"caption-attachment-5855\" class=\"wp-caption-text\">Autor Gabriel Rol\u00f3n<\/figcaption><\/figure>\n<p>Una vez m\u00e1s, Rol\u00f3n nos invita a pensar a contrapelo de las modas ligeras. Y es ah\u00ed, en esa zona inc\u00f3moda y a la vez anhelante de vida, donde La felicidad se vuelve un ensayo indispensable, l\u00facido, humano. En este ensayo Gabriel Rol\u00f3n cuestiona la idea contempor\u00e1nea de la felicidad como una meta f\u00e1cil y se pregunta qu\u00e9 es realmente la felicidad, proponiendo que solo la alcanzaremos al integrar el deseo propio en el camino, no las imposiciones culturales. El libro es un recorrido hist\u00f3rico-filos\u00f3fico por las ideas de pensadores como Plat\u00f3n, Arist\u00f3teles, Kant y Byung-Chul Han, para demostrar que la felicidad es una experiencia imperfecta que debe construirse personal e internamente, m\u00e1s all\u00e1 de los discursos de consumo y disfrute que nos rodean.<\/p>\n","protected":false},"excerpt":{"rendered":"<p>Una vez m\u00e1s, Rol\u00f3n nos invita a pensar a contrapelo de las modas ligeras. Y es ah\u00ed, en esa zona inc\u00f3moda y a la vez anhelante de vida, donde La felicidad se vuelve un ensayo indispensable, l\u00facido, humano. En este ensayo Gabriel Rol\u00f3n cuestiona la idea contempor\u00e1nea de la felicidad como una meta f\u00e1cil y [&hellip;]<\/p>\n","protected":false},"featured_media":11641,"template":"","meta":[],"product_brand":[],"product_cat":[25],"product_tag":[54,814,1554,45],"class_list":{"0":"post-11636","1":"product","2":"type-product","3":"status-publish","4":"has-post-thumbnail","6":"product_cat-libros-digitales-ebooks","7":"product_tag-descargar-ebook","8":"product_tag-gabriel-rolon","9":"product_tag-la-felicidad","10":"product_tag-mejor-novela","12":"first","13":"instock","14":"shipping-taxable","15":"purchasable","16":"product-type-variable","17":"has-default-attributes"},"_links":{"self":[{"href":"https:\/\/www.taller-palabras.com\/WordPress_04\/wp-json\/wp\/v2\/product\/11636","targetHints":{"allow":["GET"]}}],"collection":[{"href":"https:\/\/www.taller-palabras.com\/WordPress_04\/wp-json\/wp\/v2\/product"}],"about":[{"href":"https:\/\/www.taller-palabras.com\/WordPress_04\/wp-json\/wp\/v2\/types\/product"}],"wp:featuredmedia":[{"embeddable":true,"href":"https:\/\/www.taller-palabras.com\/WordPress_04\/wp-json\/wp\/v2\/media\/11641"}],"wp:attachment":[{"href":"https:\/\/www.taller-palabras.com\/WordPress_04\/wp-json\/wp\/v2\/media?parent=11636"}],"wp:term":[{"taxonomy":"product_brand","embeddable":true,"href":"https:\/\/www.taller-palabras.com\/WordPress_04\/wp-json\/wp\/v2\/product_brand?post=11636"},{"taxonomy":"product_cat","embeddable":true,"href":"https:\/\/www.taller-palabras.com\/WordPress_04\/wp-json\/wp\/v2\/product_cat?post=11636"},{"taxonomy":"product_tag","embeddable":true,"href":"https:\/\/www.taller-palabras.com\/WordPress_04\/wp-json\/wp\/v2\/product_tag?post=11636"}],"curies":[{"name":"wp","href":"https:\/\/api.w.org\/{rel}","templated":true}]}}