{"id":11645,"date":"2025-10-05T12:31:11","date_gmt":"2025-10-05T15:31:11","guid":{"rendered":"https:\/\/www.taller-palabras.com\/WordPress_04\/?post_type=product&#038;p=11645"},"modified":"2025-10-05T12:42:12","modified_gmt":"2025-10-05T15:42:12","slug":"secreto-bien-guardado-viviana-rivero-ebook","status":"publish","type":"product","link":"https:\/\/www.taller-palabras.com\/WordPress_04\/producto\/secreto-bien-guardado-viviana-rivero-ebook","title":{"rendered":"Secreto bien guardado &#8211; Viviana Rivero \/ebook"},"content":{"rendered":"<figure id=\"attachment_11649\" aria-describedby=\"caption-attachment-11649\" style=\"width: 150px\" class=\"wp-caption alignleft\"><img loading=\"lazy\" decoding=\"async\" class=\"wp-image-11649 size-thumbnail\" src=\"https:\/\/www.taller-palabras.com\/WordPress_04\/wp-content\/uploads\/2025\/10\/Viviana_Rivero-150x150.jpg\" alt=\"\" width=\"150\" height=\"150\" srcset=\"https:\/\/www.taller-palabras.com\/WordPress_04\/wp-content\/uploads\/2025\/10\/Viviana_Rivero-150x150.jpg 150w, https:\/\/www.taller-palabras.com\/WordPress_04\/wp-content\/uploads\/2025\/10\/Viviana_Rivero-100x100.jpg 100w, https:\/\/www.taller-palabras.com\/WordPress_04\/wp-content\/uploads\/2025\/10\/Viviana_Rivero.jpg 283w\" sizes=\"auto, (max-width: 150px) 100vw, 150px\" \/><figcaption id=\"caption-attachment-11649\" class=\"wp-caption-text\">Autora Viviana Rivero<\/figcaption><\/figure>\n<p>Buenos Aires, 2008. El hallazgo de un manuscrito familiar por parte de una joven reci\u00e9n llegada de Espa\u00f1a la transportar\u00e1 al pasado y a la historia de un amor que desafi\u00f3 los paradigmas de la \u00e9poca y se atrevi\u00f3 a so\u00f1ar lo imposible. Hotel Ed\u00e9n, C\u00f3rdoba, 1940. En plena Segunda Guerra Mundial, la Argentina elige ampararse detr\u00e1s de una dudosa neutralidad. Amalia, bella hija de un pr\u00f3spero empresario porte\u00f1o de origen jud\u00edo, disfruta de las vacaciones junto con su familia en el m\u00edtico hotel cordob\u00e9s, \u00edcono del lujo. All\u00ed se hospeda tambi\u00e9n un grupo de diplom\u00e1ticos alemanes cuya misi\u00f3n es repatriar a los marinos del acorazado Graf Spee, hundido en el R\u00edo de la Plata. Entre ellos est\u00e1 el apuesto abogado Marthin M\u00fcller, de carrera ascendente en las filas nazis. Amalia y Marthin no podr\u00e1n refrenar una poderosa atracci\u00f3n que tendr\u00e1 consecuencias dram\u00e1ticas e impredecibles para ambos.<\/p>\n","protected":false},"excerpt":{"rendered":"<p>Buenos Aires, 2008. El hallazgo de un manuscrito familiar por parte de una joven reci\u00e9n llegada de Espa\u00f1a la transportar\u00e1 al pasado y a la historia de un amor que desafi\u00f3 los paradigmas de la \u00e9poca y se atrevi\u00f3 a so\u00f1ar lo imposible. Hotel Ed\u00e9n, C\u00f3rdoba, 1940. En plena Segunda Guerra Mundial, la Argentina elige [&hellip;]<\/p>\n","protected":false},"featured_media":11648,"template":"","meta":[],"product_brand":[],"product_cat":[25],"product_tag":[54,1184,1556,1555],"class_list":{"0":"post-11645","1":"product","2":"type-product","3":"status-publish","4":"has-post-thumbnail","6":"product_cat-libros-digitales-ebooks","7":"product_tag-descargar-ebook","8":"product_tag-mejor-novelas","9":"product_tag-secreto-bien-guardado","10":"product_tag-viviana-rivero","12":"first","13":"instock","14":"shipping-taxable","15":"purchasable","16":"product-type-variable","17":"has-default-attributes"},"_links":{"self":[{"href":"https:\/\/www.taller-palabras.com\/WordPress_04\/wp-json\/wp\/v2\/product\/11645","targetHints":{"allow":["GET"]}}],"collection":[{"href":"https:\/\/www.taller-palabras.com\/WordPress_04\/wp-json\/wp\/v2\/product"}],"about":[{"href":"https:\/\/www.taller-palabras.com\/WordPress_04\/wp-json\/wp\/v2\/types\/product"}],"wp:featuredmedia":[{"embeddable":true,"href":"https:\/\/www.taller-palabras.com\/WordPress_04\/wp-json\/wp\/v2\/media\/11648"}],"wp:attachment":[{"href":"https:\/\/www.taller-palabras.com\/WordPress_04\/wp-json\/wp\/v2\/media?parent=11645"}],"wp:term":[{"taxonomy":"product_brand","embeddable":true,"href":"https:\/\/www.taller-palabras.com\/WordPress_04\/wp-json\/wp\/v2\/product_brand?post=11645"},{"taxonomy":"product_cat","embeddable":true,"href":"https:\/\/www.taller-palabras.com\/WordPress_04\/wp-json\/wp\/v2\/product_cat?post=11645"},{"taxonomy":"product_tag","embeddable":true,"href":"https:\/\/www.taller-palabras.com\/WordPress_04\/wp-json\/wp\/v2\/product_tag?post=11645"}],"curies":[{"name":"wp","href":"https:\/\/api.w.org\/{rel}","templated":true}]}}