{"id":11667,"date":"2018-10-08T11:59:13","date_gmt":"2018-10-08T14:59:13","guid":{"rendered":"https:\/\/www.taller-palabras.com\/WordPress_04\/?post_type=product&#038;p=11667"},"modified":"2025-10-12T13:50:58","modified_gmt":"2025-10-12T16:50:58","slug":"la-biblia-de-barro-julia-navarro-ebook","status":"publish","type":"product","link":"https:\/\/www.taller-palabras.com\/WordPress_04\/producto\/la-biblia-de-barro-julia-navarro-ebook","title":{"rendered":"La biblia de barro &#8211; Julia Navarro \/ebook"},"content":{"rendered":"<figure id=\"attachment_116\" aria-describedby=\"caption-attachment-116\" style=\"width: 150px\" class=\"wp-caption alignleft\"><img loading=\"lazy\" decoding=\"async\" class=\"wp-image-116 size-thumbnail\" src=\"https:\/\/www.taller-palabras.com\/WordPress_04\/wp-content\/uploads\/2018\/10\/JuliaNavarro-150x150.jpg\" alt=\"\" width=\"150\" height=\"150\" srcset=\"https:\/\/www.taller-palabras.com\/WordPress_04\/wp-content\/uploads\/2018\/10\/JuliaNavarro-150x150.jpg 150w, https:\/\/www.taller-palabras.com\/WordPress_04\/wp-content\/uploads\/2018\/10\/JuliaNavarro-100x100.jpg 100w\" sizes=\"auto, (max-width: 150px) 100vw, 150px\" \/><figcaption id=\"caption-attachment-116\" class=\"wp-caption-text\">Autora Julia Navarro<\/figcaption><\/figure>\n<p>En Roma, un hombre se confiesa: Padre, me acuso de que voy a matar a un hombre?. Al mismo tiempo Clara Tannenberg, una joven arque\u00f3loga nieta de un poderoso hombre de oscuro pasado, anuncia en el transcurso de un congreso el descubrimiento de unas tablillas que, de ser aut\u00e9nticas, ser\u00edan la prueba cient\u00edfica de la existencia del patriarca Abraham: se trata de la obra de un escriba que recogi\u00f3 el relato del profeta sobre la creaci\u00f3n del mundo, la confusi\u00f3n de las lenguas en Babel y el Diluvio Universal. Una aut\u00e9ntica Biblia de Barro. Junto a un equipo de arque\u00f3logos, poco antes del inicio de la \u00faltima guerra del Golfo, Clara pondr\u00e1 en marcha unas arriesgadas excavaciones que alientan a muchas personas a acabar con su vida y la de su abuelo: desde millonarios traficantes de arte hasta cuatro amigos que no desistir\u00e1n hasta culminar una implacable venganza.<\/p>\n","protected":false},"excerpt":{"rendered":"<p>En Roma, un hombre se confiesa: Padre, me acuso de que voy a matar a un hombre?. Al mismo tiempo Clara Tannenberg, una joven arque\u00f3loga nieta de un poderoso hombre de oscuro pasado, anuncia en el transcurso de un congreso el descubrimiento de unas tablillas que, de ser aut\u00e9nticas, ser\u00edan la prueba cient\u00edfica de la [&hellip;]<\/p>\n","protected":false},"featured_media":11670,"template":"","meta":[],"product_brand":[],"product_cat":[25],"product_tag":[54,52,1560,55],"class_list":{"0":"post-11667","1":"product","2":"type-product","3":"status-publish","4":"has-post-thumbnail","6":"product_cat-libros-digitales-ebooks","7":"product_tag-descargar-ebook","8":"product_tag-julia-navarro","9":"product_tag-la-biblia-de-barro","10":"product_tag-novelas","12":"first","13":"instock","14":"shipping-taxable","15":"purchasable","16":"product-type-variable","17":"has-default-attributes"},"_links":{"self":[{"href":"https:\/\/www.taller-palabras.com\/WordPress_04\/wp-json\/wp\/v2\/product\/11667","targetHints":{"allow":["GET"]}}],"collection":[{"href":"https:\/\/www.taller-palabras.com\/WordPress_04\/wp-json\/wp\/v2\/product"}],"about":[{"href":"https:\/\/www.taller-palabras.com\/WordPress_04\/wp-json\/wp\/v2\/types\/product"}],"wp:featuredmedia":[{"embeddable":true,"href":"https:\/\/www.taller-palabras.com\/WordPress_04\/wp-json\/wp\/v2\/media\/11670"}],"wp:attachment":[{"href":"https:\/\/www.taller-palabras.com\/WordPress_04\/wp-json\/wp\/v2\/media?parent=11667"}],"wp:term":[{"taxonomy":"product_brand","embeddable":true,"href":"https:\/\/www.taller-palabras.com\/WordPress_04\/wp-json\/wp\/v2\/product_brand?post=11667"},{"taxonomy":"product_cat","embeddable":true,"href":"https:\/\/www.taller-palabras.com\/WordPress_04\/wp-json\/wp\/v2\/product_cat?post=11667"},{"taxonomy":"product_tag","embeddable":true,"href":"https:\/\/www.taller-palabras.com\/WordPress_04\/wp-json\/wp\/v2\/product_tag?post=11667"}],"curies":[{"name":"wp","href":"https:\/\/api.w.org\/{rel}","templated":true}]}}