{"id":11674,"date":"2018-10-08T11:58:21","date_gmt":"2018-10-08T14:58:21","guid":{"rendered":"https:\/\/www.taller-palabras.com\/WordPress_04\/?post_type=product&#038;p=11674"},"modified":"2025-10-12T14:29:34","modified_gmt":"2025-10-12T17:29:34","slug":"la-sangre-de-los-inocentes-julia-navarro-ebook","status":"publish","type":"product","link":"https:\/\/www.taller-palabras.com\/WordPress_04\/producto\/la-sangre-de-los-inocentes-julia-navarro-ebook","title":{"rendered":"La sangre de los inocentes &#8211; Julia Navarro \/ebook"},"content":{"rendered":"<figure id=\"attachment_116\" aria-describedby=\"caption-attachment-116\" style=\"width: 150px\" class=\"wp-caption alignleft\"><img loading=\"lazy\" decoding=\"async\" class=\"wp-image-116 size-thumbnail\" src=\"https:\/\/www.taller-palabras.com\/WordPress_04\/wp-content\/uploads\/2018\/10\/JuliaNavarro-150x150.jpg\" alt=\"\" width=\"150\" height=\"150\" srcset=\"https:\/\/www.taller-palabras.com\/WordPress_04\/wp-content\/uploads\/2018\/10\/JuliaNavarro-150x150.jpg 150w, https:\/\/www.taller-palabras.com\/WordPress_04\/wp-content\/uploads\/2018\/10\/JuliaNavarro-100x100.jpg 100w\" sizes=\"auto, (max-width: 150px) 100vw, 150px\" \/><figcaption id=\"caption-attachment-116\" class=\"wp-caption-text\">Autora Julia Navarro<\/figcaption><\/figure>\n<p>Soy esp\u00eda y tengo miedo&#8230; As\u00ed empieza la cr\u00f3nica que escribe en el siglo XIII fray Juli\u00e1n sobre el cruel asedio a Monts\u00e9gur y la lucha entre c\u00e1taros y cat\u00f3licos. Siglos despu\u00e9s, en 1939, un medievalista agn\u00f3stico emprende un peligroso viaje por el Berl\u00edn nazi en busca de su esposa de origen jud\u00edo. En la actualidad, un grupo de musulmanes radicales se inmola en Frankfurt dejando tras de s\u00ed un mensaje cr\u00edptico que pone en estado de alerta al Centro Antiterrorista de la Uni\u00f3n Europea, cuyos agentes, con la ayuda de los servicios secretos del Vaticano, intentar\u00e1n desvelar un enigma que une la intolerancia de la Inquisici\u00f3n, la sinraz\u00f3n fascista y el integrismo isl\u00e1mico en una frase: \u00abAlg\u00fan d\u00eda alguien vengar\u00e1 la sangre de los inocentes\u00bb. Un musulm\u00e1n captado por una c\u00e9lula terrorista, un jesuita experto en herej\u00edas, un conde franc\u00e9s obsesionado por una dram\u00e1tica herencia familiar, un hombre misterioso \u2014El Facilitador\u2014 que desde la sombra maneja los hilos del poder junto a una intr\u00e9pida joven de los servicios antiterroristas protagonizan este apasionante libro sobre la venganza y la traici\u00f3n, con el violento conflicto entre Oriente y Occidente como tel\u00f3n de fondo. En su novela m\u00e1s madura y ambiciosa, Julia Navarro sorprende con una vertiginosa aventura que nos transporta a lugares como Jerusal\u00e9n, Granada, Roma o Estambul, y que indaga en las causas del fanatismo religioso y la intolerancia a lo largo de los siglos.<\/p>\n","protected":false},"excerpt":{"rendered":"<p>Soy esp\u00eda y tengo miedo&#8230; As\u00ed empieza la cr\u00f3nica que escribe en el siglo XIII fray Juli\u00e1n sobre el cruel asedio a Monts\u00e9gur y la lucha entre c\u00e1taros y cat\u00f3licos. Siglos despu\u00e9s, en 1939, un medievalista agn\u00f3stico emprende un peligroso viaje por el Berl\u00edn nazi en busca de su esposa de origen jud\u00edo. En la [&hellip;]<\/p>\n","protected":false},"featured_media":11677,"template":"","meta":[],"product_brand":[],"product_cat":[25],"product_tag":[54,52,1561,55],"class_list":{"0":"post-11674","1":"product","2":"type-product","3":"status-publish","4":"has-post-thumbnail","6":"product_cat-libros-digitales-ebooks","7":"product_tag-descargar-ebook","8":"product_tag-julia-navarro","9":"product_tag-la-sangre-de-los-inocentes","10":"product_tag-novelas","12":"first","13":"instock","14":"shipping-taxable","15":"purchasable","16":"product-type-variable","17":"has-default-attributes"},"_links":{"self":[{"href":"https:\/\/www.taller-palabras.com\/WordPress_04\/wp-json\/wp\/v2\/product\/11674","targetHints":{"allow":["GET"]}}],"collection":[{"href":"https:\/\/www.taller-palabras.com\/WordPress_04\/wp-json\/wp\/v2\/product"}],"about":[{"href":"https:\/\/www.taller-palabras.com\/WordPress_04\/wp-json\/wp\/v2\/types\/product"}],"wp:featuredmedia":[{"embeddable":true,"href":"https:\/\/www.taller-palabras.com\/WordPress_04\/wp-json\/wp\/v2\/media\/11677"}],"wp:attachment":[{"href":"https:\/\/www.taller-palabras.com\/WordPress_04\/wp-json\/wp\/v2\/media?parent=11674"}],"wp:term":[{"taxonomy":"product_brand","embeddable":true,"href":"https:\/\/www.taller-palabras.com\/WordPress_04\/wp-json\/wp\/v2\/product_brand?post=11674"},{"taxonomy":"product_cat","embeddable":true,"href":"https:\/\/www.taller-palabras.com\/WordPress_04\/wp-json\/wp\/v2\/product_cat?post=11674"},{"taxonomy":"product_tag","embeddable":true,"href":"https:\/\/www.taller-palabras.com\/WordPress_04\/wp-json\/wp\/v2\/product_tag?post=11674"}],"curies":[{"name":"wp","href":"https:\/\/api.w.org\/{rel}","templated":true}]}}