{"id":11698,"date":"2024-06-15T13:40:19","date_gmt":"2024-06-15T16:40:19","guid":{"rendered":"https:\/\/www.taller-palabras.com\/WordPress_04\/?post_type=product&#038;p=11698"},"modified":"2025-11-08T10:18:54","modified_gmt":"2025-11-08T13:18:54","slug":"el-mercader-de-venecia-william-shakespeare-ebook","status":"publish","type":"product","link":"https:\/\/www.taller-palabras.com\/WordPress_04\/producto\/el-mercader-de-venecia-william-shakespeare-ebook","title":{"rendered":"El mercader de Venecia &#8211; William Shakespeare  \/ebook"},"content":{"rendered":"<p>&nbsp;<\/p>\n<figure id=\"attachment_4083\" aria-describedby=\"caption-attachment-4083\" style=\"width: 150px\" class=\"wp-caption alignleft\"><img loading=\"lazy\" decoding=\"async\" class=\"wp-image-4083 size-thumbnail\" src=\"https:\/\/www.taller-palabras.com\/WordPress_04\/wp-content\/uploads\/2021\/08\/WilliamS-150x150.jpg\" alt=\"\" width=\"150\" height=\"150\" srcset=\"https:\/\/www.taller-palabras.com\/WordPress_04\/wp-content\/uploads\/2021\/08\/WilliamS-150x150.jpg 150w, https:\/\/www.taller-palabras.com\/WordPress_04\/wp-content\/uploads\/2021\/08\/WilliamS-100x100.jpg 100w\" sizes=\"auto, (max-width: 150px) 100vw, 150px\" \/><figcaption id=\"caption-attachment-4083\" class=\"wp-caption-text\">Autor William Shakespeare<\/figcaption><\/figure>\n<p>El mercader de Venecia y Como gust\u00e9is pertenecen al grupo de las llamadas \u00abcomedias rom\u00e1nticas\u00bb de William Shakespeare. En ellas, con el amor como motor principal de la acci\u00f3n, los protagonistas alcanzan la soluci\u00f3n feliz en un mundo alternativo de fantas\u00eda \u2014Belmont, en El mercader de Venecia y el bosque de Arden en Como gust\u00e9is\u2014, no sin antes haber tenido que enfrentarse a obst\u00e1culos materiales y humanos, estos \u00faltimos personificados en seres antic\u00f3micos o malvados \u2014Shylock y Jaime\u2014. Pero la variedad de tonos de estas comedias no permite encerrarlas en una sola f\u00f3rmula dram\u00e1tica. El traductor y preparador de esta edici\u00f3n, \u00c1ngel-Luis Pujante, nos previene en su Introducci\u00f3n contra cualquier lectura simplista de estas obras, desvelando las iron\u00edas, ambig\u00fcedades y sutilezas de El mercader de Venecia, as\u00ed como el car\u00e1cter anticonvencional de Como gust\u00e9is, en la que, a trav\u00e9s de un excelente ejercicio literario, Shakespeare expresa con gran sabidur\u00eda la teatralidad de la vida.<\/p>\n","protected":false},"excerpt":{"rendered":"<p>&nbsp; El mercader de Venecia y Como gust\u00e9is pertenecen al grupo de las llamadas \u00abcomedias rom\u00e1nticas\u00bb de William Shakespeare. En ellas, con el amor como motor principal de la acci\u00f3n, los protagonistas alcanzan la soluci\u00f3n feliz en un mundo alternativo de fantas\u00eda \u2014Belmont, en El mercader de Venecia y el bosque de Arden en Como [&hellip;]<\/p>\n","protected":false},"featured_media":11701,"template":"","meta":[],"product_brand":[],"product_cat":[25],"product_tag":[54,1565,45,522],"class_list":{"0":"post-11698","1":"product","2":"type-product","3":"status-publish","4":"has-post-thumbnail","6":"product_cat-libros-digitales-ebooks","7":"product_tag-descargar-ebook","8":"product_tag-el-mercader-de-venecia","9":"product_tag-mejor-novela","10":"product_tag-william-shakespeare","12":"first","13":"instock","14":"shipping-taxable","15":"purchasable","16":"product-type-variable","17":"has-default-attributes"},"_links":{"self":[{"href":"https:\/\/www.taller-palabras.com\/WordPress_04\/wp-json\/wp\/v2\/product\/11698","targetHints":{"allow":["GET"]}}],"collection":[{"href":"https:\/\/www.taller-palabras.com\/WordPress_04\/wp-json\/wp\/v2\/product"}],"about":[{"href":"https:\/\/www.taller-palabras.com\/WordPress_04\/wp-json\/wp\/v2\/types\/product"}],"wp:featuredmedia":[{"embeddable":true,"href":"https:\/\/www.taller-palabras.com\/WordPress_04\/wp-json\/wp\/v2\/media\/11701"}],"wp:attachment":[{"href":"https:\/\/www.taller-palabras.com\/WordPress_04\/wp-json\/wp\/v2\/media?parent=11698"}],"wp:term":[{"taxonomy":"product_brand","embeddable":true,"href":"https:\/\/www.taller-palabras.com\/WordPress_04\/wp-json\/wp\/v2\/product_brand?post=11698"},{"taxonomy":"product_cat","embeddable":true,"href":"https:\/\/www.taller-palabras.com\/WordPress_04\/wp-json\/wp\/v2\/product_cat?post=11698"},{"taxonomy":"product_tag","embeddable":true,"href":"https:\/\/www.taller-palabras.com\/WordPress_04\/wp-json\/wp\/v2\/product_tag?post=11698"}],"curies":[{"name":"wp","href":"https:\/\/api.w.org\/{rel}","templated":true}]}}