{"id":11711,"date":"2022-04-24T13:09:29","date_gmt":"2022-04-24T16:09:29","guid":{"rendered":"https:\/\/www.taller-palabras.com\/WordPress_04\/?post_type=product&#038;p=11711"},"modified":"2025-11-08T11:49:37","modified_gmt":"2025-11-08T14:49:37","slug":"las-cosas-que-perdimos-en-el-fuego-mariana-enriquez-ebook","status":"publish","type":"product","link":"https:\/\/www.taller-palabras.com\/WordPress_04\/producto\/las-cosas-que-perdimos-en-el-fuego-mariana-enriquez-ebook","title":{"rendered":"Las cosas que perdimos en el fuego &#8211; Mariana Enriquez \/ebook"},"content":{"rendered":"<figure id=\"attachment_5547\" aria-describedby=\"caption-attachment-5547\" style=\"width: 150px\" class=\"wp-caption alignleft\"><img loading=\"lazy\" decoding=\"async\" class=\"wp-image-5547 size-thumbnail\" src=\"https:\/\/www.taller-palabras.com\/WordPress_04\/wp-content\/uploads\/2022\/04\/Mariana-Enriquez-150x150.jpg\" alt=\"\" width=\"150\" height=\"150\" srcset=\"https:\/\/www.taller-palabras.com\/WordPress_04\/wp-content\/uploads\/2022\/04\/Mariana-Enriquez-150x150.jpg 150w, https:\/\/www.taller-palabras.com\/WordPress_04\/wp-content\/uploads\/2022\/04\/Mariana-Enriquez-100x100.jpg 100w, https:\/\/www.taller-palabras.com\/WordPress_04\/wp-content\/uploads\/2022\/04\/Mariana-Enriquez.jpg 225w\" sizes=\"auto, (max-width: 150px) 100vw, 150px\" \/><figcaption id=\"caption-attachment-5547\" class=\"wp-caption-text\">Autora Mariana Enriquez<\/figcaption><\/figure>\n<p>En estos once cuentos el lector se ve obligado a olvidarse de s\u00ed mismo para seguir las peripecias e investigaciones de cuerpos que desaparecen o bien reaparecen en el momento menos esperado. Ya sea una trabajadora social, una polic\u00eda o un gu\u00eda tur\u00edstico, los protagonistas luchan por apadrinar a seres socialmente invisibles, indagando as\u00ed en el peso de la culpa, la compasi\u00f3n, la crueldad, las dificultades de la convivencia, y en un terror tan hondo como veros\u00edmil. Con la cotidianidad hecha pesadilla, el lector se despierta abatido, perturbado por historias e im\u00e1genes que jam\u00e1s conseguir\u00e1 sacarse de la cabeza. Las autodenominadas \u00abmujeres ardientes\u00bb, que protestan contra una forma extrema de violencia dom\u00e9stica que se ha vuelto viral; una estudiante que se arranca las u\u00f1as y las pesta\u00f1as, y otra que intenta ayudarla; los a\u00f1os de apagones dictados por el gobierno durante los cuales se intoxican tres amigas que lo ser\u00e1n hasta que la muerte las separe; el famoso asesino en serie llamado Petiso Orejudo, que solo ten\u00eda nueve a\u00f1os; hikikomori, magia negra, los celos, el desamor, supersticiones rurales, edificios abandonados o encantados\u2026 Mariana Enriquez es una de las narradoras m\u00e1s valientes y sorprendentes del siglo XXI, no solo de la nueva literatura argentina a cargo de escritores nacidos durante la dictadura sino de la literatura de cualquier pa\u00eds o lengua. Transforma g\u00e9neros literarios en recursos narrativos, desde la novela negra hasta el realismo sucio, pasando por el terror, la cr\u00f3nica y el humor, y ahonda con dolor y belleza en las ra\u00edces, las llamas y las tinieblas de toda existencia.<\/p>\n","protected":false},"excerpt":{"rendered":"<p>En estos once cuentos el lector se ve obligado a olvidarse de s\u00ed mismo para seguir las peripecias e investigaciones de cuerpos que desaparecen o bien reaparecen en el momento menos esperado. Ya sea una trabajadora social, una polic\u00eda o un gu\u00eda tur\u00edstico, los protagonistas luchan por apadrinar a seres socialmente invisibles, indagando as\u00ed en [&hellip;]<\/p>\n","protected":false},"featured_media":11719,"template":"","meta":[],"product_brand":[],"product_cat":[25],"product_tag":[54,1568,774,45],"class_list":{"0":"post-11711","1":"product","2":"type-product","3":"status-publish","4":"has-post-thumbnail","6":"product_cat-libros-digitales-ebooks","7":"product_tag-descargar-ebook","8":"product_tag-las-cosas-que-perdimos-en-el-fuego","9":"product_tag-mariana-enriquez","10":"product_tag-mejor-novela","12":"first","13":"instock","14":"shipping-taxable","15":"purchasable","16":"product-type-variable","17":"has-default-attributes"},"_links":{"self":[{"href":"https:\/\/www.taller-palabras.com\/WordPress_04\/wp-json\/wp\/v2\/product\/11711","targetHints":{"allow":["GET"]}}],"collection":[{"href":"https:\/\/www.taller-palabras.com\/WordPress_04\/wp-json\/wp\/v2\/product"}],"about":[{"href":"https:\/\/www.taller-palabras.com\/WordPress_04\/wp-json\/wp\/v2\/types\/product"}],"wp:featuredmedia":[{"embeddable":true,"href":"https:\/\/www.taller-palabras.com\/WordPress_04\/wp-json\/wp\/v2\/media\/11719"}],"wp:attachment":[{"href":"https:\/\/www.taller-palabras.com\/WordPress_04\/wp-json\/wp\/v2\/media?parent=11711"}],"wp:term":[{"taxonomy":"product_brand","embeddable":true,"href":"https:\/\/www.taller-palabras.com\/WordPress_04\/wp-json\/wp\/v2\/product_brand?post=11711"},{"taxonomy":"product_cat","embeddable":true,"href":"https:\/\/www.taller-palabras.com\/WordPress_04\/wp-json\/wp\/v2\/product_cat?post=11711"},{"taxonomy":"product_tag","embeddable":true,"href":"https:\/\/www.taller-palabras.com\/WordPress_04\/wp-json\/wp\/v2\/product_tag?post=11711"}],"curies":[{"name":"wp","href":"https:\/\/api.w.org\/{rel}","templated":true}]}}