{"id":11739,"date":"2020-11-30T15:25:56","date_gmt":"2020-11-30T18:25:56","guid":{"rendered":"https:\/\/www.taller-palabras.com\/WordPress_04\/?post_type=product&#038;p=11739"},"modified":"2025-11-14T11:31:29","modified_gmt":"2025-11-14T14:31:29","slug":"bartleby-y-compania-enrique-vila-matas-ebook","status":"publish","type":"product","link":"https:\/\/www.taller-palabras.com\/WordPress_04\/producto\/bartleby-y-compania-enrique-vila-matas-ebook","title":{"rendered":"Bartleby y compa\u00f1\u00eda &#8211; Enrique Vila-Matas \/ebook"},"content":{"rendered":"<figure id=\"attachment_2803\" aria-describedby=\"caption-attachment-2803\" style=\"width: 150px\" class=\"wp-caption alignleft\"><img loading=\"lazy\" decoding=\"async\" class=\"wp-image-2803 size-thumbnail\" src=\"https:\/\/www.taller-palabras.com\/WordPress_04\/wp-content\/uploads\/2020\/11\/EnriqueVilaMatas-150x150.jpg\" alt=\"\" width=\"150\" height=\"150\" srcset=\"https:\/\/www.taller-palabras.com\/WordPress_04\/wp-content\/uploads\/2020\/11\/EnriqueVilaMatas-150x150.jpg 150w, https:\/\/www.taller-palabras.com\/WordPress_04\/wp-content\/uploads\/2020\/11\/EnriqueVilaMatas-100x100.jpg 100w\" sizes=\"auto, (max-width: 150px) 100vw, 150px\" \/><figcaption id=\"caption-attachment-2803\" class=\"wp-caption-text\">Autor Enrique Vilas-Matas<\/figcaption><\/figure>\n<p>\u00abSe\u00f1or Rulfo, \u00bfpor qu\u00e9 lleva tantos a\u00f1os sin escribir nada?\u00bb \u00abEs que se me muri\u00f3 el t\u00edo Celerino, que era el que me contaba las historias.\u00bb Este libro habla de los que dejan de escribir (Rulfo, Rimbaud, Salinger\u2026) e indaga en los motivos de cada uno para preferir no hacerlo. Todos conocemos a los bartlebys, son esos seres en los que habita una profunda negaci\u00f3n del mundo. Toman su nombre del escribiente Bartleby, ese oficinista de un relato de Herman Melville que, cuando se le encargaba un trabajo o se le ped\u00eda que contara algo sobre su vida, respond\u00eda siempre, indefectiblemente diciendo: \u00abPreferir\u00eda no hacerlo.\u00bb En Bartleby y compa\u00f1\u00eda se habla del mal end\u00e9mico de las letras contempor\u00e1neas, de la pulsi\u00f3n negativa o atracci\u00f3n por la nada. El narrador del libro, que est\u00e1 escribiendo un diario que al mismo tiempo es un cuaderno de notas a pie de p\u00e1gina que comentan un texto invisible, demuestra su amplia solvencia como rastreador de bartlebys al pasear por el Laberinto del No, por los caminos de la que considera la m\u00e1s perturbadora y atractiva tendencia de las literaturas contempor\u00e1neas, tendencia en la que ve el \u00fanico camino que queda abierto a la aut\u00e9ntica creaci\u00f3n literaria, pues para \u00e9l s\u00f3lo de la pulsi\u00f3n negativa, del rechazo, s\u00f3lo del Laberinto l\u00facido del No puede surgir la escritura por venir.<\/p>\n","protected":false},"excerpt":{"rendered":"<p>\u00abSe\u00f1or Rulfo, \u00bfpor qu\u00e9 lleva tantos a\u00f1os sin escribir nada?\u00bb \u00abEs que se me muri\u00f3 el t\u00edo Celerino, que era el que me contaba las historias.\u00bb Este libro habla de los que dejan de escribir (Rulfo, Rimbaud, Salinger\u2026) e indaga en los motivos de cada uno para preferir no hacerlo. Todos conocemos a los bartlebys, [&hellip;]<\/p>\n","protected":false},"featured_media":11742,"template":"","meta":[],"product_brand":[],"product_cat":[25],"product_tag":[1574,54,334,225],"class_list":{"0":"post-11739","1":"product","2":"type-product","3":"status-publish","4":"has-post-thumbnail","6":"product_cat-libros-digitales-ebooks","7":"product_tag-bartleby-y-compania","8":"product_tag-descargar-ebook","9":"product_tag-enrique-vila-matas","10":"product_tag-mejores-novelas","12":"first","13":"instock","14":"shipping-taxable","15":"purchasable","16":"product-type-variable","17":"has-default-attributes"},"_links":{"self":[{"href":"https:\/\/www.taller-palabras.com\/WordPress_04\/wp-json\/wp\/v2\/product\/11739","targetHints":{"allow":["GET"]}}],"collection":[{"href":"https:\/\/www.taller-palabras.com\/WordPress_04\/wp-json\/wp\/v2\/product"}],"about":[{"href":"https:\/\/www.taller-palabras.com\/WordPress_04\/wp-json\/wp\/v2\/types\/product"}],"wp:featuredmedia":[{"embeddable":true,"href":"https:\/\/www.taller-palabras.com\/WordPress_04\/wp-json\/wp\/v2\/media\/11742"}],"wp:attachment":[{"href":"https:\/\/www.taller-palabras.com\/WordPress_04\/wp-json\/wp\/v2\/media?parent=11739"}],"wp:term":[{"taxonomy":"product_brand","embeddable":true,"href":"https:\/\/www.taller-palabras.com\/WordPress_04\/wp-json\/wp\/v2\/product_brand?post=11739"},{"taxonomy":"product_cat","embeddable":true,"href":"https:\/\/www.taller-palabras.com\/WordPress_04\/wp-json\/wp\/v2\/product_cat?post=11739"},{"taxonomy":"product_tag","embeddable":true,"href":"https:\/\/www.taller-palabras.com\/WordPress_04\/wp-json\/wp\/v2\/product_tag?post=11739"}],"curies":[{"name":"wp","href":"https:\/\/api.w.org\/{rel}","templated":true}]}}