{"id":11748,"date":"2025-11-14T11:35:26","date_gmt":"2025-11-14T14:35:26","guid":{"rendered":"https:\/\/www.taller-palabras.com\/WordPress_04\/?post_type=product&#038;p=11748"},"modified":"2025-11-14T11:40:36","modified_gmt":"2025-11-14T14:40:36","slug":"la-trama-nupcial-jeffrey-eugenides-ebook","status":"publish","type":"product","link":"https:\/\/www.taller-palabras.com\/WordPress_04\/producto\/la-trama-nupcial-jeffrey-eugenides-ebook","title":{"rendered":"La trama nupcial &#8211; Jeffrey Eugenides \/ebook"},"content":{"rendered":"<figure id=\"attachment_11752\" aria-describedby=\"caption-attachment-11752\" style=\"width: 150px\" class=\"wp-caption alignleft\"><img loading=\"lazy\" decoding=\"async\" class=\"wp-image-11752 size-thumbnail\" src=\"https:\/\/www.taller-palabras.com\/WordPress_04\/wp-content\/uploads\/2025\/11\/Jeffrey-Eugenides-150x150.jpg\" alt=\"\" width=\"150\" height=\"150\" srcset=\"https:\/\/www.taller-palabras.com\/WordPress_04\/wp-content\/uploads\/2025\/11\/Jeffrey-Eugenides-150x150.jpg 150w, https:\/\/www.taller-palabras.com\/WordPress_04\/wp-content\/uploads\/2025\/11\/Jeffrey-Eugenides-100x100.jpg 100w, https:\/\/www.taller-palabras.com\/WordPress_04\/wp-content\/uploads\/2025\/11\/Jeffrey-Eugenides.jpg 283w\" sizes=\"auto, (max-width: 150px) 100vw, 150px\" \/><figcaption id=\"caption-attachment-11752\" class=\"wp-caption-text\">Autor Jeffrey Eugenides<\/figcaption><\/figure>\n<p>Estamos a principios de los a\u00f1os ochenta del siglo pasado. Madeleine Hanna, una rom\u00e1ntica incurable que est\u00e1 escribiendo su tesis sobre el amor en Jane Austen y George Eliot. Tambi\u00e9n ella se convertir\u00e1 en protagonista de una historia de amor apasionada, dolorosa e intensa. Porque en su vida aparecer\u00e1n dos hombres muy diferentes. Leonard Bankhead, solitario, carism\u00e1tico y brillante estudiante de ciencias, y Mitchell Grammaticus, estudiante de teolog\u00eda atormentado por las dudas. Una vez finalizada la universidad, el tri\u00e1ngulo se mantendr\u00e1, oblig\u00e1ndoles a enfrentarse con el final de la juventud y a reflexionar sobre el sentido \u00faltimo de la vida y la verdadera naturaleza del amor.<\/p>\n","protected":false},"excerpt":{"rendered":"<p>Estamos a principios de los a\u00f1os ochenta del siglo pasado. Madeleine Hanna, una rom\u00e1ntica incurable que est\u00e1 escribiendo su tesis sobre el amor en Jane Austen y George Eliot. Tambi\u00e9n ella se convertir\u00e1 en protagonista de una historia de amor apasionada, dolorosa e intensa. Porque en su vida aparecer\u00e1n dos hombres muy diferentes. Leonard Bankhead, [&hellip;]<\/p>\n","protected":false},"featured_media":11751,"template":"","meta":[],"product_brand":[],"product_cat":[25],"product_tag":[54,1575,1576,1184],"class_list":{"0":"post-11748","1":"product","2":"type-product","3":"status-publish","4":"has-post-thumbnail","6":"product_cat-libros-digitales-ebooks","7":"product_tag-descargar-ebook","8":"product_tag-jeffrey-eugenides","9":"product_tag-la-trama-nupcial","10":"product_tag-mejor-novelas","12":"first","13":"instock","14":"shipping-taxable","15":"purchasable","16":"product-type-variable","17":"has-default-attributes"},"_links":{"self":[{"href":"https:\/\/www.taller-palabras.com\/WordPress_04\/wp-json\/wp\/v2\/product\/11748","targetHints":{"allow":["GET"]}}],"collection":[{"href":"https:\/\/www.taller-palabras.com\/WordPress_04\/wp-json\/wp\/v2\/product"}],"about":[{"href":"https:\/\/www.taller-palabras.com\/WordPress_04\/wp-json\/wp\/v2\/types\/product"}],"wp:featuredmedia":[{"embeddable":true,"href":"https:\/\/www.taller-palabras.com\/WordPress_04\/wp-json\/wp\/v2\/media\/11751"}],"wp:attachment":[{"href":"https:\/\/www.taller-palabras.com\/WordPress_04\/wp-json\/wp\/v2\/media?parent=11748"}],"wp:term":[{"taxonomy":"product_brand","embeddable":true,"href":"https:\/\/www.taller-palabras.com\/WordPress_04\/wp-json\/wp\/v2\/product_brand?post=11748"},{"taxonomy":"product_cat","embeddable":true,"href":"https:\/\/www.taller-palabras.com\/WordPress_04\/wp-json\/wp\/v2\/product_cat?post=11748"},{"taxonomy":"product_tag","embeddable":true,"href":"https:\/\/www.taller-palabras.com\/WordPress_04\/wp-json\/wp\/v2\/product_tag?post=11748"}],"curies":[{"name":"wp","href":"https:\/\/api.w.org\/{rel}","templated":true}]}}