{"id":11768,"date":"2021-10-28T11:24:34","date_gmt":"2021-10-28T14:24:34","guid":{"rendered":"https:\/\/www.taller-palabras.com\/WordPress_04\/?post_type=product&#038;p=11768"},"modified":"2025-11-20T13:46:53","modified_gmt":"2025-11-20T16:46:53","slug":"el-misterio-del-tren-azul-agatha-christie-ebook","status":"publish","type":"product","link":"https:\/\/www.taller-palabras.com\/WordPress_04\/producto\/el-misterio-del-tren-azul-agatha-christie-ebook","title":{"rendered":"El misterio del tren azul &#8211; Agatha Christie \/ebook"},"content":{"rendered":"<figure id=\"attachment_2855\" aria-describedby=\"caption-attachment-2855\" style=\"width: 150px\" class=\"wp-caption alignleft\"><img loading=\"lazy\" decoding=\"async\" class=\"wp-image-2855 size-thumbnail\" src=\"https:\/\/www.taller-palabras.com\/WordPress_04\/wp-content\/uploads\/2020\/12\/Aghata_Christie-150x150.jpg\" alt=\"\" width=\"150\" height=\"150\" srcset=\"https:\/\/www.taller-palabras.com\/WordPress_04\/wp-content\/uploads\/2020\/12\/Aghata_Christie-150x150.jpg 150w, https:\/\/www.taller-palabras.com\/WordPress_04\/wp-content\/uploads\/2020\/12\/Aghata_Christie-100x100.jpg 100w\" sizes=\"auto, (max-width: 150px) 100vw, 150px\" \/><figcaption id=\"caption-attachment-2855\" class=\"wp-caption-text\">Autora Agatha Christie<\/figcaption><\/figure>\n<p>Cuando el lujoso Tren Azul llega a Niza, un guardia intenta despertar a Ruth Kettering para anunciarle su parada. Pero ella no despertar\u00e1 nunca m\u00e1s, ya que un disparo de gran calibre la ha matado, desfigurando sus rasgos hasta volverla casi irreconocible. Adem\u00e1s, sus valios\u00edsimos rub\u00edes han desaparecido. El principal sospechoso del crimen es el arruinado marido de la dama, Derek. Pero Poirot no est\u00e1 convencido, y decide hacer una reconstrucci\u00f3n de ese d\u00eda hasta llegar a la clave del asesinato&#8230;<\/p>\n","protected":false},"excerpt":{"rendered":"<p>Cuando el lujoso Tren Azul llega a Niza, un guardia intenta despertar a Ruth Kettering para anunciarle su parada. Pero ella no despertar\u00e1 nunca m\u00e1s, ya que un disparo de gran calibre la ha matado, desfigurando sus rasgos hasta volverla casi irreconocible. Adem\u00e1s, sus valios\u00edsimos rub\u00edes han desaparecido. El principal sospechoso del crimen es el [&hellip;]<\/p>\n","protected":false},"featured_media":11771,"template":"","meta":[],"product_brand":[],"product_cat":[25],"product_tag":[345,54,1578,45],"class_list":{"0":"post-11768","1":"product","2":"type-product","3":"status-publish","4":"has-post-thumbnail","6":"product_cat-libros-digitales-ebooks","7":"product_tag-agatha-christie","8":"product_tag-descargar-ebook","9":"product_tag-el-misterio-del-tren-azul","10":"product_tag-mejor-novela","12":"first","13":"instock","14":"shipping-taxable","15":"purchasable","16":"product-type-variable","17":"has-default-attributes"},"_links":{"self":[{"href":"https:\/\/www.taller-palabras.com\/WordPress_04\/wp-json\/wp\/v2\/product\/11768","targetHints":{"allow":["GET"]}}],"collection":[{"href":"https:\/\/www.taller-palabras.com\/WordPress_04\/wp-json\/wp\/v2\/product"}],"about":[{"href":"https:\/\/www.taller-palabras.com\/WordPress_04\/wp-json\/wp\/v2\/types\/product"}],"wp:featuredmedia":[{"embeddable":true,"href":"https:\/\/www.taller-palabras.com\/WordPress_04\/wp-json\/wp\/v2\/media\/11771"}],"wp:attachment":[{"href":"https:\/\/www.taller-palabras.com\/WordPress_04\/wp-json\/wp\/v2\/media?parent=11768"}],"wp:term":[{"taxonomy":"product_brand","embeddable":true,"href":"https:\/\/www.taller-palabras.com\/WordPress_04\/wp-json\/wp\/v2\/product_brand?post=11768"},{"taxonomy":"product_cat","embeddable":true,"href":"https:\/\/www.taller-palabras.com\/WordPress_04\/wp-json\/wp\/v2\/product_cat?post=11768"},{"taxonomy":"product_tag","embeddable":true,"href":"https:\/\/www.taller-palabras.com\/WordPress_04\/wp-json\/wp\/v2\/product_tag?post=11768"}],"curies":[{"name":"wp","href":"https:\/\/api.w.org\/{rel}","templated":true}]}}