{"id":11774,"date":"2021-11-26T10:23:29","date_gmt":"2021-11-26T13:23:29","guid":{"rendered":"https:\/\/www.taller-palabras.com\/WordPress_04\/?post_type=product&#038;p=11774"},"modified":"2025-11-20T14:08:50","modified_gmt":"2025-11-20T17:08:50","slug":"fortunata-y-jacinta-benito-perez-galdos-ebook","status":"publish","type":"product","link":"https:\/\/www.taller-palabras.com\/WordPress_04\/producto\/fortunata-y-jacinta-benito-perez-galdos-ebook","title":{"rendered":"Fortunata y Jacinta &#8211; Benito P\u00e9rez Gald\u00f3s \/ebook"},"content":{"rendered":"<figure id=\"attachment_4846\" aria-describedby=\"caption-attachment-4846\" style=\"width: 150px\" class=\"wp-caption alignleft\"><img loading=\"lazy\" decoding=\"async\" class=\"wp-image-4846 size-thumbnail\" src=\"https:\/\/www.taller-palabras.com\/WordPress_04\/wp-content\/uploads\/2021\/11\/Benito-Perez-Galdos-150x150.jpg\" alt=\"\" width=\"150\" height=\"150\" srcset=\"https:\/\/www.taller-palabras.com\/WordPress_04\/wp-content\/uploads\/2021\/11\/Benito-Perez-Galdos-150x150.jpg 150w, https:\/\/www.taller-palabras.com\/WordPress_04\/wp-content\/uploads\/2021\/11\/Benito-Perez-Galdos-100x100.jpg 100w\" sizes=\"auto, (max-width: 150px) 100vw, 150px\" \/><figcaption id=\"caption-attachment-4846\" class=\"wp-caption-text\">Autor Benito Perez Gald\u00f3s<\/figcaption><\/figure>\n<p>Publicada en 1887, cuando su autor ten\u00eda 44 a\u00f1os, se convirti\u00f3 r\u00e1pidamente en lo que ahora llamamos un Best Seller.<br \/>\nFortunata y Jacinta\u00a0de Benito P\u00e9rez Gald\u00f3s\u00a0se centra en el tri\u00e1ngulo amoroso entre Juanito Santa Cruz, su esposa Jacinta, y su amante de clase baja, Fortunata. La novela retrata la sociedad madrile\u00f1a de finales del siglo XIX, explorando el choque entre clases sociales, el papel de la mujer y la hipocres\u00eda de la burgues\u00eda a trav\u00e9s de la tormentosa relaci\u00f3n de los tres protagonistas.<\/p>\n<p><em>Fortunata y Jacinta<\/em>\u00a0es la obra m\u00e1xima de Benito P\u00e9rez Gald\u00f3s, sin duda uno de los primeros novelistas de nuestras letras. Es \u00e9sta una novela rica y densa como pocas, una composici\u00f3n polif\u00f3nica movida por mano maestra. La presente edici\u00f3n es fiel al texto de la primera, publicada en 1887, e incorpora las correcciones \u2014muy significativas\u2014 que el mismo autor realiz\u00f3 sobre las pruebas de imprenta. La introducci\u00f3n presta especial atenci\u00f3n a la imbricaci\u00f3n entre los acontecimientos hist\u00f3ricos de fondo y la peripecia personal de sus protagonistas.<br \/>\nLa novela est\u00e1 considerada la narraci\u00f3n m\u00e1s importante en lengua espa\u00f1ola despu\u00e9s del Quijote. Ninguna obra espa\u00f1ola de los siglos XIX y XX refleja mejor que \u00e9sta el momento en que la clase media, la burgues\u00eda, tomaba parte fundamental de la vida social y asum\u00eda el control pol\u00edtico de la naci\u00f3n, al tiempo que Madrid, protagonista indiscutible de la obra, adquir\u00eda el perfil de una urbe moderna.<\/p>\n<p>&nbsp;<\/p>\n","protected":false},"excerpt":{"rendered":"<p>Publicada en 1887, cuando su autor ten\u00eda 44 a\u00f1os, se convirti\u00f3 r\u00e1pidamente en lo que ahora llamamos un Best Seller. Fortunata y Jacinta\u00a0de Benito P\u00e9rez Gald\u00f3s\u00a0se centra en el tri\u00e1ngulo amoroso entre Juanito Santa Cruz, su esposa Jacinta, y su amante de clase baja, Fortunata. La novela retrata la sociedad madrile\u00f1a de finales del siglo [&hellip;]<\/p>\n","protected":false},"featured_media":11777,"template":"","meta":[],"product_brand":[],"product_cat":[25],"product_tag":[648,54,1579,308],"class_list":{"0":"post-11774","1":"product","2":"type-product","3":"status-publish","4":"has-post-thumbnail","6":"product_cat-libros-digitales-ebooks","7":"product_tag-benito-perez-galdos","8":"product_tag-descargar-ebook","9":"product_tag-fortunata-y-jacinta","10":"product_tag-mejores-novela","12":"first","13":"instock","14":"shipping-taxable","15":"purchasable","16":"product-type-variable","17":"has-default-attributes"},"_links":{"self":[{"href":"https:\/\/www.taller-palabras.com\/WordPress_04\/wp-json\/wp\/v2\/product\/11774","targetHints":{"allow":["GET"]}}],"collection":[{"href":"https:\/\/www.taller-palabras.com\/WordPress_04\/wp-json\/wp\/v2\/product"}],"about":[{"href":"https:\/\/www.taller-palabras.com\/WordPress_04\/wp-json\/wp\/v2\/types\/product"}],"wp:featuredmedia":[{"embeddable":true,"href":"https:\/\/www.taller-palabras.com\/WordPress_04\/wp-json\/wp\/v2\/media\/11777"}],"wp:attachment":[{"href":"https:\/\/www.taller-palabras.com\/WordPress_04\/wp-json\/wp\/v2\/media?parent=11774"}],"wp:term":[{"taxonomy":"product_brand","embeddable":true,"href":"https:\/\/www.taller-palabras.com\/WordPress_04\/wp-json\/wp\/v2\/product_brand?post=11774"},{"taxonomy":"product_cat","embeddable":true,"href":"https:\/\/www.taller-palabras.com\/WordPress_04\/wp-json\/wp\/v2\/product_cat?post=11774"},{"taxonomy":"product_tag","embeddable":true,"href":"https:\/\/www.taller-palabras.com\/WordPress_04\/wp-json\/wp\/v2\/product_tag?post=11774"}],"curies":[{"name":"wp","href":"https:\/\/api.w.org\/{rel}","templated":true}]}}