{"id":11780,"date":"2025-11-20T14:11:00","date_gmt":"2025-11-20T17:11:00","guid":{"rendered":"https:\/\/www.taller-palabras.com\/WordPress_04\/?post_type=product&#038;p=11780"},"modified":"2025-11-20T14:20:41","modified_gmt":"2025-11-20T17:20:41","slug":"la-palabra-del-mudo-solo-para-fumadores-julio-ramon-ribeyro-ebook","status":"publish","type":"product","link":"https:\/\/www.taller-palabras.com\/WordPress_04\/producto\/la-palabra-del-mudo-solo-para-fumadores-julio-ramon-ribeyro-ebook","title":{"rendered":"La palabra del mudo (Solo para fumadores) &#8211; Julio Ramon Ribeyro \/ebook"},"content":{"rendered":"<figure id=\"attachment_11784\" aria-describedby=\"caption-attachment-11784\" style=\"width: 150px\" class=\"wp-caption alignleft\"><img loading=\"lazy\" decoding=\"async\" class=\"wp-image-11784 size-thumbnail\" src=\"https:\/\/www.taller-palabras.com\/WordPress_04\/wp-content\/uploads\/2025\/11\/JulioRibeyro-150x150.jpg\" alt=\"\" width=\"150\" height=\"150\" srcset=\"https:\/\/www.taller-palabras.com\/WordPress_04\/wp-content\/uploads\/2025\/11\/JulioRibeyro-150x150.jpg 150w, https:\/\/www.taller-palabras.com\/WordPress_04\/wp-content\/uploads\/2025\/11\/JulioRibeyro-100x100.jpg 100w, https:\/\/www.taller-palabras.com\/WordPress_04\/wp-content\/uploads\/2025\/11\/JulioRibeyro.jpg 283w\" sizes=\"auto, (max-width: 150px) 100vw, 150px\" \/><figcaption id=\"caption-attachment-11784\" class=\"wp-caption-text\">Autor Julio Ram\u00f3n Ribeyro<\/figcaption><\/figure>\n<p>Los cuentos de Julio Ram\u00f3n Ribeyro, como \u00abSolo para fumadores\u00bb, a pesar de su versatilidad, configuran un mundo narrativo org\u00e1nico, personal\u00edsimo, en el que se al\u00edan el contenido profundamente humano de sus temas con una depurada t\u00e9cnica y un estilo di\u00e1fano y conciso. Circunscritos en sus comienzos a la peque\u00f1a clase media y a los marginados del medio urbano lime\u00f1o, sus relatos fueron cobrando amplitud y universalidad, para abarcar en definitiva al hombre de nuestra \u00e9poca, concretamente a cierto tipo de humanidad, producto de la urbe o del poblado, confrontada a situaciones l\u00edmite y que, incapaz de discernir entre lo real y lo ilusorio, entre lo posible o lo imposible, se ve condenada a un combate solitario y perdido de antemano. El tono por lo general sombr\u00edo y desencantado del mundo ribeyriano es atemperado, sin embargo, por el toque de fantas\u00eda y de humor que impregna muchos de sus relatos y le da ese car\u00e1cter inconfundible, ambivalente, mezcla de tragedia y comedia, como es en realidad la vida.<\/p>\n","protected":false},"excerpt":{"rendered":"<p>Los cuentos de Julio Ram\u00f3n Ribeyro, como \u00abSolo para fumadores\u00bb, a pesar de su versatilidad, configuran un mundo narrativo org\u00e1nico, personal\u00edsimo, en el que se al\u00edan el contenido profundamente humano de sus temas con una depurada t\u00e9cnica y un estilo di\u00e1fano y conciso. Circunscritos en sus comienzos a la peque\u00f1a clase media y a los [&hellip;]<\/p>\n","protected":false},"featured_media":11783,"template":"","meta":[],"product_brand":[],"product_cat":[25],"product_tag":[54,1580,1581,1184],"class_list":{"0":"post-11780","1":"product","2":"type-product","3":"status-publish","4":"has-post-thumbnail","6":"product_cat-libros-digitales-ebooks","7":"product_tag-descargar-ebook","8":"product_tag-julio-ramon-ribeyro","9":"product_tag-la-palabra-del-mudo","10":"product_tag-mejor-novelas","12":"first","13":"instock","14":"shipping-taxable","15":"purchasable","16":"product-type-variable","17":"has-default-attributes"},"_links":{"self":[{"href":"https:\/\/www.taller-palabras.com\/WordPress_04\/wp-json\/wp\/v2\/product\/11780","targetHints":{"allow":["GET"]}}],"collection":[{"href":"https:\/\/www.taller-palabras.com\/WordPress_04\/wp-json\/wp\/v2\/product"}],"about":[{"href":"https:\/\/www.taller-palabras.com\/WordPress_04\/wp-json\/wp\/v2\/types\/product"}],"wp:featuredmedia":[{"embeddable":true,"href":"https:\/\/www.taller-palabras.com\/WordPress_04\/wp-json\/wp\/v2\/media\/11783"}],"wp:attachment":[{"href":"https:\/\/www.taller-palabras.com\/WordPress_04\/wp-json\/wp\/v2\/media?parent=11780"}],"wp:term":[{"taxonomy":"product_brand","embeddable":true,"href":"https:\/\/www.taller-palabras.com\/WordPress_04\/wp-json\/wp\/v2\/product_brand?post=11780"},{"taxonomy":"product_cat","embeddable":true,"href":"https:\/\/www.taller-palabras.com\/WordPress_04\/wp-json\/wp\/v2\/product_cat?post=11780"},{"taxonomy":"product_tag","embeddable":true,"href":"https:\/\/www.taller-palabras.com\/WordPress_04\/wp-json\/wp\/v2\/product_tag?post=11780"}],"curies":[{"name":"wp","href":"https:\/\/api.w.org\/{rel}","templated":true}]}}