{"id":11787,"date":"2022-11-02T11:01:35","date_gmt":"2022-11-02T14:01:35","guid":{"rendered":"https:\/\/www.taller-palabras.com\/WordPress_04\/?post_type=product&#038;p=11787"},"modified":"2025-11-21T11:32:03","modified_gmt":"2025-11-21T14:32:03","slug":"poemas-emily-dickinson-ebook","status":"publish","type":"product","link":"https:\/\/www.taller-palabras.com\/WordPress_04\/producto\/poemas-emily-dickinson-ebook","title":{"rendered":"Poemas &#8211; Emily Dickinson  \/ebook"},"content":{"rendered":"<figure id=\"attachment_10832\" aria-describedby=\"caption-attachment-10832\" style=\"width: 150px\" class=\"wp-caption alignleft\"><img loading=\"lazy\" decoding=\"async\" class=\"wp-image-10832 size-thumbnail\" src=\"https:\/\/www.taller-palabras.com\/WordPress_04\/wp-content\/uploads\/2024\/11\/emily_dickinson-150x150.jpg\" alt=\"\" width=\"150\" height=\"150\" srcset=\"https:\/\/www.taller-palabras.com\/WordPress_04\/wp-content\/uploads\/2024\/11\/emily_dickinson-150x150.jpg 150w, https:\/\/www.taller-palabras.com\/WordPress_04\/wp-content\/uploads\/2024\/11\/emily_dickinson-100x100.jpg 100w, https:\/\/www.taller-palabras.com\/WordPress_04\/wp-content\/uploads\/2024\/11\/emily_dickinson.jpg 284w\" sizes=\"auto, (max-width: 150px) 100vw, 150px\" \/><figcaption id=\"caption-attachment-10832\" class=\"wp-caption-text\">Autora Emily Dickinson<\/figcaption><\/figure>\n<p>Enigm\u00e1tica y retra\u00edda, pero rebelde y tenaz, alejada de todos, y tambi\u00e9n de la tradici\u00f3n po\u00e9tica a la que le abocaba su tiempo, Emily Dickinson fue creando a lo largo de su vida una obra intimista y original, cristalina a la par que de profundidades insospechadas, en la que explora la mente y el alma humanas al tiempo que se interroga acerca de los sentimientos y la naturaleza, la vida y la inmortalidad. Dej\u00f3 a su muerte 1775 poemas, de los que s\u00f3lo public\u00f3 siete en vida. La gran escritora argentina Silvina Ocampo irrumpi\u00f3 en ese fr\u00e1gil universo al emprender lentamente, con la misma meticulosidad y pulcritud que la poeta norteamericana, la traducci\u00f3n de 596 poemas, que nos transmiten su estilo, inc\u00f3lume desde sus primeros versos, y nos llegan tan di\u00e1fanos como en el instante de su creaci\u00f3n.<\/p>\n","protected":false},"excerpt":{"rendered":"<p>Enigm\u00e1tica y retra\u00edda, pero rebelde y tenaz, alejada de todos, y tambi\u00e9n de la tradici\u00f3n po\u00e9tica a la que le abocaba su tiempo, Emily Dickinson fue creando a lo largo de su vida una obra intimista y original, cristalina a la par que de profundidades insospechadas, en la que explora la mente y el alma [&hellip;]<\/p>\n","protected":false},"featured_media":11790,"template":"","meta":[],"product_brand":[],"product_cat":[25],"product_tag":[1431,54,1430,45],"class_list":{"0":"post-11787","1":"product","2":"type-product","3":"status-publish","4":"has-post-thumbnail","6":"product_cat-libros-digitales-ebooks","7":"product_tag-60-poemas","8":"product_tag-descargar-ebook","9":"product_tag-emily-dickinson","10":"product_tag-mejor-novela","12":"first","13":"instock","14":"shipping-taxable","15":"purchasable","16":"product-type-variable","17":"has-default-attributes"},"_links":{"self":[{"href":"https:\/\/www.taller-palabras.com\/WordPress_04\/wp-json\/wp\/v2\/product\/11787","targetHints":{"allow":["GET"]}}],"collection":[{"href":"https:\/\/www.taller-palabras.com\/WordPress_04\/wp-json\/wp\/v2\/product"}],"about":[{"href":"https:\/\/www.taller-palabras.com\/WordPress_04\/wp-json\/wp\/v2\/types\/product"}],"wp:featuredmedia":[{"embeddable":true,"href":"https:\/\/www.taller-palabras.com\/WordPress_04\/wp-json\/wp\/v2\/media\/11790"}],"wp:attachment":[{"href":"https:\/\/www.taller-palabras.com\/WordPress_04\/wp-json\/wp\/v2\/media?parent=11787"}],"wp:term":[{"taxonomy":"product_brand","embeddable":true,"href":"https:\/\/www.taller-palabras.com\/WordPress_04\/wp-json\/wp\/v2\/product_brand?post=11787"},{"taxonomy":"product_cat","embeddable":true,"href":"https:\/\/www.taller-palabras.com\/WordPress_04\/wp-json\/wp\/v2\/product_cat?post=11787"},{"taxonomy":"product_tag","embeddable":true,"href":"https:\/\/www.taller-palabras.com\/WordPress_04\/wp-json\/wp\/v2\/product_tag?post=11787"}],"curies":[{"name":"wp","href":"https:\/\/api.w.org\/{rel}","templated":true}]}}