{"id":11801,"date":"2025-10-05T12:28:23","date_gmt":"2025-10-05T15:28:23","guid":{"rendered":"https:\/\/www.taller-palabras.com\/WordPress_04\/?post_type=product&#038;p=11801"},"modified":"2025-11-26T13:31:45","modified_gmt":"2025-11-26T16:31:45","slug":"apia-de-roma-viviana-rivero-ebook","status":"publish","type":"product","link":"https:\/\/www.taller-palabras.com\/WordPress_04\/producto\/apia-de-roma-viviana-rivero-ebook","title":{"rendered":"Apia de Roma &#8211; Viviana Rivero \/ebook"},"content":{"rendered":"<figure id=\"attachment_11649\" aria-describedby=\"caption-attachment-11649\" style=\"width: 150px\" class=\"wp-caption alignleft\"><img loading=\"lazy\" decoding=\"async\" class=\"wp-image-11649 size-thumbnail\" src=\"https:\/\/www.taller-palabras.com\/WordPress_04\/wp-content\/uploads\/2025\/10\/Viviana_Rivero-150x150.jpg\" alt=\"\" width=\"150\" height=\"150\" srcset=\"https:\/\/www.taller-palabras.com\/WordPress_04\/wp-content\/uploads\/2025\/10\/Viviana_Rivero-150x150.jpg 150w, https:\/\/www.taller-palabras.com\/WordPress_04\/wp-content\/uploads\/2025\/10\/Viviana_Rivero-100x100.jpg 100w, https:\/\/www.taller-palabras.com\/WordPress_04\/wp-content\/uploads\/2025\/10\/Viviana_Rivero.jpg 283w\" sizes=\"auto, (max-width: 150px) 100vw, 150px\" \/><figcaption id=\"caption-attachment-11649\" class=\"wp-caption-text\">Autora Viviana Rivero<\/figcaption><\/figure>\n<p>Apia P\u00f3pulus est\u00e1 a punto de perder a su madre. A pesar de su corta edad, conforme a las costumbres imperantes, contrae matrimonio con Salvio Sextus, un pr\u00f3spero comerciante de perlas de edad avanzada. En el Palatino, el barrio m\u00e1s encumbrado de la ciudad, la joven debe revestirse con una coraza para enfrentar la vida con alguien a quien no ama, cumplir con sus obligaciones de ama y defender su casa de las confabulaciones pol\u00edticas. Roma es un hervidero repleto de intrigas. Tras el asesinato de Julio C\u00e9sar en el Senado, Marco Antonio y Octavio, el futuro emperador, se disputan el poder. Los cr\u00edmenes est\u00e1n a la orden del d\u00eda y Salvio Sextus teme por su vida. Apia soporta con estoicismo la tiran\u00eda de su esposo y el ataque constante de Senecio, el hijo de este. Como si fuera poco, se ve forzada a aceptar los humillantes juegos de dominaci\u00f3n a los que, en su condici\u00f3n de mujer, la somete uno de los poderosos de la ciudad. Su \u00fanico apoyo es su fiel esclava Furnilla. Juntas forjar\u00e1n una alianza inquebrantable y luchar\u00e1n por abrirse camino en un medio hostil. Hasta que la aparici\u00f3n de Manius Marcio, un atractivo centuri\u00f3n, trastoca la vida de Apia y le permite descubrir sentimientos y sensaciones que jam\u00e1s hab\u00eda experimentado. A partir de ese momento tendr\u00e1 que hacer equilibrio entre dar rienda suelta a su apasionado romance y pelear su lugar en un mundo de negocios patriarcal y mis\u00f3gino.<\/p>\n","protected":false},"excerpt":{"rendered":"<p>Apia P\u00f3pulus est\u00e1 a punto de perder a su madre. A pesar de su corta edad, conforme a las costumbres imperantes, contrae matrimonio con Salvio Sextus, un pr\u00f3spero comerciante de perlas de edad avanzada. En el Palatino, el barrio m\u00e1s encumbrado de la ciudad, la joven debe revestirse con una coraza para enfrentar la vida [&hellip;]<\/p>\n","protected":false},"featured_media":11804,"template":"","meta":[],"product_brand":[],"product_cat":[25],"product_tag":[1582,54,1184,1555],"class_list":{"0":"post-11801","1":"product","2":"type-product","3":"status-publish","4":"has-post-thumbnail","6":"product_cat-libros-digitales-ebooks","7":"product_tag-apia-de-roma","8":"product_tag-descargar-ebook","9":"product_tag-mejor-novelas","10":"product_tag-viviana-rivero","12":"first","13":"instock","14":"shipping-taxable","15":"purchasable","16":"product-type-variable","17":"has-default-attributes"},"_links":{"self":[{"href":"https:\/\/www.taller-palabras.com\/WordPress_04\/wp-json\/wp\/v2\/product\/11801","targetHints":{"allow":["GET"]}}],"collection":[{"href":"https:\/\/www.taller-palabras.com\/WordPress_04\/wp-json\/wp\/v2\/product"}],"about":[{"href":"https:\/\/www.taller-palabras.com\/WordPress_04\/wp-json\/wp\/v2\/types\/product"}],"wp:featuredmedia":[{"embeddable":true,"href":"https:\/\/www.taller-palabras.com\/WordPress_04\/wp-json\/wp\/v2\/media\/11804"}],"wp:attachment":[{"href":"https:\/\/www.taller-palabras.com\/WordPress_04\/wp-json\/wp\/v2\/media?parent=11801"}],"wp:term":[{"taxonomy":"product_brand","embeddable":true,"href":"https:\/\/www.taller-palabras.com\/WordPress_04\/wp-json\/wp\/v2\/product_brand?post=11801"},{"taxonomy":"product_cat","embeddable":true,"href":"https:\/\/www.taller-palabras.com\/WordPress_04\/wp-json\/wp\/v2\/product_cat?post=11801"},{"taxonomy":"product_tag","embeddable":true,"href":"https:\/\/www.taller-palabras.com\/WordPress_04\/wp-json\/wp\/v2\/product_tag?post=11801"}],"curies":[{"name":"wp","href":"https:\/\/api.w.org\/{rel}","templated":true}]}}