{"id":11813,"date":"2025-11-28T09:47:19","date_gmt":"2025-11-28T12:47:19","guid":{"rendered":"https:\/\/www.taller-palabras.com\/WordPress_04\/?post_type=product&#038;p=11813"},"modified":"2025-11-28T10:03:02","modified_gmt":"2025-11-28T13:03:02","slug":"agamenon-esquilo-ebook","status":"publish","type":"product","link":"https:\/\/www.taller-palabras.com\/WordPress_04\/producto\/agamenon-esquilo-ebook","title":{"rendered":"Agamen\u00f3n &#8211; Esquilo \/ebook"},"content":{"rendered":"<figure id=\"attachment_11816\" aria-describedby=\"caption-attachment-11816\" style=\"width: 150px\" class=\"wp-caption alignleft\"><img loading=\"lazy\" decoding=\"async\" class=\"wp-image-11816 size-thumbnail\" src=\"https:\/\/www.taller-palabras.com\/WordPress_04\/wp-content\/uploads\/2025\/11\/esquilo-150x150.jpg\" alt=\"\" width=\"150\" height=\"150\" srcset=\"https:\/\/www.taller-palabras.com\/WordPress_04\/wp-content\/uploads\/2025\/11\/esquilo-150x150.jpg 150w, https:\/\/www.taller-palabras.com\/WordPress_04\/wp-content\/uploads\/2025\/11\/esquilo-100x100.jpg 100w, https:\/\/www.taller-palabras.com\/WordPress_04\/wp-content\/uploads\/2025\/11\/esquilo.jpg 283w\" sizes=\"auto, (max-width: 150px) 100vw, 150px\" \/><figcaption id=\"caption-attachment-11816\" class=\"wp-caption-text\">Autor Esquilo<\/figcaption><\/figure>\n<p>Agamen\u00f3n es la primera obra de la trilog\u00eda de la Orest\u00edada, que fue presentada en el a\u00f1o 458 a. C. por Esquilo y narra el regreso de Agamen\u00f3n, rey de Micenas (aunque se le llama rey de Argos, cuando Argos se refiere al Peloponeso y no a la ciudad de Argos), de la guerra de Troya s\u00f3lo para encontrar la muerte. Esper\u00e1ndole en casa est\u00e1 su esposa, Clitemnestra, quien ha planeado su muerte en venganza por el sacrificio de su hija, Ifigenia. M\u00e1s a\u00fan, durante los diez a\u00f1os que ha durado la ausencia de Agamen\u00f3n, Clitemnestra ha establecido una relaci\u00f3n ad\u00faltera con Egisto, primo de Agamen\u00f3n y descendiente de una rama desheredada de la familia, quien est\u00e1 decidido a recuperar el trono que cree que legalmente le pertenece.<\/p>\n","protected":false},"excerpt":{"rendered":"<p>Agamen\u00f3n es la primera obra de la trilog\u00eda de la Orest\u00edada, que fue presentada en el a\u00f1o 458 a. C. por Esquilo y narra el regreso de Agamen\u00f3n, rey de Micenas (aunque se le llama rey de Argos, cuando Argos se refiere al Peloponeso y no a la ciudad de Argos), de la guerra de [&hellip;]<\/p>\n","protected":false},"featured_media":11817,"template":"","meta":[],"product_brand":[],"product_cat":[25],"product_tag":[1585,54,1584,1184],"class_list":{"0":"post-11813","1":"product","2":"type-product","3":"status-publish","4":"has-post-thumbnail","6":"product_cat-libros-digitales-ebooks","7":"product_tag-agamenon","8":"product_tag-descargar-ebook","9":"product_tag-esquilo","10":"product_tag-mejor-novelas","12":"first","13":"instock","14":"shipping-taxable","15":"purchasable","16":"product-type-variable","17":"has-default-attributes"},"_links":{"self":[{"href":"https:\/\/www.taller-palabras.com\/WordPress_04\/wp-json\/wp\/v2\/product\/11813","targetHints":{"allow":["GET"]}}],"collection":[{"href":"https:\/\/www.taller-palabras.com\/WordPress_04\/wp-json\/wp\/v2\/product"}],"about":[{"href":"https:\/\/www.taller-palabras.com\/WordPress_04\/wp-json\/wp\/v2\/types\/product"}],"wp:featuredmedia":[{"embeddable":true,"href":"https:\/\/www.taller-palabras.com\/WordPress_04\/wp-json\/wp\/v2\/media\/11817"}],"wp:attachment":[{"href":"https:\/\/www.taller-palabras.com\/WordPress_04\/wp-json\/wp\/v2\/media?parent=11813"}],"wp:term":[{"taxonomy":"product_brand","embeddable":true,"href":"https:\/\/www.taller-palabras.com\/WordPress_04\/wp-json\/wp\/v2\/product_brand?post=11813"},{"taxonomy":"product_cat","embeddable":true,"href":"https:\/\/www.taller-palabras.com\/WordPress_04\/wp-json\/wp\/v2\/product_cat?post=11813"},{"taxonomy":"product_tag","embeddable":true,"href":"https:\/\/www.taller-palabras.com\/WordPress_04\/wp-json\/wp\/v2\/product_tag?post=11813"}],"curies":[{"name":"wp","href":"https:\/\/api.w.org\/{rel}","templated":true}]}}