{"id":11828,"date":"2025-11-28T10:13:09","date_gmt":"2025-11-28T13:13:09","guid":{"rendered":"https:\/\/www.taller-palabras.com\/WordPress_04\/?post_type=product&#038;p=11828"},"modified":"2025-11-28T10:18:52","modified_gmt":"2025-11-28T13:18:52","slug":"perdida-gillian-flynn-ebook","status":"publish","type":"product","link":"https:\/\/www.taller-palabras.com\/WordPress_04\/producto\/perdida-gillian-flynn-ebook","title":{"rendered":"Perdida &#8211; Gillian Flynn \/ebook"},"content":{"rendered":"<figure id=\"attachment_11831\" aria-describedby=\"caption-attachment-11831\" style=\"width: 150px\" class=\"wp-caption alignleft\"><img loading=\"lazy\" decoding=\"async\" class=\"wp-image-11831 size-thumbnail\" src=\"https:\/\/www.taller-palabras.com\/WordPress_04\/wp-content\/uploads\/2025\/11\/Gillian-Flynn-150x150.jpg\" alt=\"\" width=\"150\" height=\"150\" srcset=\"https:\/\/www.taller-palabras.com\/WordPress_04\/wp-content\/uploads\/2025\/11\/Gillian-Flynn-150x150.jpg 150w, https:\/\/www.taller-palabras.com\/WordPress_04\/wp-content\/uploads\/2025\/11\/Gillian-Flynn-100x100.jpg 100w, https:\/\/www.taller-palabras.com\/WordPress_04\/wp-content\/uploads\/2025\/11\/Gillian-Flynn.jpg 283w\" sizes=\"auto, (max-width: 150px) 100vw, 150px\" \/><figcaption id=\"caption-attachment-11831\" class=\"wp-caption-text\">Autora Gillian Flynn<\/figcaption><\/figure>\n<p>En un caluroso d\u00eda de verano, Amy y Nick se disponen a celebrar su quinto aniversario de bodas en North Carthage, a orillas del r\u00edo Mississippi. Pero Amy desaparece esa misma ma\u00f1ana sin dejar rastro. A medida que la investigaci\u00f3n policial avanza las sospechas recaen sobre Nick. Sin embargo, Nick insiste en su inocencia. Es cierto que se muestra extra\u00f1amente evasivo y fr\u00edo, pero \u00bfes un asesino? Perdida arranca como todo buen thriller que se precie: una mujer desaparecida, una investigaci\u00f3n policial\u2026 Pero es que Perdida no es solo un buen thriller. Es una obra maestra. Un thriller psicol\u00f3gico brillante con una trama tan apasionante y giros tan inesperados que es absolutamente imposible parar de leer. Perdida es tambi\u00e9n una novela sobre el lado m\u00e1s oscuro del matrimonio, sobre los enga\u00f1os, las decepciones, la obsesi\u00f3n, el miedo. Una radiograf\u00eda completamente actual de los medios de comunicaci\u00f3n y su capacidad para modelar la opini\u00f3n p\u00fablica. Pero sobre todo es la historia de amor de dos personas perdidamente enamoradas.<\/p>\n","protected":false},"excerpt":{"rendered":"<p>En un caluroso d\u00eda de verano, Amy y Nick se disponen a celebrar su quinto aniversario de bodas en North Carthage, a orillas del r\u00edo Mississippi. Pero Amy desaparece esa misma ma\u00f1ana sin dejar rastro. A medida que la investigaci\u00f3n policial avanza las sospechas recaen sobre Nick. Sin embargo, Nick insiste en su inocencia. Es [&hellip;]<\/p>\n","protected":false},"featured_media":11834,"template":"","meta":[],"product_brand":[],"product_cat":[25],"product_tag":[54,1588,1184,1589],"class_list":{"0":"post-11828","1":"product","2":"type-product","3":"status-publish","4":"has-post-thumbnail","6":"product_cat-libros-digitales-ebooks","7":"product_tag-descargar-ebook","8":"product_tag-gillian-flynn","9":"product_tag-mejor-novelas","10":"product_tag-perdida","12":"first","13":"instock","14":"shipping-taxable","15":"purchasable","16":"product-type-variable","17":"has-default-attributes"},"_links":{"self":[{"href":"https:\/\/www.taller-palabras.com\/WordPress_04\/wp-json\/wp\/v2\/product\/11828","targetHints":{"allow":["GET"]}}],"collection":[{"href":"https:\/\/www.taller-palabras.com\/WordPress_04\/wp-json\/wp\/v2\/product"}],"about":[{"href":"https:\/\/www.taller-palabras.com\/WordPress_04\/wp-json\/wp\/v2\/types\/product"}],"wp:featuredmedia":[{"embeddable":true,"href":"https:\/\/www.taller-palabras.com\/WordPress_04\/wp-json\/wp\/v2\/media\/11834"}],"wp:attachment":[{"href":"https:\/\/www.taller-palabras.com\/WordPress_04\/wp-json\/wp\/v2\/media?parent=11828"}],"wp:term":[{"taxonomy":"product_brand","embeddable":true,"href":"https:\/\/www.taller-palabras.com\/WordPress_04\/wp-json\/wp\/v2\/product_brand?post=11828"},{"taxonomy":"product_cat","embeddable":true,"href":"https:\/\/www.taller-palabras.com\/WordPress_04\/wp-json\/wp\/v2\/product_cat?post=11828"},{"taxonomy":"product_tag","embeddable":true,"href":"https:\/\/www.taller-palabras.com\/WordPress_04\/wp-json\/wp\/v2\/product_tag?post=11828"}],"curies":[{"name":"wp","href":"https:\/\/api.w.org\/{rel}","templated":true}]}}