{"id":11850,"date":"2025-12-01T12:11:17","date_gmt":"2025-12-01T15:11:17","guid":{"rendered":"https:\/\/www.taller-palabras.com\/WordPress_04\/?post_type=product&#038;p=11850"},"modified":"2025-12-01T12:15:08","modified_gmt":"2025-12-01T15:15:08","slug":"los-perros-del-paraiso-abel-posse-ebook","status":"publish","type":"product","link":"https:\/\/www.taller-palabras.com\/WordPress_04\/producto\/los-perros-del-paraiso-abel-posse-ebook","title":{"rendered":"Los perros del para\u00edso &#8211; Abel Posse \/ebook"},"content":{"rendered":"<figure id=\"attachment_11855\" aria-describedby=\"caption-attachment-11855\" style=\"width: 150px\" class=\"wp-caption alignleft\"><img loading=\"lazy\" decoding=\"async\" class=\"wp-image-11855 size-thumbnail\" src=\"https:\/\/www.taller-palabras.com\/WordPress_04\/wp-content\/uploads\/2025\/12\/abel-posse-150x150.jpg\" alt=\"\" width=\"150\" height=\"150\" srcset=\"https:\/\/www.taller-palabras.com\/WordPress_04\/wp-content\/uploads\/2025\/12\/abel-posse-150x150.jpg 150w, https:\/\/www.taller-palabras.com\/WordPress_04\/wp-content\/uploads\/2025\/12\/abel-posse-100x100.jpg 100w, https:\/\/www.taller-palabras.com\/WordPress_04\/wp-content\/uploads\/2025\/12\/abel-posse.jpg 283w\" sizes=\"auto, (max-width: 150px) 100vw, 150px\" \/><figcaption id=\"caption-attachment-11855\" class=\"wp-caption-text\">Autor Abel Posse<\/figcaption><\/figure>\n<p>Los perros del para\u00edso constituye un viaje por la historia secreta del descubrimiento de Am\u00e9rica. Desde la ardiente pasi\u00f3n de Fernando e Isabel, que se adue\u00f1an de Espa\u00f1a en plena adolescencia, transformando el poder en diablura er\u00f3tica, hasta esa inici\u00e1tica &#8216;conspiraci\u00f3n del para\u00edso&#8217;, cuyo agente ser\u00e1 Col\u00f3n, realmente convencido de que Am\u00e9rica era la patria del expulsado Ad\u00e1n. Esta obra obtuvo el prestigioso Premio Internacional R\u00f3mulo Gallegos, m\u00e1ximo galard\u00f3n literario de Am\u00e9rica latina. Integra junto con Daim\u00f3n, El largo atardecer del caminante y Los heraldos negros la serie del descubrimiento de Am\u00e9rica. Mediante la recreaci\u00f3n fant\u00e1stica de la trascendental gesta de Col\u00f3n, que desemboc\u00f3 en la conquista y el saqueo del continente, Abel Posse indaga las ra\u00edces profundas de la identidad y el alma americanas con humor desenfadado y fina iron\u00eda. Esta fascinante novela reinterpreta la historia oficial del colonialismo europeo y, en la figura de Crist\u00f3bal Col\u00f3n, simboliza el idealismo y la ambici\u00f3n que signaron la conquista del continente americano.<\/p>\n","protected":false},"excerpt":{"rendered":"<p>Los perros del para\u00edso constituye un viaje por la historia secreta del descubrimiento de Am\u00e9rica. Desde la ardiente pasi\u00f3n de Fernando e Isabel, que se adue\u00f1an de Espa\u00f1a en plena adolescencia, transformando el poder en diablura er\u00f3tica, hasta esa inici\u00e1tica &#8216;conspiraci\u00f3n del para\u00edso&#8217;, cuyo agente ser\u00e1 Col\u00f3n, realmente convencido de que Am\u00e9rica era la patria [&hellip;]<\/p>\n","protected":false},"featured_media":11853,"template":"","meta":[],"product_brand":[],"product_cat":[25],"product_tag":[1592,54,1593,1184],"class_list":{"0":"post-11850","1":"product","2":"type-product","3":"status-publish","4":"has-post-thumbnail","6":"product_cat-libros-digitales-ebooks","7":"product_tag-abel-posse","8":"product_tag-descargar-ebook","9":"product_tag-los-perros-del-paraiso","10":"product_tag-mejor-novelas","12":"first","13":"instock","14":"shipping-taxable","15":"purchasable","16":"product-type-variable","17":"has-default-attributes"},"_links":{"self":[{"href":"https:\/\/www.taller-palabras.com\/WordPress_04\/wp-json\/wp\/v2\/product\/11850","targetHints":{"allow":["GET"]}}],"collection":[{"href":"https:\/\/www.taller-palabras.com\/WordPress_04\/wp-json\/wp\/v2\/product"}],"about":[{"href":"https:\/\/www.taller-palabras.com\/WordPress_04\/wp-json\/wp\/v2\/types\/product"}],"wp:featuredmedia":[{"embeddable":true,"href":"https:\/\/www.taller-palabras.com\/WordPress_04\/wp-json\/wp\/v2\/media\/11853"}],"wp:attachment":[{"href":"https:\/\/www.taller-palabras.com\/WordPress_04\/wp-json\/wp\/v2\/media?parent=11850"}],"wp:term":[{"taxonomy":"product_brand","embeddable":true,"href":"https:\/\/www.taller-palabras.com\/WordPress_04\/wp-json\/wp\/v2\/product_brand?post=11850"},{"taxonomy":"product_cat","embeddable":true,"href":"https:\/\/www.taller-palabras.com\/WordPress_04\/wp-json\/wp\/v2\/product_cat?post=11850"},{"taxonomy":"product_tag","embeddable":true,"href":"https:\/\/www.taller-palabras.com\/WordPress_04\/wp-json\/wp\/v2\/product_tag?post=11850"}],"curies":[{"name":"wp","href":"https:\/\/api.w.org\/{rel}","templated":true}]}}